{"id":180,"date":"2015-10-19T14:02:47","date_gmt":"2015-10-19T13:02:47","guid":{"rendered":"http:\/\/www.mfrance.fr\/neuf\/?page_id=180"},"modified":"2015-11-23T23:53:31","modified_gmt":"2015-11-23T22:53:31","slug":"accessoires-et-pieces-detachees-pour-futs","status":"publish","type":"page","link":"https:\/\/www.mfrance.fr\/neuf\/produits\/accessoires\/accessoires-et-pieces-detachees-pour-futs\/","title":{"rendered":"Accessoires et Pi\u00e8ces D\u00e9tach\u00e9es pour F\u00fbts"},"content":{"rendered":"<p>[et_pb_section admin_label=\u00a0\u00bbsection\u00a0\u00bb fullwidth=\u00a0\u00bbon\u00a0\u00bb specialty=\u00a0\u00bboff\u00a0\u00bb transparent_background=\u00a0\u00bboff\u00a0\u00bb background_color=\u00a0\u00bb#04235e\u00a0\u00bb allow_player_pause=\u00a0\u00bboff\u00a0\u00bb inner_shadow=\u00a0\u00bboff\u00a0\u00bb parallax=\u00a0\u00bboff\u00a0\u00bb parallax_method=\u00a0\u00bboff\u00a0\u00bb padding_mobile=\u00a0\u00bboff\u00a0\u00bb make_fullwidth=\u00a0\u00bboff\u00a0\u00bb use_custom_width=\u00a0\u00bboff\u00a0\u00bb width_unit=\u00a0\u00bbon\u00a0\u00bb make_equal=\u00a0\u00bboff\u00a0\u00bb use_custom_gutter=\u00a0\u00bboff\u00a0\u00bb][et_pb_fullwidth_header admin_label=\u00a0\u00bbEn-t\u00eate plein \u00e9cran\u00a0\u00bb title=\u00a0\u00bbAccessoires et Pi\u00e8ces D\u00e9tach\u00e9es pour F\u00fbts\u00a0\u00bb background_layout=\u00a0\u00bbdark\u00a0\u00bb text_orientation=\u00a0\u00bbleft\u00a0\u00bb header_fullscreen=\u00a0\u00bboff\u00a0\u00bb header_scroll_down=\u00a0\u00bboff\u00a0\u00bb parallax=\u00a0\u00bboff\u00a0\u00bb parallax_method=\u00a0\u00bboff\u00a0\u00bb content_orientation=\u00a0\u00bbcenter\u00a0\u00bb image_orientation=\u00a0\u00bbcenter\u00a0\u00bb custom_button_one=\u00a0\u00bboff\u00a0\u00bb button_one_letter_spacing=\u00a0\u00bb0&Prime; button_one_use_icon=\u00a0\u00bbdefault\u00a0\u00bb button_one_icon_placement=\u00a0\u00bbright\u00a0\u00bb button_one_on_hover=\u00a0\u00bbon\u00a0\u00bb button_one_letter_spacing_hover=\u00a0\u00bb0&Prime; custom_button_two=\u00a0\u00bboff\u00a0\u00bb button_two_letter_spacing=\u00a0\u00bb0&Prime; button_two_use_icon=\u00a0\u00bbdefault\u00a0\u00bb button_two_icon_placement=\u00a0\u00bbright\u00a0\u00bb button_two_on_hover=\u00a0\u00bbon\u00a0\u00bb button_two_letter_spacing_hover=\u00a0\u00bb0&Prime;]<\/p>\n<p>[\/et_pb_fullwidth_header][\/et_pb_section][et_pb_section admin_label=\u00a0\u00bbsection\u00a0\u00bb inner_shadow=\u00a0\u00bboff\u00a0\u00bb parallax=\u00a0\u00bboff\u00a0\u00bb][et_pb_row admin_label=\u00a0\u00bbLigne\u00a0\u00bb][et_pb_column type=\u00a0\u00bb1_4&Prime;][et_pb_sidebar admin_label=\u00a0\u00bbBarre lat\u00e9rale\u00a0\u00bb orientation=\u00a0\u00bbleft\u00a0\u00bb area=\u00a0\u00bbet_pb_widget_area_2&Prime; background_layout=\u00a0\u00bbdark\u00a0\u00bb remove_border=\u00a0\u00bboff\u00a0\u00bb module_class=\u00a0\u00bbmenu-vertical\u00a0\u00bb]<\/p>\n<p>[\/et_pb_sidebar][\/et_pb_column][et_pb_column type=\u00a0\u00bb3_4&Prime;][et_pb_text admin_label=\u00a0\u00bbTexte\u00a0\u00bb background_layout=\u00a0\u00bblight\u00a0\u00bb text_orientation=\u00a0\u00bbleft\u00a0\u00bb use_border_color=\u00a0\u00bboff\u00a0\u00bb border_color=\u00a0\u00bb#ffffff\u00a0\u00bb border_style=\u00a0\u00bbsolid\u00a0\u00bb module_class=\u00a0\u00bbtable-white\u00a0\u00bb]<\/p>\n<p><code><div class=\"supsystic-table-loader spinner\" ><\/div><div id=\"supsystic-table-6_4974\" class=\"supsystic-tables-wrap \" style=\" visibility: hidden; \" ><table id=\"supsystic-table-6\" class=\"supsystic-table border nowrap lightboxImg cell-border \" data-id=\"6\" data-view-id=\"6_4974\" data-title=\"Accessoires et Pi\u00e8ces D\u00e9tach\u00e9es pour F\u00fbts\" data-currency-format=\"$1,0.00\" data-percent-format=\"1.00%\" data-date-format=\"DD.MM.YYYY\" data-time-format=\"HH:mm\" data-features=\"[&quot;auto_width&quot;]\" data-lightbox-img=\"\" data-head=\"on\" data-lang=\"default\" data-override=\"{&quot;file&quot;:&quot;default&quot;,&quot;emptyTable&quot;:&quot;&quot;,&quot;info&quot;:&quot;&quot;,&quot;infoEmpty&quot;:&quot;&quot;,&quot;infoFiltered&quot;:&quot;&quot;,&quot;lengthMenu&quot;:&quot;&quot;,&quot;search&quot;:&quot;&quot;,&quot;zeroRecords&quot;:&quot;&quot;}\" data-merged=\"[]\" data-responsive-mode=\"1\" data-from-history=\"0\" ><thead><tr><th data-cell-id=\"A1\" data-x=\"0\" data-y=\"1\" class=\"color-ffffff bg-04245e\" data-original-value=\"\" data-order=\"\" ><\/th><th data-cell-id=\"B1\" data-x=\"1\" data-y=\"1\" class=\"color-ffffff bg-04245e bold\" data-original-value=\"Bouchons 2\u2019\u2019 pour F\u00fbts PE\" data-order=\"Bouchons 2\u2019\u2019 pour F\u00fbts PE\" > Bouchons 2\u2019\u2019 pour F\u00fbts PE <\/th><\/tr><\/thead><tbody><tr ><td data-cell-id=\"A2\" data-x=\"0\" data-y=\"2\" class=\"\" data-original-value=\"&lt;img src=&quot;http:\/\/www.mfrance.fr\/renove\/wp-content\/uploads\/sites\/3\/2015\/11\/Capture-d\u2019\u00e9cran-2015-11-03-\u00e0-10.54.39.png&quot;\/&gt;\" data-order=\"&lt;img src=&quot;http:\/\/www.mfrance.fr\/renove\/wp-content\/uploads\/sites\/3\/2015\/11\/Capture-d\u2019\u00e9cran-2015-11-03-\u00e0-10.54.39.png&quot;\/&gt;\" ><img decoding=\"async\" src=\"http:\/\/www.mfrance.fr\/renove\/wp-content\/uploads\/sites\/3\/2015\/11\/Capture-d\u2019\u00e9cran-2015-11-03-\u00e0-10.54.39.png\"\/><\/td><td data-cell-id=\"B2\" data-x=\"1\" data-y=\"2\" class=\"\" data-original-value=\"- Bouchon plein M2\u2019\u2019 &lt;\/br&gt;- Bouchon porte robinet M2\u2019\u2019 avec bonde \u00be \u2018\u2019 pour robinet &lt;\/br&gt;- Bouchon d\u00e9gazeur M2\u2019\" data-order=\"- Bouchon plein M2\u2019\u2019 &lt;\/br&gt;- Bouchon porte robinet M2\u2019\u2019 avec bonde \u00be \u2018\u2019 pour robinet &lt;\/br&gt;- Bouchon d\u00e9gazeur M2\u2019\" > - Bouchon plein M2\u2019\u2019 <\/br>- Bouchon porte robinet M2\u2019\u2019 avec bonde \u00be \u2018\u2019 pour robinet <\/br>- Bouchon d\u00e9gazeur M2\u2019 <\/td><\/tr><tr ><td data-cell-id=\"A3\" data-x=\"0\" data-y=\"3\" class=\"\" data-original-value=\"&lt;img src=&quot;http:\/\/www.mfrance.fr\/renove\/wp-content\/uploads\/sites\/3\/2015\/11\/Capture-d\u2019\u00e9cran-2015-11-03-\u00e0-10.54.50.png&quot;\/&gt;\" data-order=\"&lt;img src=&quot;http:\/\/www.mfrance.fr\/renove\/wp-content\/uploads\/sites\/3\/2015\/11\/Capture-d\u2019\u00e9cran-2015-11-03-\u00e0-10.54.50.png&quot;\/&gt;\" ><img decoding=\"async\" src=\"http:\/\/www.mfrance.fr\/renove\/wp-content\/uploads\/sites\/3\/2015\/11\/Capture-d\u2019\u00e9cran-2015-11-03-\u00e0-10.54.50.png\"\/><\/td><td data-cell-id=\"B3\" data-x=\"1\" data-y=\"3\" class=\"\" data-original-value=\"Robinets M\u00e2le \u00be\u2019\u2019 pas Gaz\" data-order=\"Robinets M\u00e2le \u00be\u2019\u2019 pas Gaz\" > Robinets M\u00e2le \u00be\u2019\u2019 pas Gaz <\/td><\/tr><tr ><td data-cell-id=\"A4\" data-x=\"0\" data-y=\"4\" class=\"\" data-original-value=\"&lt;img src=&quot;http:\/\/www.mfrance.fr\/renove\/wp-content\/uploads\/sites\/3\/2015\/11\/Capture-d\u2019\u00e9cran-2015-11-03-\u00e0-10.55.06.png&quot;\/&gt;\" data-order=\"&lt;img src=&quot;http:\/\/www.mfrance.fr\/renove\/wp-content\/uploads\/sites\/3\/2015\/11\/Capture-d\u2019\u00e9cran-2015-11-03-\u00e0-10.55.06.png&quot;\/&gt;\" ><img decoding=\"async\" src=\"http:\/\/www.mfrance.fr\/renove\/wp-content\/uploads\/sites\/3\/2015\/11\/Capture-d\u2019\u00e9cran-2015-11-03-\u00e0-10.55.06.png\"\/><\/td><td data-cell-id=\"B4\" data-x=\"1\" data-y=\"4\" class=\"\" data-original-value=\"-Robinet M\u00e2le 2\u2019\u2019 pas Gaz Gros d\u00e9bit &lt;\/br&gt;-Convertisseur de pas (pas gaz = Gros filet) Pour F\u00fbts PE\" data-order=\"-Robinet M\u00e2le 2\u2019\u2019 pas Gaz Gros d\u00e9bit &lt;\/br&gt;-Convertisseur de pas (pas gaz = Gros filet) Pour F\u00fbts PE\" > -Robinet M\u00e2le 2\u2019\u2019 pas Gaz Gros d\u00e9bit <\/br>-Convertisseur de pas (pas gaz = Gros filet) Pour F\u00fbts PE <\/td><\/tr><tr ><td data-cell-id=\"A5\" data-x=\"0\" data-y=\"5\" class=\"\" data-original-value=\"&lt;img src=&quot;http:\/\/www.mfrance.fr\/renove\/wp-content\/uploads\/sites\/3\/2015\/11\/Capture-d\u2019\u00e9cran-2015-11-03-\u00e0-10.55.14.png&quot;\/&gt;\" data-order=\"&lt;img src=&quot;http:\/\/www.mfrance.fr\/renove\/wp-content\/uploads\/sites\/3\/2015\/11\/Capture-d\u2019\u00e9cran-2015-11-03-\u00e0-10.55.14.png&quot;\/&gt;\" ><img decoding=\"async\" src=\"http:\/\/www.mfrance.fr\/renove\/wp-content\/uploads\/sites\/3\/2015\/11\/Capture-d\u2019\u00e9cran-2015-11-03-\u00e0-10.55.14.png\"\/><\/td><td data-cell-id=\"B5\" data-x=\"1\" data-y=\"5\" class=\"\" data-original-value=\"Pompe Vide F\u00fbt\" data-order=\"Pompe Vide F\u00fbt\" > Pompe Vide F\u00fbt <\/td><\/tr><tr style=\"height: 33px\" ><td data-cell-id=\"A6\" data-x=\"0\" data-y=\"6\" class=\"bg-04245e\" data-original-value=\"\" data-order=\"\" ><\/td><td data-cell-id=\"B6\" data-x=\"1\" data-y=\"6\" class=\"color-ffffff bg-04245e bold\" data-original-value=\"Capsules M\u00e9talliques \u00e0 sertir\" data-order=\"Capsules M\u00e9talliques \u00e0 sertir\" > Capsules M\u00e9talliques \u00e0 sertir <\/td><\/tr><tr ><td data-cell-id=\"A7\" data-x=\"0\" data-y=\"7\" class=\"\" data-original-value=\"&lt;img src=&quot;http:\/\/www.mfrance.fr\/renove\/wp-content\/uploads\/sites\/3\/2015\/11\/Capture-d\u2019\u00e9cran-2015-11-03-\u00e0-10.55.25-e1448319313869.png&quot;\/&gt;\" data-order=\"&lt;img src=&quot;http:\/\/www.mfrance.fr\/renove\/wp-content\/uploads\/sites\/3\/2015\/11\/Capture-d\u2019\u00e9cran-2015-11-03-\u00e0-10.55.25-e1448319313869.png&quot;\/&gt;\" ><img decoding=\"async\" src=\"http:\/\/www.mfrance.fr\/renove\/wp-content\/uploads\/sites\/3\/2015\/11\/Capture-d\u2019\u00e9cran-2015-11-03-\u00e0-10.55.25-e1448319313869.png\"\/><\/td><td data-cell-id=\"B7\" data-x=\"1\" data-y=\"7\" class=\"\" data-original-value=\"- Blanches 2\u2019\u2019 OU \u00be\u2019\u2019 &lt;\/br&gt;- Rouges 2\u2019\u2019 OU \u00be\u2019\u2019 &lt;\/br&gt;- Jaune 2\u2019\u2019 OU \u00be\u2019\u2019\" data-order=\"- Blanches 2\u2019\u2019 OU \u00be\u2019\u2019 &lt;\/br&gt;- Rouges 2\u2019\u2019 OU \u00be\u2019\u2019 &lt;\/br&gt;- Jaune 2\u2019\u2019 OU \u00be\u2019\u2019\" > - Blanches 2\u2019\u2019 OU \u00be\u2019\u2019 <\/br>- Rouges 2\u2019\u2019 OU \u00be\u2019\u2019 <\/br>- Jaune 2\u2019\u2019 OU \u00be\u2019\u2019 <\/td><\/tr><tr ><td data-cell-id=\"A8\" data-x=\"0\" data-y=\"8\" class=\"bg-04245e\" data-original-value=\"\" data-order=\"\" ><\/td><td data-cell-id=\"B8\" data-x=\"1\" data-y=\"8\" class=\"bg-04245e color-ffffff bold\" data-original-value=\"Capsules plastique \u00e0 sertir\" data-order=\"Capsules plastique \u00e0 sertir\" > Capsules plastique \u00e0 sertir <\/td><\/tr><tr ><td data-cell-id=\"A9\" data-x=\"0\" data-y=\"9\" class=\"\" data-original-value=\"&lt;img src=&quot;http:\/\/www.mfrance.fr\/renove\/wp-content\/uploads\/sites\/3\/2015\/11\/Capture-d\u2019\u00e9cran-2015-11-03-\u00e0-10.55.251-e1448319280986.png&quot;\/&gt;\" data-order=\"&lt;img src=&quot;http:\/\/www.mfrance.fr\/renove\/wp-content\/uploads\/sites\/3\/2015\/11\/Capture-d\u2019\u00e9cran-2015-11-03-\u00e0-10.55.251-e1448319280986.png&quot;\/&gt;\" ><img decoding=\"async\" src=\"http:\/\/www.mfrance.fr\/renove\/wp-content\/uploads\/sites\/3\/2015\/11\/Capture-d\u2019\u00e9cran-2015-11-03-\u00e0-10.55.251-e1448319280986.png\"\/><\/td><td data-cell-id=\"B9\" data-x=\"1\" data-y=\"9\" class=\"\" data-original-value=\"- Rouges 2\u2019\u2019 &lt;\/br&gt;- Rouges DIN74\" data-order=\"- Rouges 2\u2019\u2019 &lt;\/br&gt;- Rouges DIN74\" > - Rouges 2\u2019\u2019 <\/br>- Rouges DIN74 <\/td><\/tr><tr ><td data-cell-id=\"A10\" data-x=\"0\" data-y=\"10\" class=\"\" data-original-value=\"&lt;img src=&quot;http:\/\/www.mfrance.fr\/renove\/wp-content\/uploads\/sites\/3\/2015\/11\/Capture-d\u2019\u00e9cran-2015-11-03-\u00e0-10.55.42.png&quot;\/&gt;\" data-order=\"&lt;img src=&quot;http:\/\/www.mfrance.fr\/renove\/wp-content\/uploads\/sites\/3\/2015\/11\/Capture-d\u2019\u00e9cran-2015-11-03-\u00e0-10.55.42.png&quot;\/&gt;\" ><img decoding=\"async\" src=\"http:\/\/www.mfrance.fr\/renove\/wp-content\/uploads\/sites\/3\/2015\/11\/Capture-d\u2019\u00e9cran-2015-11-03-\u00e0-10.55.42.png\"\/><\/td><td data-cell-id=\"B10\" data-x=\"1\" data-y=\"10\" class=\"\" data-original-value=\"Capsulatrice manuel 2\u2019\u2019 et \u00be\u2019\u2019 (sertisseuse ou pince \u00e0 sertir)\" data-order=\"Capsulatrice manuel 2\u2019\u2019 et \u00be\u2019\u2019 (sertisseuse ou pince \u00e0 sertir)\" > Capsulatrice manuel 2\u2019\u2019 et \u00be\u2019\u2019 (sertisseuse ou pince \u00e0 sertir) <\/td><\/tr><tr ><td data-cell-id=\"A11\" data-x=\"0\" data-y=\"11\" class=\"bg-04245e\" data-original-value=\"\" data-order=\"\" ><\/td><td data-cell-id=\"B11\" data-x=\"1\" data-y=\"11\" class=\"bg-04245e color-ffffff bold\" data-original-value=\"Inviolabilit\u00e9 des f\u00fbts OT\" data-order=\"Inviolabilit\u00e9 des f\u00fbts OT\" > Inviolabilit\u00e9 des f\u00fbts OT <\/td><\/tr><tr ><td data-cell-id=\"A12\" data-x=\"0\" data-y=\"12\" class=\"\" data-original-value=\"&lt;img src=&quot;http:\/\/www.mfrance.fr\/renove\/wp-content\/uploads\/sites\/3\/2015\/11\/Capture-d\u2019\u00e9cran-2015-11-03-\u00e0-10.55.58.png&quot;\/&gt;\" data-order=\"&lt;img src=&quot;http:\/\/www.mfrance.fr\/renove\/wp-content\/uploads\/sites\/3\/2015\/11\/Capture-d\u2019\u00e9cran-2015-11-03-\u00e0-10.55.58.png&quot;\/&gt;\" ><img decoding=\"async\" src=\"http:\/\/www.mfrance.fr\/renove\/wp-content\/uploads\/sites\/3\/2015\/11\/Capture-d\u2019\u00e9cran-2015-11-03-\u00e0-10.55.58.png\"\/><\/td><td data-cell-id=\"B12\" data-x=\"1\" data-y=\"12\" class=\"\" data-original-value=\"- Languette de s\u00e9curit\u00e9 plastique \u00ab sapin \u00bb &lt;\/br&gt;- Languette de s\u00e9curit\u00e9 m\u00e9tallique \u00ab T \u00bb\" data-order=\"- Languette de s\u00e9curit\u00e9 plastique \u00ab sapin \u00bb &lt;\/br&gt;- Languette de s\u00e9curit\u00e9 m\u00e9tallique \u00ab T \u00bb\" > - Languette de s\u00e9curit\u00e9 plastique \u00ab sapin \u00bb <\/br>- Languette de s\u00e9curit\u00e9 m\u00e9tallique \u00ab T \u00bb <\/td><\/tr><\/tbody><\/table><!-- \/#supsystic-table-6.supsystic-table --><\/div><!-- \/.supsystic-tables-wrap --><!-- Tables Generator by Supsystic --><!-- Version: 1.8.6 --><!-- http:\/\/supsystic.com\/ --> <\/code><\/p>\n<p>[\/et_pb_text][\/et_pb_column][\/et_pb_row][\/et_pb_section]<\/p>\n","protected":false},"excerpt":{"rendered":"<div class=\"supsystic-table-loader spinner\" ><\/div><div id=\"supsystic-table-6_4974\" class=\"supsystic-tables-wrap \" style=\" visibility: hidden; \" ><table id=\"supsystic-table-6\" class=\"supsystic-table border nowrap lightboxImg cell-border \" data-id=\"6\" data-view-id=\"6_4974\" data-title=\"Accessoires et Pi\u00e8ces D\u00e9tach\u00e9es pour F\u00fbts\" data-currency-format=\"$1,0.00\" data-percent-format=\"1.00%\" data-date-format=\"DD.MM.YYYY\" data-time-format=\"HH:mm\" data-features=\"[&quot;auto_width&quot;]\" data-lightbox-img=\"\" data-head=\"on\" data-lang=\"default\" data-override=\"{&quot;file&quot;:&quot;default&quot;,&quot;emptyTable&quot;:&quot;&quot;,&quot;info&quot;:&quot;&quot;,&quot;infoEmpty&quot;:&quot;&quot;,&quot;infoFiltered&quot;:&quot;&quot;,&quot;lengthMenu&quot;:&quot;&quot;,&quot;search&quot;:&quot;&quot;,&quot;zeroRecords&quot;:&quot;&quot;}\" data-merged=\"[]\" data-responsive-mode=\"1\" data-from-history=\"0\" ><thead><tr><th data-cell-id=\"A1\" data-x=\"0\" data-y=\"1\" class=\"color-ffffff bg-04245e\" data-original-value=\"\" data-order=\"\" ><\/th><th data-cell-id=\"B1\" data-x=\"1\" data-y=\"1\" class=\"color-ffffff bg-04245e bold\" data-original-value=\"Bouchons 2\u2019\u2019 pour F\u00fbts PE\" data-order=\"Bouchons 2\u2019\u2019 pour F\u00fbts PE\" > Bouchons 2\u2019\u2019 pour F\u00fbts PE <\/th><\/tr><\/thead><tbody><tr ><td data-cell-id=\"A2\" data-x=\"0\" data-y=\"2\" class=\"\" data-original-value=\"&lt;img src=&quot;http:\/\/www.mfrance.fr\/renove\/wp-content\/uploads\/sites\/3\/2015\/11\/Capture-d\u2019\u00e9cran-2015-11-03-\u00e0-10.54.39.png&quot;\/&gt;\" data-order=\"&lt;img src=&quot;http:\/\/www.mfrance.fr\/renove\/wp-content\/uploads\/sites\/3\/2015\/11\/Capture-d\u2019\u00e9cran-2015-11-03-\u00e0-10.54.39.png&quot;\/&gt;\" ><img decoding=\"async\" src=\"http:\/\/www.mfrance.fr\/renove\/wp-content\/uploads\/sites\/3\/2015\/11\/Capture-d\u2019\u00e9cran-2015-11-03-\u00e0-10.54.39.png\"\/><\/td><td data-cell-id=\"B2\" data-x=\"1\" data-y=\"2\" class=\"\" data-original-value=\"- Bouchon plein M2\u2019\u2019 &lt;\/br&gt;- Bouchon porte robinet M2\u2019\u2019 avec bonde \u00be \u2018\u2019 pour robinet &lt;\/br&gt;- Bouchon d\u00e9gazeur M2\u2019\" data-order=\"- Bouchon plein M2\u2019\u2019 &lt;\/br&gt;- Bouchon porte robinet M2\u2019\u2019 avec bonde \u00be \u2018\u2019 pour robinet &lt;\/br&gt;- Bouchon d\u00e9gazeur M2\u2019\" > - Bouchon plein M2\u2019\u2019 <\/br>- Bouchon porte robinet M2\u2019\u2019 avec bonde \u00be \u2018\u2019 pour robinet <\/br>- Bouchon d\u00e9gazeur M2\u2019 <\/td><\/tr><tr ><td data-cell-id=\"A3\" data-x=\"0\" data-y=\"3\" class=\"\" data-original-value=\"&lt;img src=&quot;http:\/\/www.mfrance.fr\/renove\/wp-content\/uploads\/sites\/3\/2015\/11\/Capture-d\u2019\u00e9cran-2015-11-03-\u00e0-10.54.50.png&quot;\/&gt;\" data-order=\"&lt;img src=&quot;http:\/\/www.mfrance.fr\/renove\/wp-content\/uploads\/sites\/3\/2015\/11\/Capture-d\u2019\u00e9cran-2015-11-03-\u00e0-10.54.50.png&quot;\/&gt;\" ><img decoding=\"async\" src=\"http:\/\/www.mfrance.fr\/renove\/wp-content\/uploads\/sites\/3\/2015\/11\/Capture-d\u2019\u00e9cran-2015-11-03-\u00e0-10.54.50.png\"\/><\/td><td data-cell-id=\"B3\" data-x=\"1\" data-y=\"3\" class=\"\" data-original-value=\"Robinets M\u00e2le \u00be\u2019\u2019 pas Gaz\" data-order=\"Robinets M\u00e2le \u00be\u2019\u2019 pas Gaz\" > Robinets M\u00e2le \u00be\u2019\u2019 pas Gaz <\/td><\/tr><tr ><td data-cell-id=\"A4\" data-x=\"0\" data-y=\"4\" class=\"\" data-original-value=\"&lt;img src=&quot;http:\/\/www.mfrance.fr\/renove\/wp-content\/uploads\/sites\/3\/2015\/11\/Capture-d\u2019\u00e9cran-2015-11-03-\u00e0-10.55.06.png&quot;\/&gt;\" data-order=\"&lt;img src=&quot;http:\/\/www.mfrance.fr\/renove\/wp-content\/uploads\/sites\/3\/2015\/11\/Capture-d\u2019\u00e9cran-2015-11-03-\u00e0-10.55.06.png&quot;\/&gt;\" ><img decoding=\"async\" src=\"http:\/\/www.mfrance.fr\/renove\/wp-content\/uploads\/sites\/3\/2015\/11\/Capture-d\u2019\u00e9cran-2015-11-03-\u00e0-10.55.06.png\"\/><\/td><td data-cell-id=\"B4\" data-x=\"1\" data-y=\"4\" class=\"\" data-original-value=\"-Robinet M\u00e2le 2\u2019\u2019 pas Gaz Gros d\u00e9bit &lt;\/br&gt;-Convertisseur de pas (pas gaz = Gros filet) Pour F\u00fbts PE\" data-order=\"-Robinet M\u00e2le 2\u2019\u2019 pas Gaz Gros d\u00e9bit &lt;\/br&gt;-Convertisseur de pas (pas gaz = Gros filet) Pour F\u00fbts PE\" > -Robinet M\u00e2le 2\u2019\u2019 pas Gaz Gros d\u00e9bit <\/br>-Convertisseur de pas (pas gaz = Gros filet) Pour F\u00fbts PE <\/td><\/tr><tr ><td data-cell-id=\"A5\" data-x=\"0\" data-y=\"5\" class=\"\" data-original-value=\"&lt;img src=&quot;http:\/\/www.mfrance.fr\/renove\/wp-content\/uploads\/sites\/3\/2015\/11\/Capture-d\u2019\u00e9cran-2015-11-03-\u00e0-10.55.14.png&quot;\/&gt;\" data-order=\"&lt;img src=&quot;http:\/\/www.mfrance.fr\/renove\/wp-content\/uploads\/sites\/3\/2015\/11\/Capture-d\u2019\u00e9cran-2015-11-03-\u00e0-10.55.14.png&quot;\/&gt;\" ><img decoding=\"async\" src=\"http:\/\/www.mfrance.fr\/renove\/wp-content\/uploads\/sites\/3\/2015\/11\/Capture-d\u2019\u00e9cran-2015-11-03-\u00e0-10.55.14.png\"\/><\/td><td data-cell-id=\"B5\" data-x=\"1\" data-y=\"5\" class=\"\" data-original-value=\"Pompe Vide F\u00fbt\" data-order=\"Pompe Vide F\u00fbt\" > Pompe Vide F\u00fbt <\/td><\/tr><tr style=\"height: 33px\" ><td data-cell-id=\"A6\" data-x=\"0\" data-y=\"6\" class=\"bg-04245e\" data-original-value=\"\" data-order=\"\" ><\/td><td data-cell-id=\"B6\" data-x=\"1\" data-y=\"6\" class=\"color-ffffff bg-04245e bold\" data-original-value=\"Capsules M\u00e9talliques \u00e0 sertir\" data-order=\"Capsules M\u00e9talliques \u00e0 sertir\" > Capsules M\u00e9talliques \u00e0 sertir <\/td><\/tr><tr ><td data-cell-id=\"A7\" data-x=\"0\" data-y=\"7\" class=\"\" data-original-value=\"&lt;img src=&quot;http:\/\/www.mfrance.fr\/renove\/wp-content\/uploads\/sites\/3\/2015\/11\/Capture-d\u2019\u00e9cran-2015-11-03-\u00e0-10.55.25-e1448319313869.png&quot;\/&gt;\" data-order=\"&lt;img src=&quot;http:\/\/www.mfrance.fr\/renove\/wp-content\/uploads\/sites\/3\/2015\/11\/Capture-d\u2019\u00e9cran-2015-11-03-\u00e0-10.55.25-e1448319313869.png&quot;\/&gt;\" ><img decoding=\"async\" src=\"http:\/\/www.mfrance.fr\/renove\/wp-content\/uploads\/sites\/3\/2015\/11\/Capture-d\u2019\u00e9cran-2015-11-03-\u00e0-10.55.25-e1448319313869.png\"\/><\/td><td data-cell-id=\"B7\" data-x=\"1\" data-y=\"7\" class=\"\" data-original-value=\"- Blanches 2\u2019\u2019 OU \u00be\u2019\u2019 &lt;\/br&gt;- Rouges 2\u2019\u2019 OU \u00be\u2019\u2019 &lt;\/br&gt;- Jaune 2\u2019\u2019 OU \u00be\u2019\u2019\" data-order=\"- Blanches 2\u2019\u2019 OU \u00be\u2019\u2019 &lt;\/br&gt;- Rouges 2\u2019\u2019 OU \u00be\u2019\u2019 &lt;\/br&gt;- Jaune 2\u2019\u2019 OU \u00be\u2019\u2019\" > - Blanches 2\u2019\u2019 OU \u00be\u2019\u2019 <\/br>- Rouges 2\u2019\u2019 OU \u00be\u2019\u2019 <\/br>- Jaune 2\u2019\u2019 OU \u00be\u2019\u2019 <\/td><\/tr><tr ><td data-cell-id=\"A8\" data-x=\"0\" data-y=\"8\" class=\"bg-04245e\" data-original-value=\"\" data-order=\"\" ><\/td><td data-cell-id=\"B8\" data-x=\"1\" data-y=\"8\" class=\"bg-04245e color-ffffff bold\" data-original-value=\"Capsules plastique \u00e0 sertir\" data-order=\"Capsules plastique \u00e0 sertir\" > Capsules plastique \u00e0 sertir <\/td><\/tr><tr ><td data-cell-id=\"A9\" data-x=\"0\" data-y=\"9\" class=\"\" data-original-value=\"&lt;img src=&quot;http:\/\/www.mfrance.fr\/renove\/wp-content\/uploads\/sites\/3\/2015\/11\/Capture-d\u2019\u00e9cran-2015-11-03-\u00e0-10.55.251-e1448319280986.png&quot;\/&gt;\" data-order=\"&lt;img src=&quot;http:\/\/www.mfrance.fr\/renove\/wp-content\/uploads\/sites\/3\/2015\/11\/Capture-d\u2019\u00e9cran-2015-11-03-\u00e0-10.55.251-e1448319280986.png&quot;\/&gt;\" ><img decoding=\"async\" src=\"http:\/\/www.mfrance.fr\/renove\/wp-content\/uploads\/sites\/3\/2015\/11\/Capture-d\u2019\u00e9cran-2015-11-03-\u00e0-10.55.251-e1448319280986.png\"\/><\/td><td data-cell-id=\"B9\" data-x=\"1\" data-y=\"9\" class=\"\" data-original-value=\"- Rouges 2\u2019\u2019 &lt;\/br&gt;- Rouges DIN74\" data-order=\"- Rouges 2\u2019\u2019 &lt;\/br&gt;- Rouges DIN74\" > - Rouges 2\u2019\u2019 <\/br>- Rouges DIN74 <\/td><\/tr><tr ><td data-cell-id=\"A10\" data-x=\"0\" data-y=\"10\" class=\"\" data-original-value=\"&lt;img src=&quot;http:\/\/www.mfrance.fr\/renove\/wp-content\/uploads\/sites\/3\/2015\/11\/Capture-d\u2019\u00e9cran-2015-11-03-\u00e0-10.55.42.png&quot;\/&gt;\" data-order=\"&lt;img src=&quot;http:\/\/www.mfrance.fr\/renove\/wp-content\/uploads\/sites\/3\/2015\/11\/Capture-d\u2019\u00e9cran-2015-11-03-\u00e0-10.55.42.png&quot;\/&gt;\" ><img decoding=\"async\" src=\"http:\/\/www.mfrance.fr\/renove\/wp-content\/uploads\/sites\/3\/2015\/11\/Capture-d\u2019\u00e9cran-2015-11-03-\u00e0-10.55.42.png\"\/><\/td><td data-cell-id=\"B10\" data-x=\"1\" data-y=\"10\" class=\"\" data-original-value=\"Capsulatrice manuel 2\u2019\u2019 et \u00be\u2019\u2019 (sertisseuse ou pince \u00e0 sertir)\" data-order=\"Capsulatrice manuel 2\u2019\u2019 et \u00be\u2019\u2019 (sertisseuse ou pince \u00e0 sertir)\" > Capsulatrice manuel 2\u2019\u2019 et \u00be\u2019\u2019 (sertisseuse ou pince \u00e0 sertir) <\/td><\/tr><tr ><td data-cell-id=\"A11\" data-x=\"0\" data-y=\"11\" class=\"bg-04245e\" data-original-value=\"\" data-order=\"\" ><\/td><td data-cell-id=\"B11\" data-x=\"1\" data-y=\"11\" class=\"bg-04245e color-ffffff bold\" data-original-value=\"Inviolabilit\u00e9 des f\u00fbts OT\" data-order=\"Inviolabilit\u00e9 des f\u00fbts OT\" > Inviolabilit\u00e9 des f\u00fbts OT <\/td><\/tr><tr ><td data-cell-id=\"A12\" data-x=\"0\" data-y=\"12\" class=\"\" data-original-value=\"&lt;img src=&quot;http:\/\/www.mfrance.fr\/renove\/wp-content\/uploads\/sites\/3\/2015\/11\/Capture-d\u2019\u00e9cran-2015-11-03-\u00e0-10.55.58.png&quot;\/&gt;\" data-order=\"&lt;img src=&quot;http:\/\/www.mfrance.fr\/renove\/wp-content\/uploads\/sites\/3\/2015\/11\/Capture-d\u2019\u00e9cran-2015-11-03-\u00e0-10.55.58.png&quot;\/&gt;\" ><img decoding=\"async\" src=\"http:\/\/www.mfrance.fr\/renove\/wp-content\/uploads\/sites\/3\/2015\/11\/Capture-d\u2019\u00e9cran-2015-11-03-\u00e0-10.55.58.png\"\/><\/td><td data-cell-id=\"B12\" data-x=\"1\" data-y=\"12\" class=\"\" data-original-value=\"- Languette de s\u00e9curit\u00e9 plastique \u00ab sapin \u00bb &lt;\/br&gt;- Languette de s\u00e9curit\u00e9 m\u00e9tallique \u00ab T \u00bb\" data-order=\"- Languette de s\u00e9curit\u00e9 plastique \u00ab sapin \u00bb &lt;\/br&gt;- Languette de s\u00e9curit\u00e9 m\u00e9tallique \u00ab T \u00bb\" > - Languette de s\u00e9curit\u00e9 plastique \u00ab sapin \u00bb <\/br>- Languette de s\u00e9curit\u00e9 m\u00e9tallique \u00ab T \u00bb <\/td><\/tr><\/tbody><\/table><!-- \/#supsystic-table-6.supsystic-table --><\/div><!-- \/.supsystic-tables-wrap --><!-- Tables Generator by Supsystic --><!-- Version: 1.8.6 --><!-- http:\/\/supsystic.com\/ -->\n","protected":false},"author":1,"featured_media":0,"parent":56,"menu_order":0,"comment_status":"closed","ping_status":"closed","template":"","meta":{"_et_pb_use_builder":"on","_et_pb_old_content":"","_et_gb_content_width":"","footnotes":""},"class_list":["post-180","page","type-page","status-publish","hentry"],"_links":{"self":[{"href":"https:\/\/www.mfrance.fr\/neuf\/wp-json\/wp\/v2\/pages\/180","targetHints":{"allow":["GET"]}}],"collection":[{"href":"https:\/\/www.mfrance.fr\/neuf\/wp-json\/wp\/v2\/pages"}],"about":[{"href":"https:\/\/www.mfrance.fr\/neuf\/wp-json\/wp\/v2\/types\/page"}],"author":[{"embeddable":true,"href":"https:\/\/www.mfrance.fr\/neuf\/wp-json\/wp\/v2\/users\/1"}],"replies":[{"embeddable":true,"href":"https:\/\/www.mfrance.fr\/neuf\/wp-json\/wp\/v2\/comments?post=180"}],"version-history":[{"count":5,"href":"https:\/\/www.mfrance.fr\/neuf\/wp-json\/wp\/v2\/pages\/180\/revisions"}],"predecessor-version":[{"id":531,"href":"https:\/\/www.mfrance.fr\/neuf\/wp-json\/wp\/v2\/pages\/180\/revisions\/531"}],"up":[{"embeddable":true,"href":"https:\/\/www.mfrance.fr\/neuf\/wp-json\/wp\/v2\/pages\/56"}],"wp:attachment":[{"href":"https:\/\/www.mfrance.fr\/neuf\/wp-json\/wp\/v2\/media?parent=180"}],"curies":[{"name":"wp","href":"https:\/\/api.w.org\/{rel}","templated":true}]}}