{"id":187,"date":"2015-10-19T14:03:41","date_gmt":"2015-10-19T13:03:41","guid":{"rendered":"http:\/\/www.mfrance.fr\/neuf\/?page_id=187"},"modified":"2015-11-23T22:38:44","modified_gmt":"2015-11-23T21:38:44","slug":"fut-plastiques-a-ouverture-totale","status":"publish","type":"page","link":"https:\/\/www.mfrance.fr\/neuf\/produits\/futs\/futs-pehd-plastiques-menu-deroulant\/fut-plastiques-a-ouverture-totale\/","title":{"rendered":"F\u00fbt Plastiques \u00e0 Ouverture Totale"},"content":{"rendered":"<p>[et_pb_section admin_label=\u00a0\u00bbsection\u00a0\u00bb fullwidth=\u00a0\u00bbon\u00a0\u00bb specialty=\u00a0\u00bboff\u00a0\u00bb transparent_background=\u00a0\u00bboff\u00a0\u00bb background_color=\u00a0\u00bb#04235e\u00a0\u00bb allow_player_pause=\u00a0\u00bboff\u00a0\u00bb inner_shadow=\u00a0\u00bboff\u00a0\u00bb parallax=\u00a0\u00bboff\u00a0\u00bb parallax_method=\u00a0\u00bboff\u00a0\u00bb padding_mobile=\u00a0\u00bboff\u00a0\u00bb make_fullwidth=\u00a0\u00bboff\u00a0\u00bb use_custom_width=\u00a0\u00bboff\u00a0\u00bb width_unit=\u00a0\u00bbon\u00a0\u00bb make_equal=\u00a0\u00bboff\u00a0\u00bb use_custom_gutter=\u00a0\u00bboff\u00a0\u00bb][et_pb_fullwidth_header admin_label=\u00a0\u00bbEn-t\u00eate plein \u00e9cran\u00a0\u00bb title=\u00a0\u00bbF\u00fbt Plastiques \u00e0 Ouverture Totale\u00a0\u00bb background_layout=\u00a0\u00bbdark\u00a0\u00bb text_orientation=\u00a0\u00bbleft\u00a0\u00bb header_fullscreen=\u00a0\u00bboff\u00a0\u00bb header_scroll_down=\u00a0\u00bboff\u00a0\u00bb parallax=\u00a0\u00bboff\u00a0\u00bb parallax_method=\u00a0\u00bboff\u00a0\u00bb content_orientation=\u00a0\u00bbcenter\u00a0\u00bb image_orientation=\u00a0\u00bbcenter\u00a0\u00bb custom_button_one=\u00a0\u00bboff\u00a0\u00bb button_one_letter_spacing=\u00a0\u00bb0&Prime; button_one_use_icon=\u00a0\u00bbdefault\u00a0\u00bb button_one_icon_placement=\u00a0\u00bbright\u00a0\u00bb button_one_on_hover=\u00a0\u00bbon\u00a0\u00bb button_one_letter_spacing_hover=\u00a0\u00bb0&Prime; custom_button_two=\u00a0\u00bboff\u00a0\u00bb button_two_letter_spacing=\u00a0\u00bb0&Prime; button_two_use_icon=\u00a0\u00bbdefault\u00a0\u00bb button_two_icon_placement=\u00a0\u00bbright\u00a0\u00bb button_two_on_hover=\u00a0\u00bbon\u00a0\u00bb button_two_letter_spacing_hover=\u00a0\u00bb0&Prime;]<\/p>\n<p><\/p>\n<p>[\/et_pb_fullwidth_header][\/et_pb_section][et_pb_section admin_label=\u00a0\u00bbsection\u00a0\u00bb inner_shadow=\u00a0\u00bboff\u00a0\u00bb parallax=\u00a0\u00bboff\u00a0\u00bb][et_pb_row admin_label=\u00a0\u00bbLigne\u00a0\u00bb][et_pb_column type=\u00a0\u00bb1_3&Prime;][et_pb_sidebar admin_label=\u00a0\u00bbBarre lat\u00e9rale\u00a0\u00bb orientation=\u00a0\u00bbleft\u00a0\u00bb area=\u00a0\u00bbet_pb_widget_area_3&Prime; background_layout=\u00a0\u00bbdark\u00a0\u00bb remove_border=\u00a0\u00bboff\u00a0\u00bb module_class=\u00a0\u00bbmenu-vertical\u00a0\u00bb]<\/p>\n<p><\/p>\n<p>[\/et_pb_sidebar][\/et_pb_column][et_pb_column type=\u00a0\u00bb2_3&Prime;][et_pb_text admin_label=\u00a0\u00bbTexte\u00a0\u00bb background_layout=\u00a0\u00bblight\u00a0\u00bb text_orientation=\u00a0\u00bbleft\u00a0\u00bb use_border_color=\u00a0\u00bboff\u00a0\u00bb border_color=\u00a0\u00bb#ffffff\u00a0\u00bb border_style=\u00a0\u00bbsolid\u00a0\u00bb]<\/p>\n<p><img loading=\"lazy\" decoding=\"async\" class=\"size-medium wp-image-394 alignright\" src=\"https:\/\/www.mfrance.fr\/neuf\/wp-content\/uploads\/sites\/2\/2015\/10\/Capture-d\u2019\u00e9cran-2015-11-03-\u00e0-11.11.30-300x222.png\" alt=\"Capture d\u2019\u00e9cran 2015-11-03 \u00e0 11.11.30\" width=\"300\" height=\"222\" srcset=\"https:\/\/www.mfrance.fr\/neuf\/wp-content\/uploads\/sites\/2\/2015\/10\/Capture-d\u2019\u00e9cran-2015-11-03-\u00e0-11.11.30-300x222.png 300w, https:\/\/www.mfrance.fr\/neuf\/wp-content\/uploads\/sites\/2\/2015\/10\/Capture-d\u2019\u00e9cran-2015-11-03-\u00e0-11.11.30.png 452w\" sizes=\"(max-width: 300px) 100vw, 300px\" \/><\/p>\n<h2>F\u00fbt en PEHD (poly\u00e9thyl\u00e8ne Haute Densit\u00e9)<\/h2>\n<ul>\n<li>Gamme enti\u00e8rement alimentaire et homologu\u00e9e ONU pour vos conditionnements de produits p\u00e2teux ou solide.<\/li>\n<li>Ouvertures Total, avec couvercle et cerclage acier<\/li>\n<\/ul>\n<p><strong>Convient pour :<\/strong> produits chimiques, alimentaires, pharmaceutiques, cosm\u00e9tiques, d\u00e9chets\u2026.<\/p>\n<p><strong>Accessoires<\/strong> : cerclage, couvercle, languettes de s\u00e9curit\u00e9s (m\u00e9tal ou plastique)<\/p>\n<p>[\/et_pb_text][et_pb_text admin_label=\u00a0\u00bbTexte\u00a0\u00bb background_layout=\u00a0\u00bblight\u00a0\u00bb text_orientation=\u00a0\u00bbleft\u00a0\u00bb use_border_color=\u00a0\u00bboff\u00a0\u00bb border_color=\u00a0\u00bb#ffffff\u00a0\u00bb border_style=\u00a0\u00bbsolid\u00a0\u00bb]<\/p>\n<div class=\"supsystic-table-loader spinner\" ><\/div><div id=\"supsystic-table-11_93936\" class=\"supsystic-tables-wrap \" style=\" visibility: hidden; \" ><table id=\"supsystic-table-11\" class=\"supsystic-table border lightboxImg cell-border \" data-id=\"11\" data-view-id=\"11_93936\" data-title=\"F\u00fbt Plastiques \u00e0 Ouverture Totale\" data-currency-format=\"$1,0.00\" data-percent-format=\"1.00%\" data-date-format=\"DD.MM.YYYY\" data-time-format=\"HH:mm\" data-features=\"[&quot;auto_width&quot;]\" data-lightbox-img=\"\" data-head=\"on\" data-lang=\"default\" data-override=\"{&quot;file&quot;:&quot;default&quot;,&quot;emptyTable&quot;:&quot;&quot;,&quot;info&quot;:&quot;&quot;,&quot;infoEmpty&quot;:&quot;&quot;,&quot;infoFiltered&quot;:&quot;&quot;,&quot;lengthMenu&quot;:&quot;&quot;,&quot;search&quot;:&quot;&quot;,&quot;zeroRecords&quot;:&quot;&quot;}\" data-merged=\"[]\" data-responsive-mode=\"1\" data-from-history=\"0\" ><thead><tr><th data-cell-id=\"A1\" data-x=\"0\" data-y=\"1\" class=\"color-f7f7f7 htCenter bg-04245e\" data-original-value=\"F\u00fbt \u00e0 bondes\" data-order=\"F\u00fbt \u00e0 bondes\" > F\u00fbt \u00e0 bondes <\/th><th data-cell-id=\"B1\" data-x=\"1\" data-y=\"1\" class=\"color-f7f7f7 htCenter bg-04245e\" data-original-value=\"Capacit\u00e9\" data-order=\"Capacit\u00e9\" > Capacit\u00e9 <\/th><th data-cell-id=\"C1\" data-x=\"2\" data-y=\"1\" class=\"color-f7f7f7 htCenter bg-04245e\" data-original-value=\"ONU\" data-order=\"ONU\" > ONU <\/th><th data-cell-id=\"D1\" data-x=\"3\" data-y=\"1\" class=\"color-f7f7f7 htCenter bg-04245e\" data-original-value=\"Poids\" data-order=\"Poids\" > Poids <\/th><th data-cell-id=\"E1\" data-x=\"4\" data-y=\"1\" class=\"color-f7f7f7 htCenter bg-04245e\" data-original-value=\"Couleur\" data-order=\"Couleur\" > Couleur <\/th><th data-cell-id=\"F1\" data-x=\"5\" data-y=\"1\" class=\"color-f7f7f7 htCenter bg-04245e\" data-original-value=\"Q\/pal\" data-order=\"Q\/pal\" > Q\/pal <\/th><th data-cell-id=\"G1\" data-x=\"6\" data-y=\"1\" class=\"color-f7f7f7 htCenter bg-04245e\" data-original-value=\"Sp\u00e9cifications\" data-order=\"Sp\u00e9cifications\" > Sp\u00e9cifications <\/th><\/tr><\/thead><tbody><tr ><td data-cell-id=\"A2\" data-x=\"0\" data-y=\"2\" class=\"htCenter\" data-original-value=\"B 30L OT\" data-order=\"B 30L OT\" > B 30L OT <\/td><td data-cell-id=\"B2\" data-x=\"1\" data-y=\"2\" class=\"htCenter\" data-original-value=\"30 litres\" data-order=\"30 litres\" > 30 litres <\/td><td data-cell-id=\"C2\" data-x=\"2\" data-y=\"2\" class=\"htCenter\" data-original-value=\"Oui en X\" data-order=\"Oui en X\" > Oui en X <\/td><td data-cell-id=\"D2\" data-x=\"3\" data-y=\"2\" class=\"htCenter\" data-original-value=\"1.80 Kg\" data-order=\"1.80 Kg\" > 1.80 Kg <\/td><td data-cell-id=\"E2\" data-x=\"4\" data-y=\"2\" class=\"htCenter\" data-original-value=\"Bleu\" data-order=\"Bleu\" > Bleu <\/td><td data-cell-id=\"F2\" data-x=\"5\" data-y=\"2\" class=\"htCenter\" data-original-value=\"60\" data-order=\"60\" > 60 <\/td><td data-cell-id=\"G2\" data-x=\"6\" data-y=\"2\" class=\"htCenter\" data-original-value=\"Cylindrique avec 2 poign\u00e9es\" data-order=\"Cylindrique avec 2 poign\u00e9es\" > Cylindrique avec 2 poign\u00e9es <\/td><\/tr><tr ><td data-cell-id=\"A3\" data-x=\"0\" data-y=\"3\" class=\"htCenter\" data-original-value=\"Q 30L OT\" data-order=\"Q 30L OT\" > Q 30L OT <\/td><td data-cell-id=\"B3\" data-x=\"1\" data-y=\"3\" class=\"htCenter\" data-original-value=\"30 litres\" data-order=\"30 litres\" > 30 litres <\/td><td data-cell-id=\"C3\" data-x=\"2\" data-y=\"3\" class=\"htCenter\" data-original-value=\"Oui en X\" data-order=\"Oui en X\" > Oui en X <\/td><td data-cell-id=\"D3\" data-x=\"3\" data-y=\"3\" class=\"htCenter\" data-original-value=\"3.15 Kg\" data-order=\"3.15 Kg\" > 3.15 Kg <\/td><td data-cell-id=\"E3\" data-x=\"4\" data-y=\"3\" class=\"htCenter\" data-original-value=\"Bleu\" data-order=\"Bleu\" > Bleu <\/td><td data-cell-id=\"F3\" data-x=\"5\" data-y=\"3\" class=\"htCenter\" data-original-value=\"100\" data-order=\"100\" > 100 <\/td><td data-cell-id=\"G3\" data-x=\"6\" data-y=\"3\" class=\"htCenter\" data-original-value=\"Rectangulaire 2 poign\u00e9es moul\u00e9es\" data-order=\"Rectangulaire 2 poign\u00e9es moul\u00e9es\" > Rectangulaire 2 poign\u00e9es moul\u00e9es <\/td><\/tr><tr ><td data-cell-id=\"A4\" data-x=\"0\" data-y=\"4\" class=\"htCenter\" data-original-value=\"B 60L OT\" data-order=\"B 60L OT\" > B 60L OT <\/td><td data-cell-id=\"B4\" data-x=\"1\" data-y=\"4\" class=\"htCenter\" data-original-value=\"60 litres\" data-order=\"60 litres\" > 60 litres <\/td><td data-cell-id=\"C4\" data-x=\"2\" data-y=\"4\" class=\"htCenter\" data-original-value=\"Oui en X\" data-order=\"Oui en X\" > Oui en X <\/td><td data-cell-id=\"D4\" data-x=\"3\" data-y=\"4\" class=\"htCenter\" data-original-value=\"1.85 Kg\" data-order=\"1.85 Kg\" > 1.85 Kg <\/td><td data-cell-id=\"E4\" data-x=\"4\" data-y=\"4\" class=\"htCenter\" data-original-value=\"Bleu\" data-order=\"Bleu\" > Bleu <\/td><td data-cell-id=\"F4\" data-x=\"5\" data-y=\"4\" class=\"htCenter\" data-original-value=\"36\" data-order=\"36\" > 36 <\/td><td data-cell-id=\"G4\" data-x=\"6\" data-y=\"4\" class=\"htCenter\" data-original-value=\"Cylindrique avec 2 poign\u00e9es\" data-order=\"Cylindrique avec 2 poign\u00e9es\" > Cylindrique avec 2 poign\u00e9es <\/td><\/tr><tr ><td data-cell-id=\"A5\" data-x=\"0\" data-y=\"5\" class=\"htCenter\" data-original-value=\"Q 60L OT\" data-order=\"Q 60L OT\" > Q 60L OT <\/td><td data-cell-id=\"B5\" data-x=\"1\" data-y=\"5\" class=\"htCenter\" data-original-value=\"60 litres\" data-order=\"60 litres\" > 60 litres <\/td><td data-cell-id=\"C5\" data-x=\"2\" data-y=\"5\" class=\"htCenter\" data-original-value=\"Oui en X\" data-order=\"Oui en X\" > Oui en X <\/td><td data-cell-id=\"D5\" data-x=\"3\" data-y=\"5\" class=\"htCenter\" data-original-value=\"2.95 Kg\" data-order=\"2.95 Kg\" > 2.95 Kg <\/td><td data-cell-id=\"E5\" data-x=\"4\" data-y=\"5\" class=\"htCenter\" data-original-value=\"Bleu\" data-order=\"Bleu\" > Bleu <\/td><td data-cell-id=\"F5\" data-x=\"5\" data-y=\"5\" class=\"htCenter\" data-original-value=\"54\" data-order=\"54\" > 54 <\/td><td data-cell-id=\"G5\" data-x=\"6\" data-y=\"5\" class=\"htCenter\" data-original-value=\"Rectangulaire avec 2 poign\u00e9es\" data-order=\"Rectangulaire avec 2 poign\u00e9es\" > Rectangulaire avec 2 poign\u00e9es <\/td><\/tr><tr ><td data-cell-id=\"A6\" data-x=\"0\" data-y=\"6\" class=\"htCenter\" data-original-value=\"B 100L OT\" data-order=\"B 100L OT\" > B 100L OT <\/td><td data-cell-id=\"B6\" data-x=\"1\" data-y=\"6\" class=\"htCenter\" data-original-value=\"100 litres\" data-order=\"100 litres\" > 100 litres <\/td><td data-cell-id=\"C6\" data-x=\"2\" data-y=\"6\" class=\"htCenter\" data-original-value=\"Oui en X\" data-order=\"Oui en X\" > Oui en X <\/td><td data-cell-id=\"D6\" data-x=\"3\" data-y=\"6\" class=\"htCenter\" data-original-value=\"5 Kg\" data-order=\"5 Kg\" > 5 Kg <\/td><td data-cell-id=\"E6\" data-x=\"4\" data-y=\"6\" class=\"htCenter\" data-original-value=\"Bleu\" data-order=\"Bleu\" > Bleu <\/td><td data-cell-id=\"F6\" data-x=\"5\" data-y=\"6\" class=\"htCenter\" data-original-value=\"24\" data-order=\"24\" > 24 <\/td><td data-cell-id=\"G6\" data-x=\"6\" data-y=\"6\" class=\"htCenter\" data-original-value=\"Cylindrique\" data-order=\"Cylindrique\" > Cylindrique <\/td><\/tr><tr ><td data-cell-id=\"A7\" data-x=\"0\" data-y=\"7\" class=\"htCenter\" data-original-value=\"M 120L OT\" data-order=\"M 120L OT\" > M 120L OT <\/td><td data-cell-id=\"B7\" data-x=\"1\" data-y=\"7\" class=\"htCenter\" data-original-value=\"120 litres\" data-order=\"120 litres\" > 120 litres <\/td><td data-cell-id=\"C7\" data-x=\"2\" data-y=\"7\" class=\"htCenter\" data-original-value=\"Oui en X\" data-order=\"Oui en X\" > Oui en X <\/td><td data-cell-id=\"D7\" data-x=\"3\" data-y=\"7\" class=\"htCenter\" data-original-value=\"4.90 Kg\" data-order=\"4.90 Kg\" > 4.90 Kg <\/td><td data-cell-id=\"E7\" data-x=\"4\" data-y=\"7\" class=\"htCenter\" data-original-value=\"Bleu\" data-order=\"Bleu\" > Bleu <\/td><td data-cell-id=\"F7\" data-x=\"5\" data-y=\"7\" class=\"htCenter\" data-original-value=\"15\" data-order=\"15\" > 15 <\/td><td data-cell-id=\"G7\" data-x=\"6\" data-y=\"7\" class=\"htCenter\" data-original-value=\"Cylindrique\" data-order=\"Cylindrique\" > Cylindrique <\/td><\/tr><tr ><td data-cell-id=\"A8\" data-x=\"0\" data-y=\"8\" class=\"htCenter\" data-original-value=\"M 150L OT\" data-order=\"M 150L OT\" > M 150L OT <\/td><td data-cell-id=\"B8\" data-x=\"1\" data-y=\"8\" class=\"htCenter\" data-original-value=\"150 litres\" data-order=\"150 litres\" > 150 litres <\/td><td data-cell-id=\"C8\" data-x=\"2\" data-y=\"8\" class=\"htCenter\" data-original-value=\"Oui en X\" data-order=\"Oui en X\" > Oui en X <\/td><td data-cell-id=\"D8\" data-x=\"3\" data-y=\"8\" class=\"htCenter\" data-original-value=\"6 Kg\" data-order=\"6 Kg\" > 6 Kg <\/td><td data-cell-id=\"E8\" data-x=\"4\" data-y=\"8\" class=\"htCenter\" data-original-value=\"Bleu\" data-order=\"Bleu\" > Bleu <\/td><td data-cell-id=\"F8\" data-x=\"5\" data-y=\"8\" class=\"htCenter\" data-original-value=\"10\" data-order=\"10\" > 10 <\/td><td data-cell-id=\"G8\" data-x=\"6\" data-y=\"8\" class=\"htCenter\" data-original-value=\"Cylindrique\" data-order=\"Cylindrique\" > Cylindrique <\/td><\/tr><tr ><td data-cell-id=\"A9\" data-x=\"0\" data-y=\"9\" class=\"htCenter\" data-original-value=\"M 220L OT\" data-order=\"M 220L OT\" > M 220L OT <\/td><td data-cell-id=\"B9\" data-x=\"1\" data-y=\"9\" class=\"htCenter\" data-original-value=\"220 litres\" data-order=\"220 litres\" > 220 litres <\/td><td data-cell-id=\"C9\" data-x=\"2\" data-y=\"9\" class=\"htCenter\" data-original-value=\"Oui en X\" data-order=\"Oui en X\" > Oui en X <\/td><td data-cell-id=\"D9\" data-x=\"3\" data-y=\"9\" class=\"htCenter\" data-original-value=\"8.80 Kg\" data-order=\"8.80 Kg\" > 8.80 Kg <\/td><td data-cell-id=\"E9\" data-x=\"4\" data-y=\"9\" class=\"htCenter\" data-original-value=\"Bleu\" data-order=\"Bleu\" > Bleu <\/td><td data-cell-id=\"F9\" data-x=\"5\" data-y=\"9\" class=\"htCenter\" data-original-value=\"8\" data-order=\"8\" > 8 <\/td><td data-cell-id=\"G9\" data-x=\"6\" data-y=\"9\" class=\"htCenter\" data-original-value=\"Cylindrique\" data-order=\"Cylindrique\" > Cylindrique <\/td><\/tr><\/tbody><\/table><!-- \/#supsystic-table-11.supsystic-table --><\/div><!-- \/.supsystic-tables-wrap --><!-- Tables Generator by Supsystic --><!-- Version: 1.8.6 --><!-- http:\/\/supsystic.com\/ -->\n<p>[\/et_pb_text][\/et_pb_column][\/et_pb_row][\/et_pb_section]<\/p>\n","protected":false},"excerpt":{"rendered":"<p>F\u00fbt en PEHD (poly\u00e9thyl\u00e8ne Haute Densit\u00e9) Gamme enti\u00e8rement alimentaire et homologu\u00e9e ONU pour vos conditionnements de produits p\u00e2teux ou solide. Ouvertures Total, avec couvercle et cerclage acier Convient pour : produits chimiques, alimentaires, pharmaceutiques, cosm\u00e9tiques, d\u00e9chets\u2026. Accessoires : cerclage, couvercle, languettes de s\u00e9curit\u00e9s (m\u00e9tal ou plastique) <div class=\"supsystic-table-loader spinner\" ><\/div><div id=\"supsystic-table-11_93936\" class=\"supsystic-tables-wrap \" style=\" visibility: hidden; \" ><table id=\"supsystic-table-11\" class=\"supsystic-table border lightboxImg cell-border \" data-id=\"11\" data-view-id=\"11_93936\" data-title=\"F\u00fbt Plastiques \u00e0 Ouverture Totale\" data-currency-format=\"$1,0.00\" data-percent-format=\"1.00%\" data-date-format=\"DD.MM.YYYY\" data-time-format=\"HH:mm\" data-features=\"[&quot;auto_width&quot;]\" data-lightbox-img=\"\" data-head=\"on\" data-lang=\"default\" data-override=\"{&quot;file&quot;:&quot;default&quot;,&quot;emptyTable&quot;:&quot;&quot;,&quot;info&quot;:&quot;&quot;,&quot;infoEmpty&quot;:&quot;&quot;,&quot;infoFiltered&quot;:&quot;&quot;,&quot;lengthMenu&quot;:&quot;&quot;,&quot;search&quot;:&quot;&quot;,&quot;zeroRecords&quot;:&quot;&quot;}\" data-merged=\"[]\" data-responsive-mode=\"1\" data-from-history=\"0\" ><thead><tr><th data-cell-id=\"A1\" data-x=\"0\" data-y=\"1\" class=\"color-f7f7f7 htCenter bg-04245e\" data-original-value=\"F\u00fbt \u00e0 bondes\" data-order=\"F\u00fbt \u00e0 bondes\" > F\u00fbt \u00e0 bondes <\/th><th data-cell-id=\"B1\" data-x=\"1\" data-y=\"1\" class=\"color-f7f7f7 htCenter bg-04245e\" data-original-value=\"Capacit\u00e9\" data-order=\"Capacit\u00e9\" > Capacit\u00e9 <\/th><th data-cell-id=\"C1\" data-x=\"2\" data-y=\"1\" class=\"color-f7f7f7 htCenter bg-04245e\" data-original-value=\"ONU\" data-order=\"ONU\" > ONU <\/th><th data-cell-id=\"D1\" data-x=\"3\" data-y=\"1\" class=\"color-f7f7f7 htCenter bg-04245e\" data-original-value=\"Poids\" data-order=\"Poids\" > Poids <\/th><th data-cell-id=\"E1\" data-x=\"4\" data-y=\"1\" class=\"color-f7f7f7 htCenter bg-04245e\" data-original-value=\"Couleur\" data-order=\"Couleur\" > Couleur <\/th><th data-cell-id=\"F1\" data-x=\"5\" data-y=\"1\" class=\"color-f7f7f7 htCenter bg-04245e\" data-original-value=\"Q\/pal\" data-order=\"Q\/pal\" > Q\/pal <\/th><th data-cell-id=\"G1\" data-x=\"6\" data-y=\"1\" class=\"color-f7f7f7 htCenter bg-04245e\" data-original-value=\"Sp\u00e9cifications\" data-order=\"Sp\u00e9cifications\" > Sp\u00e9cifications <\/th><\/tr><\/thead><tbody><tr ><td data-cell-id=\"A2\" data-x=\"0\" data-y=\"2\" class=\"htCenter\" data-original-value=\"B 30L OT\" data-order=\"B 30L OT\" > B 30L OT <\/td><td data-cell-id=\"B2\" data-x=\"1\" data-y=\"2\" class=\"htCenter\" data-original-value=\"30 litres\" data-order=\"30 litres\" > 30 litres <\/td><td data-cell-id=\"C2\" data-x=\"2\" data-y=\"2\" class=\"htCenter\" data-original-value=\"Oui en X\" data-order=\"Oui en X\" > Oui en X <\/td><td data-cell-id=\"D2\" data-x=\"3\" data-y=\"2\" class=\"htCenter\" data-original-value=\"1.80 Kg\" data-order=\"1.80 Kg\" > 1.80 Kg <\/td><td data-cell-id=\"E2\" data-x=\"4\" data-y=\"2\" class=\"htCenter\" data-original-value=\"Bleu\" data-order=\"Bleu\" > Bleu <\/td><td data-cell-id=\"F2\" data-x=\"5\" data-y=\"2\" class=\"htCenter\" data-original-value=\"60\" data-order=\"60\" > 60 <\/td><td data-cell-id=\"G2\" data-x=\"6\" data-y=\"2\" class=\"htCenter\" data-original-value=\"Cylindrique avec 2 poign\u00e9es\" data-order=\"Cylindrique avec 2 poign\u00e9es\" > Cylindrique avec 2 poign\u00e9es <\/td><\/tr><tr ><td data-cell-id=\"A3\" data-x=\"0\" data-y=\"3\" class=\"htCenter\" data-original-value=\"Q 30L OT\" data-order=\"Q 30L OT\" > Q 30L OT <\/td><td data-cell-id=\"B3\" data-x=\"1\" data-y=\"3\" class=\"htCenter\" data-original-value=\"30 litres\" data-order=\"30 litres\" > 30 litres <\/td><td data-cell-id=\"C3\" data-x=\"2\" data-y=\"3\" class=\"htCenter\" data-original-value=\"Oui en X\" data-order=\"Oui en X\" > Oui en X <\/td><td data-cell-id=\"D3\" data-x=\"3\" data-y=\"3\" class=\"htCenter\" data-original-value=\"3.15 Kg\" data-order=\"3.15 Kg\" > 3.15 Kg <\/td><td data-cell-id=\"E3\" data-x=\"4\" data-y=\"3\" class=\"htCenter\" data-original-value=\"Bleu\" data-order=\"Bleu\" > Bleu <\/td><td data-cell-id=\"F3\" data-x=\"5\" data-y=\"3\" class=\"htCenter\" data-original-value=\"100\" data-order=\"100\" > 100 <\/td><td data-cell-id=\"G3\" data-x=\"6\" data-y=\"3\" class=\"htCenter\" data-original-value=\"Rectangulaire 2 poign\u00e9es moul\u00e9es\" data-order=\"Rectangulaire 2 poign\u00e9es moul\u00e9es\" > Rectangulaire 2 poign\u00e9es moul\u00e9es <\/td><\/tr><tr ><td data-cell-id=\"A4\" data-x=\"0\" data-y=\"4\" class=\"htCenter\" data-original-value=\"B 60L OT\" data-order=\"B 60L OT\" > B 60L OT <\/td><td data-cell-id=\"B4\" data-x=\"1\" data-y=\"4\" class=\"htCenter\" data-original-value=\"60 litres\" data-order=\"60 litres\" > 60 litres <\/td><td data-cell-id=\"C4\" data-x=\"2\" data-y=\"4\" class=\"htCenter\" data-original-value=\"Oui en X\" data-order=\"Oui en X\" > Oui en X <\/td><td data-cell-id=\"D4\" data-x=\"3\" data-y=\"4\" class=\"htCenter\" data-original-value=\"1.85 Kg\" data-order=\"1.85 Kg\" > 1.85 Kg <\/td><td data-cell-id=\"E4\" data-x=\"4\" data-y=\"4\" class=\"htCenter\" data-original-value=\"Bleu\" data-order=\"Bleu\" > Bleu <\/td><td data-cell-id=\"F4\" data-x=\"5\" data-y=\"4\" class=\"htCenter\" data-original-value=\"36\" data-order=\"36\" > 36 <\/td><td data-cell-id=\"G4\" data-x=\"6\" data-y=\"4\" class=\"htCenter\" data-original-value=\"Cylindrique avec 2 poign\u00e9es\" data-order=\"Cylindrique avec 2 poign\u00e9es\" > Cylindrique avec 2 poign\u00e9es <\/td><\/tr><tr ><td data-cell-id=\"A5\" data-x=\"0\" data-y=\"5\" class=\"htCenter\" data-original-value=\"Q 60L OT\" data-order=\"Q 60L OT\" > Q 60L OT <\/td><td data-cell-id=\"B5\" data-x=\"1\" data-y=\"5\" class=\"htCenter\" data-original-value=\"60 litres\" data-order=\"60 litres\" > 60 litres <\/td><td data-cell-id=\"C5\" data-x=\"2\" data-y=\"5\" class=\"htCenter\" data-original-value=\"Oui en X\" data-order=\"Oui en X\" > Oui en X <\/td><td data-cell-id=\"D5\" data-x=\"3\" data-y=\"5\" class=\"htCenter\" data-original-value=\"2.95 Kg\" data-order=\"2.95 Kg\" > 2.95 Kg <\/td><td data-cell-id=\"E5\" data-x=\"4\" data-y=\"5\" class=\"htCenter\" data-original-value=\"Bleu\" data-order=\"Bleu\" > Bleu <\/td><td data-cell-id=\"F5\" data-x=\"5\" data-y=\"5\" class=\"htCenter\" data-original-value=\"54\" data-order=\"54\" > 54 <\/td><td data-cell-id=\"G5\" data-x=\"6\" data-y=\"5\" class=\"htCenter\" data-original-value=\"Rectangulaire avec 2 poign\u00e9es\" data-order=\"Rectangulaire avec 2 poign\u00e9es\" > Rectangulaire avec 2 poign\u00e9es <\/td><\/tr><tr ><td data-cell-id=\"A6\" data-x=\"0\" data-y=\"6\" class=\"htCenter\" data-original-value=\"B 100L OT\" data-order=\"B 100L OT\" > B 100L OT <\/td><td data-cell-id=\"B6\" data-x=\"1\" data-y=\"6\" class=\"htCenter\" data-original-value=\"100 litres\" data-order=\"100 litres\" > 100 litres <\/td><td data-cell-id=\"C6\" data-x=\"2\" data-y=\"6\" class=\"htCenter\" data-original-value=\"Oui en X\" data-order=\"Oui en X\" > Oui en X <\/td><td data-cell-id=\"D6\" data-x=\"3\" data-y=\"6\" class=\"htCenter\" data-original-value=\"5 Kg\" data-order=\"5 Kg\" > 5 Kg <\/td><td data-cell-id=\"E6\" data-x=\"4\" data-y=\"6\" class=\"htCenter\" data-original-value=\"Bleu\" data-order=\"Bleu\" > Bleu <\/td><td data-cell-id=\"F6\" data-x=\"5\" data-y=\"6\" class=\"htCenter\" data-original-value=\"24\" data-order=\"24\" > 24 <\/td><td data-cell-id=\"G6\" data-x=\"6\" data-y=\"6\" class=\"htCenter\" data-original-value=\"Cylindrique\" data-order=\"Cylindrique\" > Cylindrique <\/td><\/tr><tr ><td data-cell-id=\"A7\" data-x=\"0\" data-y=\"7\" class=\"htCenter\" data-original-value=\"M 120L OT\" data-order=\"M 120L OT\" > M 120L OT <\/td><td data-cell-id=\"B7\" data-x=\"1\" data-y=\"7\" class=\"htCenter\" data-original-value=\"120 litres\" data-order=\"120 litres\" > 120 litres <\/td><td data-cell-id=\"C7\" data-x=\"2\" data-y=\"7\" class=\"htCenter\" data-original-value=\"Oui en X\" data-order=\"Oui en X\" > Oui en X <\/td><td data-cell-id=\"D7\" data-x=\"3\" data-y=\"7\" class=\"htCenter\" data-original-value=\"4.90 Kg\" data-order=\"4.90 Kg\" > 4.90 Kg <\/td><td data-cell-id=\"E7\" data-x=\"4\" data-y=\"7\" class=\"htCenter\" data-original-value=\"Bleu\" data-order=\"Bleu\" > Bleu <\/td><td data-cell-id=\"F7\" data-x=\"5\" data-y=\"7\" class=\"htCenter\" data-original-value=\"15\" data-order=\"15\" > 15 <\/td><td data-cell-id=\"G7\" data-x=\"6\" data-y=\"7\" class=\"htCenter\" data-original-value=\"Cylindrique\" data-order=\"Cylindrique\" > Cylindrique <\/td><\/tr><tr ><td data-cell-id=\"A8\" data-x=\"0\" data-y=\"8\" class=\"htCenter\" data-original-value=\"M 150L OT\" data-order=\"M 150L OT\" > M 150L OT <\/td><td data-cell-id=\"B8\" data-x=\"1\" data-y=\"8\" class=\"htCenter\" data-original-value=\"150 litres\" data-order=\"150 litres\" > 150 litres <\/td><td data-cell-id=\"C8\" data-x=\"2\" data-y=\"8\" class=\"htCenter\" data-original-value=\"Oui en X\" data-order=\"Oui en X\" > Oui en X <\/td><td data-cell-id=\"D8\" data-x=\"3\" data-y=\"8\" class=\"htCenter\" data-original-value=\"6 Kg\" data-order=\"6 Kg\" > 6 Kg <\/td><td data-cell-id=\"E8\" data-x=\"4\" data-y=\"8\" class=\"htCenter\" data-original-value=\"Bleu\" data-order=\"Bleu\" > Bleu <\/td><td data-cell-id=\"F8\" data-x=\"5\" data-y=\"8\" class=\"htCenter\" data-original-value=\"10\" data-order=\"10\" > 10 <\/td><td data-cell-id=\"G8\" data-x=\"6\" data-y=\"8\" class=\"htCenter\" data-original-value=\"Cylindrique\" data-order=\"Cylindrique\" > Cylindrique <\/td><\/tr><tr ><td data-cell-id=\"A9\" data-x=\"0\" data-y=\"9\" class=\"htCenter\" data-original-value=\"M 220L OT\" data-order=\"M 220L OT\" > M 220L OT <\/td><td data-cell-id=\"B9\" data-x=\"1\" data-y=\"9\" class=\"htCenter\" data-original-value=\"220 litres\" data-order=\"220 litres\" > 220 litres <\/td><td data-cell-id=\"C9\" data-x=\"2\" data-y=\"9\" class=\"htCenter\" data-original-value=\"Oui en X\" data-order=\"Oui en X\" > Oui en X <\/td><td data-cell-id=\"D9\" data-x=\"3\" data-y=\"9\" class=\"htCenter\" data-original-value=\"8.80 Kg\" data-order=\"8.80 Kg\" > 8.80 Kg <\/td><td data-cell-id=\"E9\" data-x=\"4\" data-y=\"9\" class=\"htCenter\" data-original-value=\"Bleu\" data-order=\"Bleu\" > Bleu <\/td><td data-cell-id=\"F9\" data-x=\"5\" data-y=\"9\" class=\"htCenter\" data-original-value=\"8\" data-order=\"8\" > 8 <\/td><td data-cell-id=\"G9\" data-x=\"6\" data-y=\"9\" class=\"htCenter\" data-original-value=\"Cylindrique\" data-order=\"Cylindrique\" > Cylindrique <\/td><\/tr><\/tbody><\/table><!-- \/#supsystic-table-11.supsystic-table --><\/div><!-- \/.supsystic-tables-wrap --><!-- Tables Generator by Supsystic --><!-- Version: 1.8.6 --><!-- http:\/\/supsystic.com\/ --><\/p>\n","protected":false},"author":1,"featured_media":0,"parent":185,"menu_order":0,"comment_status":"closed","ping_status":"closed","template":"","meta":{"_et_pb_use_builder":"on","_et_pb_old_content":"","_et_gb_content_width":"","footnotes":""},"class_list":["post-187","page","type-page","status-publish","hentry"],"_links":{"self":[{"href":"https:\/\/www.mfrance.fr\/neuf\/wp-json\/wp\/v2\/pages\/187","targetHints":{"allow":["GET"]}}],"collection":[{"href":"https:\/\/www.mfrance.fr\/neuf\/wp-json\/wp\/v2\/pages"}],"about":[{"href":"https:\/\/www.mfrance.fr\/neuf\/wp-json\/wp\/v2\/types\/page"}],"author":[{"embeddable":true,"href":"https:\/\/www.mfrance.fr\/neuf\/wp-json\/wp\/v2\/users\/1"}],"replies":[{"embeddable":true,"href":"https:\/\/www.mfrance.fr\/neuf\/wp-json\/wp\/v2\/comments?post=187"}],"version-history":[{"count":13,"href":"https:\/\/www.mfrance.fr\/neuf\/wp-json\/wp\/v2\/pages\/187\/revisions"}],"predecessor-version":[{"id":480,"href":"https:\/\/www.mfrance.fr\/neuf\/wp-json\/wp\/v2\/pages\/187\/revisions\/480"}],"up":[{"embeddable":true,"href":"https:\/\/www.mfrance.fr\/neuf\/wp-json\/wp\/v2\/pages\/185"}],"wp:attachment":[{"href":"https:\/\/www.mfrance.fr\/neuf\/wp-json\/wp\/v2\/media?parent=187"}],"curies":[{"name":"wp","href":"https:\/\/api.w.org\/{rel}","templated":true}]}}