{"id":188,"date":"2015-10-19T14:03:52","date_gmt":"2015-10-19T13:03:52","guid":{"rendered":"http:\/\/www.mfrance.fr\/neuf\/?page_id=188"},"modified":"2015-12-04T10:00:18","modified_gmt":"2015-12-04T09:00:18","slug":"futs-metalliques","status":"publish","type":"page","link":"https:\/\/www.mfrance.fr\/neuf\/produits\/futs\/futs-metalliques\/","title":{"rendered":"F\u00fbts m\u00e9talliques"},"content":{"rendered":"<p>[et_pb_section admin_label=\u00a0\u00bbsection\u00a0\u00bb fullwidth=\u00a0\u00bbon\u00a0\u00bb specialty=\u00a0\u00bboff\u00a0\u00bb transparent_background=\u00a0\u00bboff\u00a0\u00bb background_color=\u00a0\u00bb#04235e\u00a0\u00bb allow_player_pause=\u00a0\u00bboff\u00a0\u00bb inner_shadow=\u00a0\u00bboff\u00a0\u00bb parallax=\u00a0\u00bboff\u00a0\u00bb parallax_method=\u00a0\u00bboff\u00a0\u00bb padding_mobile=\u00a0\u00bboff\u00a0\u00bb make_fullwidth=\u00a0\u00bboff\u00a0\u00bb use_custom_width=\u00a0\u00bboff\u00a0\u00bb width_unit=\u00a0\u00bbon\u00a0\u00bb make_equal=\u00a0\u00bboff\u00a0\u00bb use_custom_gutter=\u00a0\u00bboff\u00a0\u00bb][et_pb_fullwidth_header admin_label=\u00a0\u00bbEn-t\u00eate plein \u00e9cran\u00a0\u00bb title=\u00a0\u00bbF\u00fbts m\u00e9talliques\u00a0\u00bb background_layout=\u00a0\u00bbdark\u00a0\u00bb text_orientation=\u00a0\u00bbleft\u00a0\u00bb header_fullscreen=\u00a0\u00bboff\u00a0\u00bb header_scroll_down=\u00a0\u00bboff\u00a0\u00bb parallax=\u00a0\u00bboff\u00a0\u00bb parallax_method=\u00a0\u00bboff\u00a0\u00bb content_orientation=\u00a0\u00bbcenter\u00a0\u00bb image_orientation=\u00a0\u00bbcenter\u00a0\u00bb custom_button_one=\u00a0\u00bboff\u00a0\u00bb button_one_letter_spacing=\u00a0\u00bb0&Prime; button_one_use_icon=\u00a0\u00bbdefault\u00a0\u00bb button_one_icon_placement=\u00a0\u00bbright\u00a0\u00bb button_one_on_hover=\u00a0\u00bbon\u00a0\u00bb button_one_letter_spacing_hover=\u00a0\u00bb0&Prime; custom_button_two=\u00a0\u00bboff\u00a0\u00bb button_two_letter_spacing=\u00a0\u00bb0&Prime; button_two_use_icon=\u00a0\u00bbdefault\u00a0\u00bb button_two_icon_placement=\u00a0\u00bbright\u00a0\u00bb button_two_on_hover=\u00a0\u00bbon\u00a0\u00bb button_two_letter_spacing_hover=\u00a0\u00bb0&Prime;] [\/et_pb_fullwidth_header][\/et_pb_section][et_pb_section admin_label=\u00a0\u00bbsection\u00a0\u00bb inner_shadow=\u00a0\u00bboff\u00a0\u00bb parallax=\u00a0\u00bboff\u00a0\u00bb][et_pb_row admin_label=\u00a0\u00bbLigne\u00a0\u00bb][et_pb_column type=\u00a0\u00bb1_3&Prime;][et_pb_sidebar admin_label=\u00a0\u00bbBarre lat\u00e9rale\u00a0\u00bb orientation=\u00a0\u00bbleft\u00a0\u00bb area=\u00a0\u00bbet_pb_widget_area_3&Prime; background_layout=\u00a0\u00bbdark\u00a0\u00bb remove_border=\u00a0\u00bboff\u00a0\u00bb module_class=\u00a0\u00bbmenu-vertical\u00a0\u00bb] [\/et_pb_sidebar][\/et_pb_column][et_pb_column type=\u00a0\u00bb2_3&Prime;][et_pb_text admin_label=\u00a0\u00bbTexte\u00a0\u00bb background_layout=\u00a0\u00bblight\u00a0\u00bb text_orientation=\u00a0\u00bbleft\u00a0\u00bb use_border_color=\u00a0\u00bboff\u00a0\u00bb border_color=\u00a0\u00bb#ffffff\u00a0\u00bb border_style=\u00a0\u00bbsolid\u00a0\u00bb]<\/p>\n<h2>F\u00fbt Neufs en Acier Cylindrique de 30 \u00e0 240 litres<\/h2>\n<ul>\n<li>Gamme enti\u00e8rement homologu\u00e9e ONU.<img loading=\"lazy\" decoding=\"async\" class=\"alignright size-medium wp-image-576\" src=\"https:\/\/www.mfrance.fr\/neuf\/wp-content\/uploads\/sites\/2\/2015\/12\/P1070535-e1449219513576-300x176.jpg\" alt=\"P1070535\" width=\"300\" height=\"176\" srcset=\"https:\/\/www.mfrance.fr\/neuf\/wp-content\/uploads\/sites\/2\/2015\/12\/P1070535-e1449219513576-300x176.jpg 300w, https:\/\/www.mfrance.fr\/neuf\/wp-content\/uploads\/sites\/2\/2015\/12\/P1070535-e1449219513576.jpg 486w\" sizes=\"(max-width: 300px) 100vw, 300px\" \/><\/li>\n<li>Qualit\u00e9 Alimentaire<\/li>\n<li>Vernis \u00e9poxy ph\u00e9nolique ou Brut Int\u00e9rieur<\/li>\n<li>Couleurs RAL (Bleu, gris, vert, brun\u2026)<\/li>\n<li>F\u00fbt iso-container pour facilit\u00e9 le chargement en container.<\/li>\n<\/ul>\n<p><strong>Convient pour :<\/strong> produits chimiques, peintures, produits alimentaires, pharmaceutiques, cosm\u00e9tiques, d\u00e9chets\u2026.<\/p>\n<p><strong>Accessoires :<\/strong> cerclage, couvercle, languettes de s\u00e9curit\u00e9s (m\u00e9tal ou plastique), Robinets, capsules, sertisseuses\u2026<\/p>\n<p>&nbsp;<\/p>\n<p>&nbsp;<\/p>\n<div class=\"supsystic-table-loader spinner\" ><\/div><div id=\"supsystic-table-20_10\" class=\"supsystic-tables-wrap \" style=\" visibility: hidden; \" ><table id=\"supsystic-table-20\" class=\"supsystic-table border lightboxImg cell-border \" data-id=\"20\" data-view-id=\"20_10\" data-title=\"F\u00fbt Acier Neuf\" data-currency-format=\"$1,0.00\" data-percent-format=\"1.00%\" data-date-format=\"DD.MM.YYYY\" data-time-format=\"HH:mm\" data-features=\"[&quot;auto_width&quot;]\" data-lightbox-img=\"\" data-head=\"on\" data-lang=\"default\" data-override=\"{&quot;file&quot;:&quot;default&quot;,&quot;emptyTable&quot;:&quot;&quot;,&quot;info&quot;:&quot;&quot;,&quot;infoEmpty&quot;:&quot;&quot;,&quot;infoFiltered&quot;:&quot;&quot;,&quot;lengthMenu&quot;:&quot;&quot;,&quot;search&quot;:&quot;&quot;,&quot;zeroRecords&quot;:&quot;&quot;}\" data-merged=\"[]\" data-responsive-mode=\"1\" data-from-history=\"0\" ><thead><tr><th data-cell-id=\"A1\" data-x=\"0\" data-y=\"1\" class=\"color-ffffff bg-04245e\" data-original-value=\"Gamme\" data-order=\"Gamme\" > Gamme <\/th><th data-cell-id=\"B1\" data-x=\"1\" data-y=\"1\" class=\"color-ffffff bg-04245e\" data-original-value=\"Capacit\u00e9\" data-order=\"Capacit\u00e9\" > Capacit\u00e9 <\/th><th data-cell-id=\"C1\" data-x=\"2\" data-y=\"1\" class=\"color-ffffff bg-04245e\" data-original-value=\"Homologation\" data-order=\"Homologation\" > Homologation <\/th><\/tr><\/thead><tbody><tr ><td data-cell-id=\"A2\" data-x=\"0\" data-y=\"2\" class=\"color-000000\" data-original-value=\"F\u00fbts ouverture partielle (A bondes 2\u2019\u2019 et \u00be\u2019\u2019)\" data-order=\"F\u00fbts ouverture partielle (A bondes 2\u2019\u2019 et \u00be\u2019\u2019)\" > F\u00fbts ouverture partielle (A bondes 2\u2019\u2019 et \u00be\u2019\u2019) <\/td><td data-cell-id=\"B2\" data-x=\"1\" data-y=\"2\" class=\"color-000000\" data-original-value=\"30, 60, 63, 120, 217, 225 et 240 litres\" data-order=\"30, 60, 63, 120, 217, 225 et 240 litres\" > 30, 60, 63, 120, 217, 225 et 240 litres <\/td><td data-cell-id=\"C2\" data-x=\"2\" data-y=\"2\" class=\"color-000000\" data-original-value=\"Produits liquides\" data-order=\"Produits liquides\" > Produits liquides <\/td><\/tr><tr ><td data-cell-id=\"A3\" data-x=\"0\" data-y=\"3\" class=\"\" data-original-value=\"F\u00fbt ouverture Totale OT\" data-order=\"F\u00fbt ouverture Totale OT\" > F\u00fbt ouverture Totale OT <\/td><td data-cell-id=\"B3\" data-x=\"1\" data-y=\"3\" class=\"\" data-original-value=\"215, 223 et 238 litres\" data-order=\"215, 223 et 238 litres\" > 215, 223 et 238 litres <\/td><td data-cell-id=\"C3\" data-x=\"2\" data-y=\"3\" class=\"\" data-original-value=\"Produits solides\" data-order=\"Produits solides\" > Produits solides <\/td><\/tr><tr ><td data-cell-id=\"A4\" data-x=\"0\" data-y=\"4\" class=\"color-000000\" data-original-value=\"F\u00fbt Ouverture Totale + Bondes\" data-order=\"F\u00fbt Ouverture Totale + Bondes\" > F\u00fbt Ouverture Totale + Bondes <\/td><td data-cell-id=\"B4\" data-x=\"1\" data-y=\"4\" class=\"color-000000\" data-original-value=\"215, 223 et 238 litres\" data-order=\"215, 223 et 238 litres\" > 215, 223 et 238 litres <\/td><td data-cell-id=\"C4\" data-x=\"2\" data-y=\"4\" class=\"color-000000\" data-original-value=\"Produits solides OU Produits Liquides\" data-order=\"Produits solides OU Produits Liquides\" > Produits solides OU Produits Liquides <\/td><\/tr><tr ><td data-cell-id=\"A5\" data-x=\"0\" data-y=\"5\" class=\"\" data-original-value=\"F\u00fbt Tronconique (OT avec ou sans couvercle PE)\" data-order=\"F\u00fbt Tronconique (OT avec ou sans couvercle PE)\" > F\u00fbt Tronconique (OT avec ou sans couvercle PE) <\/td><td data-cell-id=\"B5\" data-x=\"1\" data-y=\"5\" class=\"\" data-original-value=\"220 litres\" data-order=\"220 litres\" > 220 litres <\/td><td data-cell-id=\"C5\" data-x=\"2\" data-y=\"5\" class=\"\" data-original-value=\"NON\" data-order=\"NON\" > NON <\/td><\/tr><\/tbody><\/table><!-- \/#supsystic-table-20.supsystic-table --><\/div><!-- \/.supsystic-tables-wrap --><!-- Tables Generator by Supsystic --><!-- Version: 1.8.6 --><!-- http:\/\/supsystic.com\/ -->\n<p>[\/et_pb_text][\/et_pb_column][\/et_pb_row][\/et_pb_section]<\/p>\n","protected":false},"excerpt":{"rendered":"<p>F\u00fbt Neufs en Acier Cylindrique de 30 \u00e0 240 litres Gamme enti\u00e8rement homologu\u00e9e ONU. Qualit\u00e9 Alimentaire Vernis \u00e9poxy ph\u00e9nolique ou Brut Int\u00e9rieur Couleurs RAL (Bleu, gris, vert, brun\u2026) F\u00fbt iso-container pour facilit\u00e9 le chargement en container. Convient pour : produits chimiques, peintures, produits alimentaires, pharmaceutiques, cosm\u00e9tiques, d\u00e9chets\u2026. Accessoires : cerclage, couvercle, languettes de s\u00e9curit\u00e9s (m\u00e9tal [&hellip;]<\/p>\n","protected":false},"author":1,"featured_media":0,"parent":57,"menu_order":0,"comment_status":"closed","ping_status":"closed","template":"","meta":{"_et_pb_use_builder":"on","_et_pb_old_content":"","_et_gb_content_width":"","footnotes":""},"class_list":["post-188","page","type-page","status-publish","hentry"],"_links":{"self":[{"href":"https:\/\/www.mfrance.fr\/neuf\/wp-json\/wp\/v2\/pages\/188","targetHints":{"allow":["GET"]}}],"collection":[{"href":"https:\/\/www.mfrance.fr\/neuf\/wp-json\/wp\/v2\/pages"}],"about":[{"href":"https:\/\/www.mfrance.fr\/neuf\/wp-json\/wp\/v2\/types\/page"}],"author":[{"embeddable":true,"href":"https:\/\/www.mfrance.fr\/neuf\/wp-json\/wp\/v2\/users\/1"}],"replies":[{"embeddable":true,"href":"https:\/\/www.mfrance.fr\/neuf\/wp-json\/wp\/v2\/comments?post=188"}],"version-history":[{"count":12,"href":"https:\/\/www.mfrance.fr\/neuf\/wp-json\/wp\/v2\/pages\/188\/revisions"}],"predecessor-version":[{"id":595,"href":"https:\/\/www.mfrance.fr\/neuf\/wp-json\/wp\/v2\/pages\/188\/revisions\/595"}],"up":[{"embeddable":true,"href":"https:\/\/www.mfrance.fr\/neuf\/wp-json\/wp\/v2\/pages\/57"}],"wp:attachment":[{"href":"https:\/\/www.mfrance.fr\/neuf\/wp-json\/wp\/v2\/media?parent=188"}],"curies":[{"name":"wp","href":"https:\/\/api.w.org\/{rel}","templated":true}]}}