{"id":207,"date":"2015-10-19T14:06:17","date_gmt":"2015-10-19T13:06:17","guid":{"rendered":"http:\/\/www.mfrance.fr\/neuf\/?page_id=207"},"modified":"2019-07-26T09:38:32","modified_gmt":"2019-07-26T08:38:32","slug":"seaux-plastiques-homologues-un","status":"publish","type":"page","link":"https:\/\/www.mfrance.fr\/neuf\/produits\/seaux-polypropylenes\/seaux-plastiques-homologues-un\/","title":{"rendered":"Seaux plastiques Homologu\u00e9s UN"},"content":{"rendered":"<p>[et_pb_section bb_built=\u00a0\u00bb1&Prime; admin_label=\u00a0\u00bbsection\u00a0\u00bb fullwidth=\u00a0\u00bbon\u00a0\u00bb specialty=\u00a0\u00bboff\u00a0\u00bb transparent_background=\u00a0\u00bboff\u00a0\u00bb background_color=\u00a0\u00bb#04235e\u00a0\u00bb allow_player_pause=\u00a0\u00bboff\u00a0\u00bb inner_shadow=\u00a0\u00bboff\u00a0\u00bb parallax=\u00a0\u00bboff\u00a0\u00bb parallax_method=\u00a0\u00bboff\u00a0\u00bb padding_mobile=\u00a0\u00bboff\u00a0\u00bb make_fullwidth=\u00a0\u00bboff\u00a0\u00bb use_custom_width=\u00a0\u00bboff\u00a0\u00bb width_unit=\u00a0\u00bbon\u00a0\u00bb make_equal=\u00a0\u00bboff\u00a0\u00bb use_custom_gutter=\u00a0\u00bboff\u00a0\u00bb custom_padding_tablet=\u00a0\u00bb50px|0|50px|0&Prime; custom_padding_last_edited=\u00a0\u00bbon|desktop\u00a0\u00bb next_background_color=\u00a0\u00bb#ffffff\u00a0\u00bb][et_pb_fullwidth_header title=\u00a0\u00bbSeaux plastiques Homologu\u00e9s UN\u00a0\u00bb background_layout=\u00a0\u00bbdark\u00a0\u00bb text_orientation=\u00a0\u00bbleft\u00a0\u00bb header_fullscreen=\u00a0\u00bboff\u00a0\u00bb header_scroll_down=\u00a0\u00bboff\u00a0\u00bb parallax=\u00a0\u00bboff\u00a0\u00bb parallax_method=\u00a0\u00bboff\u00a0\u00bb content_orientation=\u00a0\u00bbcenter\u00a0\u00bb image_orientation=\u00a0\u00bbcenter\u00a0\u00bb custom_button_one=\u00a0\u00bboff\u00a0\u00bb button_one_letter_spacing=\u00a0\u00bb0&Prime; button_one_use_icon=\u00a0\u00bbdefault\u00a0\u00bb button_one_icon_placement=\u00a0\u00bbright\u00a0\u00bb button_one_on_hover=\u00a0\u00bbon\u00a0\u00bb button_one_letter_spacing_hover=\u00a0\u00bb0&Prime; custom_button_two=\u00a0\u00bboff\u00a0\u00bb button_two_letter_spacing=\u00a0\u00bb0&Prime; button_two_use_icon=\u00a0\u00bbdefault\u00a0\u00bb button_two_icon_placement=\u00a0\u00bbright\u00a0\u00bb button_two_on_hover=\u00a0\u00bbon\u00a0\u00bb button_two_letter_spacing_hover=\u00a0\u00bb0&Prime; content_max_width=\u00a0\u00bb100%\u00a0\u00bb background_color=\u00a0\u00bbrgba(255, 255, 255, 0)\u00a0\u00bb]<br \/>\n[\/et_pb_fullwidth_header][\/et_pb_section][et_pb_section bb_built=\u00a0\u00bb1&Prime; admin_label=\u00a0\u00bbsection\u00a0\u00bb inner_shadow=\u00a0\u00bboff\u00a0\u00bb parallax=\u00a0\u00bboff\u00a0\u00bb prev_background_color=\u00a0\u00bb#04235e\u00a0\u00bb][et_pb_row background_position=\u00a0\u00bbtop_left\u00a0\u00bb background_repeat=\u00a0\u00bbrepeat\u00a0\u00bb background_size=\u00a0\u00bbinitial\u00a0\u00bb][et_pb_column type=\u00a0\u00bb1_3&Prime;][et_pb_sidebar orientation=\u00a0\u00bbleft\u00a0\u00bb area=\u00a0\u00bbet_pb_widget_area_7&Prime; background_layout=\u00a0\u00bbdark\u00a0\u00bb remove_border=\u00a0\u00bboff\u00a0\u00bb module_class=\u00a0\u00bbmenu-vertical\u00a0\u00bb show_border=\u00a0\u00bbon\u00a0\u00bb]<br \/>\n[\/et_pb_sidebar][\/et_pb_column][et_pb_column type=\u00a0\u00bb2_3&Prime;][et_pb_text use_border_color=\u00a0\u00bboff\u00a0\u00bb background_position=\u00a0\u00bbtop_left\u00a0\u00bb background_repeat=\u00a0\u00bbrepeat\u00a0\u00bb background_size=\u00a0\u00bbinitial\u00a0\u00bb _builder_version=\u00a0\u00bb3.10.1&Prime;]<\/p>\n<h2>Gamme de seaux plastiques Homologu\u00e9s ONU et qualit\u00e9 alimentaire de 3 litres \u00e0 60 litres<\/h2>\n<ul>\n<li>Seaux ronds en polypropyl\u00e8nes, tr\u00e8s r\u00e9sistan<img loading=\"lazy\" decoding=\"async\" class=\"size-full wp-image-540 alignright\" src=\"https:\/\/www.mfrance.fr\/neuf\/wp-content\/uploads\/sites\/2\/2015\/11\/seaux-UN.jpg\" alt=\"seaux UN\" width=\"252\" height=\"167\" \/>ts, homologu\u00e9s ONU solide,pour vos exp\u00e9ditions en toute s\u00e9curit\u00e9.<\/li>\n<li>Seau avec anse plastique standard ou m\u00e9tal sur demande.<\/li>\n<li>Couvercles inviolables, languette de s\u00e9curit\u00e9.<\/li>\n<li>Divers coloris possibles ainsi que les impr\u00e9ssions IML.<\/li>\n<li>Possibilit\u00e9 de pictogramme danger substances chimiques et toxiques<\/li>\n<\/ul>\n<p>&nbsp;<\/p>\n<div class=\"supsystic-table-loader spinner\" ><\/div><div id=\"supsystic-table-19_26735\" class=\"supsystic-tables-wrap \" style=\" visibility: hidden; \" ><table id=\"supsystic-table-19\" class=\"supsystic-table border lightboxImg cell-border \" data-id=\"19\" data-view-id=\"19_26735\" data-title=\"Seaux plastiques Homologu\u00e9s UN\" data-currency-format=\"$1,0.00\" data-percent-format=\"1.00%\" data-date-format=\"DD.MM.YYYY\" data-time-format=\"HH:mm\" data-features=\"[&quot;auto_width&quot;]\" data-lightbox-img=\"\" data-head=\"on\" data-lang=\"default\" data-override=\"{&quot;file&quot;:&quot;default&quot;,&quot;emptyTable&quot;:&quot;&quot;,&quot;info&quot;:&quot;&quot;,&quot;infoEmpty&quot;:&quot;&quot;,&quot;infoFiltered&quot;:&quot;&quot;,&quot;lengthMenu&quot;:&quot;&quot;,&quot;search&quot;:&quot;&quot;,&quot;zeroRecords&quot;:&quot;&quot;}\" data-merged=\"[]\" data-responsive-mode=\"1\" data-from-history=\"0\" ><thead><tr><th data-cell-id=\"A1\" data-x=\"0\" data-y=\"1\" class=\"color-ffffff bg-04245e\" data-original-value=\"Article Notre code\" data-order=\"Article Notre code\" > Article Notre code <\/th><th data-cell-id=\"B1\" data-x=\"1\" data-y=\"1\" class=\"color-ffffff bg-04245e\" data-original-value=\"Homologu\u00e9 ONU\" data-order=\"Homologu\u00e9 ONU\" > Homologu\u00e9 ONU <\/th><th data-cell-id=\"C1\" data-x=\"2\" data-y=\"1\" class=\"color-ffffff bg-04245e\" data-original-value=\"Capacit\u00e9 ras bord en litres\" data-order=\"Capacit\u00e9 ras bord en litres\" > Capacit\u00e9 ras bord en litres <\/th><th data-cell-id=\"D1\" data-x=\"3\" data-y=\"1\" class=\"color-ffffff bg-04245e\" data-original-value=\"\u00d8 sup\u00e9rieur (mm)\" data-order=\"\u00d8 sup\u00e9rieur (mm)\" > \u00d8 sup\u00e9rieur (mm) <\/th><th data-cell-id=\"E1\" data-x=\"4\" data-y=\"1\" class=\"color-ffffff bg-04245e\" data-original-value=\"\u00d8 inf\u00e9rieur (mm)\" data-order=\"\u00d8 inf\u00e9rieur (mm)\" > \u00d8 inf\u00e9rieur (mm) <\/th><th data-cell-id=\"F1\" data-x=\"5\" data-y=\"1\" class=\"color-ffffff bg-04245e\" data-original-value=\"Hauteur (mm)\" data-order=\"Hauteur (mm)\" > Hauteur (mm) <\/th><th data-cell-id=\"G1\" data-x=\"6\" data-y=\"1\" class=\"color-ffffff bg-04245e\" data-original-value=\"Anse\" data-order=\"Anse\" > Anse <\/th><th data-cell-id=\"H1\" data-x=\"7\" data-y=\"1\" class=\"color-ffffff bg-04245e\" data-original-value=\"Quantit\u00e9\/Palette ou Quantit\u00e9\/carton\" data-order=\"Quantit\u00e9\/Palette ou Quantit\u00e9\/carton\" > Quantit\u00e9\/Palette ou Quantit\u00e9\/carton <\/th><\/tr><\/thead><tbody><tr ><td data-cell-id=\"A2\" data-x=\"0\" data-y=\"2\" class=\"\" data-original-value=\"PRIMO 3,3\" data-order=\"PRIMO 3,3\" > PRIMO 3,3 <\/td><td data-cell-id=\"B2\" data-x=\"1\" data-y=\"2\" class=\"\" data-original-value=\"OUI\" data-order=\"OUI\" > OUI <\/td><td data-cell-id=\"C2\" data-x=\"2\" data-y=\"2\" class=\"\" data-original-value=\"3,37\" data-order=\"3,37\" > 3,37 <\/td><td data-cell-id=\"D2\" data-x=\"3\" data-y=\"2\" class=\"\" data-original-value=\"187\" data-order=\"187\" > 187 <\/td><td data-cell-id=\"E2\" data-x=\"4\" data-y=\"2\" class=\"\" data-original-value=\"173\" data-order=\"173\" > 173 <\/td><td data-cell-id=\"F2\" data-x=\"5\" data-y=\"2\" class=\"\" data-original-value=\"140\" data-order=\"140\" > 140 <\/td><td data-cell-id=\"G2\" data-x=\"6\" data-y=\"2\" class=\"\" data-original-value=\"Plastique\" data-order=\"Plastique\" > Plastique <\/td><td data-cell-id=\"H2\" data-x=\"7\" data-y=\"2\" class=\"\" data-original-value=\"768\/ carton\" data-order=\"768\/ carton\" > 768\/ carton <\/td><\/tr><tr ><td data-cell-id=\"A3\" data-x=\"0\" data-y=\"3\" class=\"\" data-original-value=\"PRIMO 5\" data-order=\"PRIMO 5\" > PRIMO 5 <\/td><td data-cell-id=\"B3\" data-x=\"1\" data-y=\"3\" class=\"\" data-original-value=\"OUI\" data-order=\"OUI\" > OUI <\/td><td data-cell-id=\"C3\" data-x=\"2\" data-y=\"3\" class=\"\" data-original-value=\"5,50\" data-order=\"5,50\" > 5,50 <\/td><td data-cell-id=\"D3\" data-x=\"3\" data-y=\"3\" class=\"\" data-original-value=\"215\" data-order=\"215\" > 215 <\/td><td data-cell-id=\"E3\" data-x=\"4\" data-y=\"3\" class=\"\" data-original-value=\"185\" data-order=\"185\" > 185 <\/td><td data-cell-id=\"F3\" data-x=\"5\" data-y=\"3\" class=\"\" data-original-value=\"191\" data-order=\"191\" > 191 <\/td><td data-cell-id=\"G3\" data-x=\"6\" data-y=\"3\" class=\"\" data-original-value=\"Plastique\" data-order=\"Plastique\" > Plastique <\/td><td data-cell-id=\"H3\" data-x=\"7\" data-y=\"3\" class=\"\" data-original-value=\"465\/ carton\" data-order=\"465\/ carton\" > 465\/ carton <\/td><\/tr><tr ><td data-cell-id=\"A4\" data-x=\"0\" data-y=\"4\" class=\"\" data-original-value=\"PRIMO 6,1\" data-order=\"PRIMO 6,1\" > PRIMO 6,1 <\/td><td data-cell-id=\"B4\" data-x=\"1\" data-y=\"4\" class=\"\" data-original-value=\"OUI\" data-order=\"OUI\" > OUI <\/td><td data-cell-id=\"C4\" data-x=\"2\" data-y=\"4\" class=\"\" data-original-value=\"6,26\" data-order=\"6,26\" > 6,26 <\/td><td data-cell-id=\"D4\" data-x=\"3\" data-y=\"4\" class=\"\" data-original-value=\"210\" data-order=\"210\" > 210 <\/td><td data-cell-id=\"E4\" data-x=\"4\" data-y=\"4\" class=\"\" data-original-value=\"183\" data-order=\"183\" > 183 <\/td><td data-cell-id=\"F4\" data-x=\"5\" data-y=\"4\" class=\"\" data-original-value=\"212\" data-order=\"212\" > 212 <\/td><td data-cell-id=\"G4\" data-x=\"6\" data-y=\"4\" class=\"\" data-original-value=\"Plastique\" data-order=\"Plastique\" > Plastique <\/td><td data-cell-id=\"H4\" data-x=\"7\" data-y=\"4\" class=\"\" data-original-value=\"465\/ carton\" data-order=\"465\/ carton\" > 465\/ carton <\/td><\/tr><tr ><td data-cell-id=\"A5\" data-x=\"0\" data-y=\"5\" class=\"\" data-original-value=\"PRIMO 7\" data-order=\"PRIMO 7\" > PRIMO 7 <\/td><td data-cell-id=\"B5\" data-x=\"1\" data-y=\"5\" class=\"\" data-original-value=\"OUI\" data-order=\"OUI\" > OUI <\/td><td data-cell-id=\"C5\" data-x=\"2\" data-y=\"5\" class=\"\" data-original-value=\"7,30\" data-order=\"7,30\" > 7,30 <\/td><td data-cell-id=\"D5\" data-x=\"3\" data-y=\"5\" class=\"\" data-original-value=\"215\" data-order=\"215\" > 215 <\/td><td data-cell-id=\"E5\" data-x=\"4\" data-y=\"5\" class=\"\" data-original-value=\"185\" data-order=\"185\" > 185 <\/td><td data-cell-id=\"F5\" data-x=\"5\" data-y=\"5\" class=\"\" data-original-value=\"240\" data-order=\"240\" > 240 <\/td><td data-cell-id=\"G5\" data-x=\"6\" data-y=\"5\" class=\"\" data-original-value=\"Plastique\" data-order=\"Plastique\" > Plastique <\/td><td data-cell-id=\"H5\" data-x=\"7\" data-y=\"5\" class=\"\" data-original-value=\"435\/ carton\" data-order=\"435\/ carton\" > 435\/ carton <\/td><\/tr><tr ><td data-cell-id=\"A6\" data-x=\"0\" data-y=\"6\" class=\"\" data-original-value=\"PRIMO 10\" data-order=\"PRIMO 10\" > PRIMO 10 <\/td><td data-cell-id=\"B6\" data-x=\"1\" data-y=\"6\" class=\"\" data-original-value=\"OUI\" data-order=\"OUI\" > OUI <\/td><td data-cell-id=\"C6\" data-x=\"2\" data-y=\"6\" class=\"\" data-original-value=\"11,92\" data-order=\"11,92\" > 11,92 <\/td><td data-cell-id=\"D6\" data-x=\"3\" data-y=\"6\" class=\"\" data-original-value=\"253\" data-order=\"253\" > 253 <\/td><td data-cell-id=\"E6\" data-x=\"4\" data-y=\"6\" class=\"\" data-original-value=\"223\" data-order=\"223\" > 223 <\/td><td data-cell-id=\"F6\" data-x=\"5\" data-y=\"6\" class=\"\" data-original-value=\"282\" data-order=\"282\" > 282 <\/td><td data-cell-id=\"G6\" data-x=\"6\" data-y=\"6\" class=\"\" data-original-value=\"Plastique\" data-order=\"Plastique\" > Plastique <\/td><td data-cell-id=\"H6\" data-x=\"7\" data-y=\"6\" class=\"\" data-original-value=\"832\/ palette\" data-order=\"832\/ palette\" > 832\/ palette <\/td><\/tr><tr ><td data-cell-id=\"A7\" data-x=\"0\" data-y=\"7\" class=\"\" data-original-value=\"PRIMO14\" data-order=\"PRIMO14\" > PRIMO14 <\/td><td data-cell-id=\"B7\" data-x=\"1\" data-y=\"7\" class=\"\" data-original-value=\"OUI\" data-order=\"OUI\" > OUI <\/td><td data-cell-id=\"C7\" data-x=\"2\" data-y=\"7\" class=\"\" data-original-value=\"16,30\" data-order=\"16,30\" > 16,30 <\/td><td data-cell-id=\"D7\" data-x=\"3\" data-y=\"7\" class=\"\" data-original-value=\"295\" data-order=\"295\" > 295 <\/td><td data-cell-id=\"E7\" data-x=\"4\" data-y=\"7\" class=\"\" data-original-value=\"265\" data-order=\"265\" > 265 <\/td><td data-cell-id=\"F7\" data-x=\"5\" data-y=\"7\" class=\"\" data-original-value=\"266\" data-order=\"266\" > 266 <\/td><td data-cell-id=\"G7\" data-x=\"6\" data-y=\"7\" class=\"\" data-original-value=\"Plastique\" data-order=\"Plastique\" > Plastique <\/td><td data-cell-id=\"H7\" data-x=\"7\" data-y=\"7\" class=\"\" data-original-value=\"528\/ palette\" data-order=\"528\/ palette\" > 528\/ palette <\/td><\/tr><tr ><td data-cell-id=\"A8\" data-x=\"0\" data-y=\"8\" class=\"\" data-original-value=\"CC 17000 B\" data-order=\"CC 17000 B\" > CC 17000 B <\/td><td data-cell-id=\"B8\" data-x=\"1\" data-y=\"8\" class=\"\" data-original-value=\"OUI\" data-order=\"OUI\" > OUI <\/td><td data-cell-id=\"C8\" data-x=\"2\" data-y=\"8\" class=\"\" data-original-value=\"17,90\" data-order=\"17,90\" > 17,90 <\/td><td data-cell-id=\"D8\" data-x=\"3\" data-y=\"8\" class=\"\" data-original-value=\"302\" data-order=\"302\" > 302 <\/td><td data-cell-id=\"E8\" data-x=\"4\" data-y=\"8\" class=\"\" data-original-value=\"262\" data-order=\"262\" > 262 <\/td><td data-cell-id=\"F8\" data-x=\"5\" data-y=\"8\" class=\"\" data-original-value=\"307\" data-order=\"307\" > 307 <\/td><td data-cell-id=\"G8\" data-x=\"6\" data-y=\"8\" class=\"\" data-original-value=\"Plastique\" data-order=\"Plastique\" > Plastique <\/td><td data-cell-id=\"H8\" data-x=\"7\" data-y=\"8\" class=\"\" data-original-value=\"600\/ palette\" data-order=\"600\/ palette\" > 600\/ palette <\/td><\/tr><tr ><td data-cell-id=\"A9\" data-x=\"0\" data-y=\"9\" class=\"\" data-original-value=\"PRIMO 21\" data-order=\"PRIMO 21\" > PRIMO 21 <\/td><td data-cell-id=\"B9\" data-x=\"1\" data-y=\"9\" class=\"\" data-original-value=\"OUI\" data-order=\"OUI\" > OUI <\/td><td data-cell-id=\"C9\" data-x=\"2\" data-y=\"9\" class=\"\" data-original-value=\"22,50\" data-order=\"22,50\" > 22,50 <\/td><td data-cell-id=\"D9\" data-x=\"3\" data-y=\"9\" class=\"\" data-original-value=\"298\" data-order=\"298\" > 298 <\/td><td data-cell-id=\"E9\" data-x=\"4\" data-y=\"9\" class=\"\" data-original-value=\"270\" data-order=\"270\" > 270 <\/td><td data-cell-id=\"F9\" data-x=\"5\" data-y=\"9\" class=\"\" data-original-value=\"363\" data-order=\"363\" > 363 <\/td><td data-cell-id=\"G9\" data-x=\"6\" data-y=\"9\" class=\"\" data-original-value=\"Plastique\" data-order=\"Plastique\" > Plastique <\/td><td data-cell-id=\"H9\" data-x=\"7\" data-y=\"9\" class=\"\" data-original-value=\"360\/ palette\" data-order=\"360\/ palette\" > 360\/ palette <\/td><\/tr><tr ><td data-cell-id=\"A10\" data-x=\"0\" data-y=\"10\" class=\"\" data-original-value=\"PRIMO 26\" data-order=\"PRIMO 26\" > PRIMO 26 <\/td><td data-cell-id=\"B10\" data-x=\"1\" data-y=\"10\" class=\"\" data-original-value=\"OUI\" data-order=\"OUI\" > OUI <\/td><td data-cell-id=\"C10\" data-x=\"2\" data-y=\"10\" class=\"\" data-original-value=\"27,00\" data-order=\"27,00\" > 27,00 <\/td><td data-cell-id=\"D10\" data-x=\"3\" data-y=\"10\" class=\"\" data-original-value=\"308\" data-order=\"308\" > 308 <\/td><td data-cell-id=\"E10\" data-x=\"4\" data-y=\"10\" class=\"\" data-original-value=\"275\" data-order=\"275\" > 275 <\/td><td data-cell-id=\"F10\" data-x=\"5\" data-y=\"10\" class=\"\" data-original-value=\"415\" data-order=\"415\" > 415 <\/td><td data-cell-id=\"G10\" data-x=\"6\" data-y=\"10\" class=\"\" data-original-value=\"Plastique\" data-order=\"Plastique\" > Plastique <\/td><td data-cell-id=\"H10\" data-x=\"7\" data-y=\"10\" class=\"\" data-original-value=\"360\/ palette\" data-order=\"360\/ palette\" > 360\/ palette <\/td><\/tr><tr ><td data-cell-id=\"A11\" data-x=\"0\" data-y=\"11\" class=\"\" data-original-value=\"SG 30\" data-order=\"SG 30\" > SG 30 <\/td><td data-cell-id=\"B11\" data-x=\"1\" data-y=\"11\" class=\"\" data-original-value=\"OUI\" data-order=\"OUI\" > OUI <\/td><td data-cell-id=\"C11\" data-x=\"2\" data-y=\"11\" class=\"\" data-original-value=\"32,00\" data-order=\"32,00\" > 32,00 <\/td><td data-cell-id=\"D11\" data-x=\"3\" data-y=\"11\" class=\"\" data-original-value=\"368\" data-order=\"368\" > 368 <\/td><td data-cell-id=\"E11\" data-x=\"4\" data-y=\"11\" class=\"\" data-original-value=\"326\" data-order=\"326\" > 326 <\/td><td data-cell-id=\"F11\" data-x=\"5\" data-y=\"11\" class=\"\" data-original-value=\"361\" data-order=\"361\" > 361 <\/td><td data-cell-id=\"G11\" data-x=\"6\" data-y=\"11\" class=\"\" data-original-value=\"Plastique + Poign\u00e9es lat\u00e9rales\" data-order=\"Plastique + Poign\u00e9es lat\u00e9rales\" > Plastique + Poign\u00e9es lat\u00e9rales <\/td><td data-cell-id=\"H11\" data-x=\"7\" data-y=\"11\" class=\"\" data-original-value=\"306\/ palette\" data-order=\"306\/ palette\" > 306\/ palette <\/td><\/tr><tr ><td data-cell-id=\"A12\" data-x=\"0\" data-y=\"12\" class=\"\" data-original-value=\"CC 60000\" data-order=\"CC 60000\" > CC 60000 <\/td><td data-cell-id=\"B12\" data-x=\"1\" data-y=\"12\" class=\"\" data-original-value=\"OUI\" data-order=\"OUI\" > OUI <\/td><td data-cell-id=\"C12\" data-x=\"2\" data-y=\"12\" class=\"\" data-original-value=\"61,20\" data-order=\"61,20\" > 61,20 <\/td><td data-cell-id=\"D12\" data-x=\"3\" data-y=\"12\" class=\"\" data-original-value=\"418\" data-order=\"418\" > 418 <\/td><td data-cell-id=\"E12\" data-x=\"4\" data-y=\"12\" class=\"\" data-original-value=\"342\" data-order=\"342\" > 342 <\/td><td data-cell-id=\"F12\" data-x=\"5\" data-y=\"12\" class=\"\" data-original-value=\"590\" data-order=\"590\" > 590 <\/td><td data-cell-id=\"G12\" data-x=\"6\" data-y=\"12\" class=\"\" data-original-value=\"Poign\u00e9es lat\u00e9rales\" data-order=\"Poign\u00e9es lat\u00e9rales\" > Poign\u00e9es lat\u00e9rales <\/td><td data-cell-id=\"H12\" data-x=\"7\" data-y=\"12\" class=\"\" data-original-value=\"200\/ palettes\" data-order=\"200\/ palettes\" > 200\/ palettes <\/td><\/tr><\/tbody><\/table><!-- \/#supsystic-table-19.supsystic-table --><\/div><!-- \/.supsystic-tables-wrap --><!-- Tables Generator by Supsystic --><!-- Version: 1.8.6 --><!-- http:\/\/supsystic.com\/ -->\n<p>[\/et_pb_text][\/et_pb_column][\/et_pb_row][\/et_pb_section]<\/p>\n","protected":false},"excerpt":{"rendered":"<p>Gamme de seaux plastiques Homologu\u00e9s ONU et qualit\u00e9 alimentaire de 3 litres \u00e0 60 litres Seaux ronds en polypropyl\u00e8nes, tr\u00e8s r\u00e9sistants, homologu\u00e9s ONU solide,pour vos exp\u00e9ditions en toute s\u00e9curit\u00e9. Seau avec anse plastique standard ou m\u00e9tal sur demande. Couvercles inviolables, languette de s\u00e9curit\u00e9. Divers coloris possibles ainsi que les impr\u00e9ssions IML. Possibilit\u00e9 de pictogramme danger [&hellip;]<\/p>\n","protected":false},"author":1,"featured_media":0,"parent":66,"menu_order":0,"comment_status":"closed","ping_status":"closed","template":"","meta":{"_et_pb_use_builder":"on","_et_pb_old_content":"","_et_gb_content_width":"","footnotes":""},"class_list":["post-207","page","type-page","status-publish","hentry"],"_links":{"self":[{"href":"https:\/\/www.mfrance.fr\/neuf\/wp-json\/wp\/v2\/pages\/207","targetHints":{"allow":["GET"]}}],"collection":[{"href":"https:\/\/www.mfrance.fr\/neuf\/wp-json\/wp\/v2\/pages"}],"about":[{"href":"https:\/\/www.mfrance.fr\/neuf\/wp-json\/wp\/v2\/types\/page"}],"author":[{"embeddable":true,"href":"https:\/\/www.mfrance.fr\/neuf\/wp-json\/wp\/v2\/users\/1"}],"replies":[{"embeddable":true,"href":"https:\/\/www.mfrance.fr\/neuf\/wp-json\/wp\/v2\/comments?post=207"}],"version-history":[{"count":15,"href":"https:\/\/www.mfrance.fr\/neuf\/wp-json\/wp\/v2\/pages\/207\/revisions"}],"predecessor-version":[{"id":759,"href":"https:\/\/www.mfrance.fr\/neuf\/wp-json\/wp\/v2\/pages\/207\/revisions\/759"}],"up":[{"embeddable":true,"href":"https:\/\/www.mfrance.fr\/neuf\/wp-json\/wp\/v2\/pages\/66"}],"wp:attachment":[{"href":"https:\/\/www.mfrance.fr\/neuf\/wp-json\/wp\/v2\/media?parent=207"}],"curies":[{"name":"wp","href":"https:\/\/api.w.org\/{rel}","templated":true}]}}