{"id":37,"date":"2015-10-16T15:09:48","date_gmt":"2015-10-16T14:09:48","guid":{"rendered":"http:\/\/www.mfrance.fr\/neuf\/?page_id=37"},"modified":"2019-10-30T10:32:30","modified_gmt":"2019-10-30T09:32:30","slug":"accueil","status":"publish","type":"page","link":"https:\/\/www.mfrance.fr\/neuf\/","title":{"rendered":"Accueil"},"content":{"rendered":"<p>[et_pb_section fb_built=\u00a0\u00bb1&Prime; fullwidth=\u00a0\u00bbon\u00a0\u00bb custom_padding_last_edited=\u00a0\u00bbon|desktop\u00a0\u00bb module_class=\u00a0\u00bbslider\u00a0\u00bb _builder_version=\u00a0\u00bb3.0.74&Prime; background_color=\u00a0\u00bb#000000&Prime; custom_padding_tablet=\u00a0\u00bb50px|0|50px|0&Prime; transparent_background=\u00a0\u00bboff\u00a0\u00bb padding_mobile=\u00a0\u00bboff\u00a0\u00bb][et_pb_fullwidth_slider _builder_version=\u00a0\u00bb3.0.99&Prime; header_line_height=\u00a0\u00bb1.4em\u00a0\u00bb background_size=\u00a0\u00bbdefault\u00a0\u00bb background_position=\u00a0\u00bbdefault\u00a0\u00bb box_shadow_style=\u00a0\u00bbpreset6&Prime; box_shadow_blur=\u00a0\u00bb10px\u00a0\u00bb box_shadow_color=\u00a0\u00bbrgba(0,0,0,0.1)\u00a0\u00bb custom_padding=\u00a0\u00bb|||\u00a0\u00bb custom_padding_tablet=\u00a0\u00bb|||\u00a0\u00bb custom_padding_phone=\u00a0\u00bb|||\u00a0\u00bb auto=\u00a0\u00bbon\u00a0\u00bb auto_speed=\u00a0\u00bb5000&Prime; remove_inner_shadow=\u00a0\u00bboff\u00a0\u00bb hide_content_on_mobile=\u00a0\u00bboff\u00a0\u00bb hide_cta_on_mobile=\u00a0\u00bboff\u00a0\u00bb show_inner_shadow=\u00a0\u00bbon\u00a0\u00bb][et_pb_slide heading=\u00a0\u00bbToutes vos solutions d\u2019emballages pour vos conditionnements de 30ml \u00e0 1 000L\u00a0\u00bb _builder_version=\u00a0\u00bb3.0.47&Prime; background_color=\u00a0\u00bbrgba(0,0,0,0.63)\u00a0\u00bb background_image=\u00a0\u00bbhttps:\/\/www.mfrance.fr\/neuf\/wp-content\/uploads\/sites\/2\/2015\/10\/IBC-Neufs.jpg\u00a0\u00bb background_size=\u00a0\u00bbdefault\u00a0\u00bb background_position=\u00a0\u00bbdefault\u00a0\u00bb button_icon_placement=\u00a0\u00bbright\u00a0\u00bb button_on_hover=\u00a0\u00bbon\u00a0\u00bb] [\/et_pb_slide][et_pb_slide _builder_version=\u00a0\u00bb3.0.47&Prime; background_color=\u00a0\u00bb#ffffff\u00a0\u00bb background_image=\u00a0\u00bbhttps:\/\/www.mfrance.fr\/neuf\/wp-content\/uploads\/sites\/2\/2015\/10\/slider2.jpg\u00a0\u00bb background_size=\u00a0\u00bbdefault\u00a0\u00bb background_position=\u00a0\u00bbdefault\u00a0\u00bb button_icon_placement=\u00a0\u00bbright\u00a0\u00bb button_on_hover=\u00a0\u00bbon\u00a0\u00bb] [\/et_pb_slide][et_pb_slide _builder_version=\u00a0\u00bb3.0.47&Prime; background_color=\u00a0\u00bb#ffffff\u00a0\u00bb background_image=\u00a0\u00bbhttps:\/\/www.mfrance.fr\/neuf\/wp-content\/uploads\/sites\/2\/2015\/10\/slider3.jpg\u00a0\u00bb background_size=\u00a0\u00bbdefault\u00a0\u00bb background_position=\u00a0\u00bbdefault\u00a0\u00bb button_icon_placement=\u00a0\u00bbright\u00a0\u00bb button_on_hover=\u00a0\u00bbon\u00a0\u00bb] [\/et_pb_slide][\/et_pb_fullwidth_slider][\/et_pb_section][et_pb_section fb_built=\u00a0\u00bb1&Prime; custom_padding_last_edited=\u00a0\u00bbon|desktop\u00a0\u00bb admin_label=\u00a0\u00bbsection\u00a0\u00bb _builder_version=\u00a0\u00bb3.0.74&Prime; background_color=\u00a0\u00bb#04235e\u00a0\u00bb custom_padding_tablet=\u00a0\u00bb50px|0|50px|0&Prime; transparent_background=\u00a0\u00bboff\u00a0\u00bb padding_mobile=\u00a0\u00bboff\u00a0\u00bb global_module=\u00a0\u00bb155&Prime;][et_pb_row admin_label=\u00a0\u00bbrow\u00a0\u00bb module_class=\u00a0\u00bbicons\u00a0\u00bb _builder_version=\u00a0\u00bb3.10.1&Prime; background_size=\u00a0\u00bbinitial\u00a0\u00bb background_position=\u00a0\u00bbtop_left\u00a0\u00bb background_repeat=\u00a0\u00bbrepeat\u00a0\u00bb][et_pb_column type=\u00a0\u00bb1_2&Prime; _builder_version=\u00a0\u00bb3.0.47&Prime; parallax=\u00a0\u00bboff\u00a0\u00bb parallax_method=\u00a0\u00bbon\u00a0\u00bb][et_pb_blurb title=\u00a0\u00bbSeaux polypropyl\u00e8nes\u00a0\u00bb url=\u00a0\u00bbhttps:\/\/www.mfrance.fr\/neuf\/produits\/seaux-polypropylenes\/seaux-plastiques-homologues-un\u00a0\u00bb image=\u00a0\u00bbhttps:\/\/www.mfrance.fr\/neuf\/wp-content\/uploads\/sites\/2\/2015\/10\/seaux-icon1.png\u00a0\u00bb alt=\u00a0\u00bbSeaux polypropyl\u00e8nes\u00a0\u00bb icon_placement=\u00a0\u00bbleft\u00a0\u00bb _builder_version=\u00a0\u00bb3.0.87&Prime; background_size=\u00a0\u00bbinitial\u00a0\u00bb background_position=\u00a0\u00bbtop_left\u00a0\u00bb background_repeat=\u00a0\u00bbrepeat\u00a0\u00bb background_layout=\u00a0\u00bbdark\u00a0\u00bb animation=\u00a0\u00bboff\u00a0\u00bb use_border_color=\u00a0\u00bboff\u00a0\u00bb border_color=\u00a0\u00bb#ffffff\u00a0\u00bb border_style=\u00a0\u00bbsolid\u00a0\u00bb]<\/p>\n<p>Seau Plastique Homologu\u00e9 ONU et Alimentaire.<\/p>\n<p>[\/et_pb_blurb][et_pb_blurb title=\u00a0\u00bbF\u00dbTS\u00a0\u00bb url=\u00a0\u00bbhttps:\/\/www.mfrance.fr\/neuf\/produits\/futs\/futs-pehd-plastiques-menu-deroulant\/fut-a-bondes-plastique\/\u00a0\u00bb image=\u00a0\u00bbhttps:\/\/www.mfrance.fr\/neuf\/wp-content\/uploads\/sites\/2\/2015\/10\/futs-icon.png\u00a0\u00bb alt=\u00a0\u00bbF\u00fbts\u00a0\u00bb icon_placement=\u00a0\u00bbleft\u00a0\u00bb _builder_version=\u00a0\u00bb3.0.87&Prime; background_size=\u00a0\u00bbinitial\u00a0\u00bb background_position=\u00a0\u00bbtop_left\u00a0\u00bb background_repeat=\u00a0\u00bbrepeat\u00a0\u00bb background_layout=\u00a0\u00bbdark\u00a0\u00bb animation=\u00a0\u00bboff\u00a0\u00bb use_border_color=\u00a0\u00bboff\u00a0\u00bb border_color=\u00a0\u00bb#ffffff\u00a0\u00bb border_style=\u00a0\u00bbsolid\u00a0\u00bb]<\/p>\n<p>F\u00fbt en PEHD (poly\u00e9thyl\u00e8ne Haute Densit\u00e9) et m\u00e9talliques.<\/p>\n<p>[\/et_pb_blurb][et_pb_blurb title=\u00a0\u00bbJERRICANS\u00a0\u00bb url=\u00a0\u00bbhttps:\/\/www.mfrance.fr\/neuf\/produits\/jerrican\/\u00a0\u00bb image=\u00a0\u00bbhttps:\/\/www.mfrance.fr\/neuf\/wp-content\/uploads\/sites\/2\/2015\/10\/jerricanes-icon.png\u00a0\u00bb alt=\u00a0\u00bbJERRICAN\u00a0\u00bb icon_placement=\u00a0\u00bbleft\u00a0\u00bb _builder_version=\u00a0\u00bb3.0.87&Prime; background_size=\u00a0\u00bbinitial\u00a0\u00bb background_position=\u00a0\u00bbtop_left\u00a0\u00bb background_repeat=\u00a0\u00bbrepeat\u00a0\u00bb background_layout=\u00a0\u00bbdark\u00a0\u00bb animation=\u00a0\u00bboff\u00a0\u00bb use_border_color=\u00a0\u00bboff\u00a0\u00bb border_color=\u00a0\u00bb#ffffff\u00a0\u00bb border_style=\u00a0\u00bbsolid\u00a0\u00bb]<\/p>\n<p>Emballages fabriqu\u00e9s en PEHD (Poly\u00e9thyl\u00e8ne Haute Densit\u00e9)<\/p>\n<p>[\/et_pb_blurb][\/et_pb_column][et_pb_column type=\u00a0\u00bb1_2&Prime; _builder_version=\u00a0\u00bb3.0.47&Prime; parallax=\u00a0\u00bboff\u00a0\u00bb parallax_method=\u00a0\u00bbon\u00a0\u00bb][et_pb_blurb title=\u00a0\u00bbFlacons et pots\u00a0\u00bb url=\u00a0\u00bbhttps:\/\/www.mfrance.fr\/neuf\/produits\/flacons-et-pots\/\u00a0\u00bb image=\u00a0\u00bbhttps:\/\/www.mfrance.fr\/neuf\/wp-content\/uploads\/sites\/2\/2015\/10\/flacons-icon1.png\u00a0\u00bb alt=\u00a0\u00bbFlacons et pots\u00a0\u00bb icon_placement=\u00a0\u00bbleft\u00a0\u00bb _builder_version=\u00a0\u00bb3.0.87&Prime; background_size=\u00a0\u00bbinitial\u00a0\u00bb background_position=\u00a0\u00bbtop_left\u00a0\u00bb background_repeat=\u00a0\u00bbrepeat\u00a0\u00bb background_layout=\u00a0\u00bbdark\u00a0\u00bb animation=\u00a0\u00bboff\u00a0\u00bb use_border_color=\u00a0\u00bboff\u00a0\u00bb border_color=\u00a0\u00bb#ffffff\u00a0\u00bb border_style=\u00a0\u00bbsolid\u00a0\u00bb]<\/p>\n<p>Gamme de flacons et pots en PEHD de 30 \u00e0 3000ml<\/p>\n<p>[\/et_pb_blurb][et_pb_blurb title=\u00a0\u00bbContainers \u2013 IBC \u2013 GRV\u00a0\u00bb url=\u00a0\u00bbhttps:\/\/www.mfrance.fr\/neuf\/produits\/containers-ibc-grv\/ibc-neufs\/\u00a0\u00bb image=\u00a0\u00bbhttps:\/\/www.mfrance.fr\/neuf\/wp-content\/uploads\/sites\/2\/2015\/10\/container1.png\u00a0\u00bb alt=\u00a0\u00bbContainers \u2013 IBC \u2013 GRV\u00a0\u00bb icon_placement=\u00a0\u00bbleft\u00a0\u00bb _builder_version=\u00a0\u00bb3.0.87&Prime; background_size=\u00a0\u00bbinitial\u00a0\u00bb background_position=\u00a0\u00bbtop_left\u00a0\u00bb background_repeat=\u00a0\u00bbrepeat\u00a0\u00bb background_layout=\u00a0\u00bbdark\u00a0\u00bb animation=\u00a0\u00bboff\u00a0\u00bb use_border_color=\u00a0\u00bboff\u00a0\u00bb border_color=\u00a0\u00bb#ffffff\u00a0\u00bb border_style=\u00a0\u00bbsolid\u00a0\u00bb]<\/p>\n<p>Containers IBC Neufs, IBC poche neuve &#8211; Alimentaire, IBC ADBlue.<\/p>\n<p>[\/et_pb_blurb][et_pb_blurb title=\u00a0\u00bbAccessoires\u00a0\u00bb url=\u00a0\u00bbhttps:\/\/www.mfrance.fr\/neuf\/produits\/accessoires\/accessoires-et-pieces-detachees-pour-ibc\/\u00a0\u00bb image=\u00a0\u00bbhttps:\/\/www.mfrance.fr\/neuf\/wp-content\/uploads\/sites\/2\/2015\/10\/accesoires-icon1.png\u00a0\u00bb alt=\u00a0\u00bbAccessoires\u00a0\u00bb icon_placement=\u00a0\u00bbleft\u00a0\u00bb _builder_version=\u00a0\u00bb3.0.87&Prime; background_size=\u00a0\u00bbinitial\u00a0\u00bb background_position=\u00a0\u00bbtop_left\u00a0\u00bb background_repeat=\u00a0\u00bbrepeat\u00a0\u00bb background_layout=\u00a0\u00bbdark\u00a0\u00bb animation=\u00a0\u00bboff\u00a0\u00bb use_border_color=\u00a0\u00bboff\u00a0\u00bb border_color=\u00a0\u00bb#ffffff\u00a0\u00bb border_style=\u00a0\u00bbsolid\u00a0\u00bb]<\/p>\n<p>Accessoires pour f\u00fbts plastiques et m\u00e9talliques, pour conteneurs, jerricans&#8230;<\/p>\n<p>[\/et_pb_blurb][\/et_pb_column][\/et_pb_row][\/et_pb_section][et_pb_section fb_built=\u00a0\u00bb1&Prime; custom_padding_last_edited=\u00a0\u00bbon|desktop\u00a0\u00bb module_class=\u00a0\u00bbnos-marches\u00a0\u00bb _builder_version=\u00a0\u00bb3.0.74&Prime; custom_padding_tablet=\u00a0\u00bb50px|0|50px|0&Prime; transparent_background=\u00a0\u00bboff\u00a0\u00bb padding_mobile=\u00a0\u00bboff\u00a0\u00bb][et_pb_row _builder_version=\u00a0\u00bb3.0.47&Prime; background_size=\u00a0\u00bbinitial\u00a0\u00bb background_position=\u00a0\u00bbtop_left\u00a0\u00bb background_repeat=\u00a0\u00bbrepeat\u00a0\u00bb][et_pb_column type=\u00a0\u00bb4_4&Prime; _builder_version=\u00a0\u00bb3.0.47&Prime; parallax=\u00a0\u00bboff\u00a0\u00bb parallax_method=\u00a0\u00bbon\u00a0\u00bb][et_pb_text _builder_version=\u00a0\u00bb3.0.87&Prime; background_size=\u00a0\u00bbinitial\u00a0\u00bb background_position=\u00a0\u00bbtop_left\u00a0\u00bb background_repeat=\u00a0\u00bbrepeat\u00a0\u00bb text_orientation=\u00a0\u00bbcenter\u00a0\u00bb module_alignment=\u00a0\u00bbcenter\u00a0\u00bb use_border_color=\u00a0\u00bboff\u00a0\u00bb border_color=\u00a0\u00bb#ffffff\u00a0\u00bb border_style=\u00a0\u00bbsolid\u00a0\u00bb]<\/p>\n<h1>Nos march\u00e9s<\/h1>\n<p>[\/et_pb_text][\/et_pb_column][\/et_pb_row][\/et_pb_section][et_pb_section fb_built=\u00a0\u00bb1&Prime; custom_padding_last_edited=\u00a0\u00bbon|desktop\u00a0\u00bb _builder_version=\u00a0\u00bb3.0.74&Prime; background_color=\u00a0\u00bb#ededed\u00a0\u00bb custom_padding_tablet=\u00a0\u00bb50px|0|50px|0&Prime; transparent_background=\u00a0\u00bboff\u00a0\u00bb padding_mobile=\u00a0\u00bboff\u00a0\u00bb][et_pb_row _builder_version=\u00a0\u00bb3.0.47&Prime; background_size=\u00a0\u00bbinitial\u00a0\u00bb background_position=\u00a0\u00bbtop_left\u00a0\u00bb background_repeat=\u00a0\u00bbrepeat\u00a0\u00bb][et_pb_column type=\u00a0\u00bb4_4&Prime; _builder_version=\u00a0\u00bb3.0.47&Prime; parallax=\u00a0\u00bboff\u00a0\u00bb parallax_method=\u00a0\u00bbon\u00a0\u00bb][et_pb_text _builder_version=\u00a0\u00bb3.0.87&Prime; background_size=\u00a0\u00bbinitial\u00a0\u00bb background_position=\u00a0\u00bbtop_left\u00a0\u00bb background_repeat=\u00a0\u00bbrepeat\u00a0\u00bb use_border_color=\u00a0\u00bboff\u00a0\u00bb border_color=\u00a0\u00bb#ffffff\u00a0\u00bb border_style=\u00a0\u00bbsolid\u00a0\u00bb]<\/p>\n<h1>Qui sommes nous ?<\/h1>\n<p>[\/et_pb_text][\/et_pb_column][\/et_pb_row][et_pb_row _builder_version=\u00a0\u00bb3.0.47&Prime; background_size=\u00a0\u00bbinitial\u00a0\u00bb background_position=\u00a0\u00bbtop_left\u00a0\u00bb background_repeat=\u00a0\u00bbrepeat\u00a0\u00bb][et_pb_column type=\u00a0\u00bb2_3&Prime; _builder_version=\u00a0\u00bb3.0.47&Prime; parallax=\u00a0\u00bboff\u00a0\u00bb parallax_method=\u00a0\u00bbon\u00a0\u00bb][et_pb_text _builder_version=\u00a0\u00bb3.0.87&Prime; background_size=\u00a0\u00bbinitial\u00a0\u00bb background_position=\u00a0\u00bbtop_left\u00a0\u00bb background_repeat=\u00a0\u00bbrepeat\u00a0\u00bb use_border_color=\u00a0\u00bboff\u00a0\u00bb border_color=\u00a0\u00bb#ffffff\u00a0\u00bb border_style=\u00a0\u00bbsolid\u00a0\u00bb]La soci\u00e9t\u00e9 M.France est n\u00e9e en 1987 sous le nom de Mamor France, en partenariat, avec 2 grands fabricants<strong> d\u2019emballage plastique<\/strong> italien \u00ab <strong>Mamor<\/strong> \u00bb et \u00ab <strong>Casone<\/strong> \u00bb.<\/p>\n<p>En 2005, la soci\u00e9t\u00e9 Mamor a c\u00e9d\u00e9 son activit\u00e9 aux \u00e9tablissements Mauser, fabriquant mondial d\u2019<strong>emballage<\/strong>.<\/p>\n<p>Depuis, M.France continue toujours son activit\u00e9 avec la m\u00eame gamme, avec en compl\u00e9ment des <strong>emballages r\u00e9nov\u00e9<\/strong>s et divers accessoires.<\/p>\n<p>M.France est une soci\u00e9t\u00e9 qui peut r\u00e9pondre tr\u00e8s rapidement \u00e0 toutes vos exigences, avec le souci permanent de satisfaire tous ses clients.<\/p>\n<p><a class=\"en-savoir-plus\" href=\"https:\/\/www.mfrance.fr\/neuf\/qui-sommes-nous\/\">En savoir plus<\/a><br \/>\n[\/et_pb_text][\/et_pb_column][et_pb_column type=\u00a0\u00bb1_3&Prime; _builder_version=\u00a0\u00bb3.0.47&Prime; parallax=\u00a0\u00bboff\u00a0\u00bb parallax_method=\u00a0\u00bbon\u00a0\u00bb][et_pb_image src=\u00a0\u00bbhttps:\/\/www.mfrance.fr\/neuf\/wp-content\/uploads\/sites\/2\/2015\/10\/qui-somme-nous.jpg\u00a0\u00bb _builder_version=\u00a0\u00bb3.0.87&Prime; background_size=\u00a0\u00bbinitial\u00a0\u00bb background_position=\u00a0\u00bbtop_left\u00a0\u00bb background_repeat=\u00a0\u00bbrepeat\u00a0\u00bb use_border_color=\u00a0\u00bboff\u00a0\u00bb border_color=\u00a0\u00bb#ffffff\u00a0\u00bb border_style=\u00a0\u00bbsolid\u00a0\u00bb animation=\u00a0\u00bboff\u00a0\u00bb sticky=\u00a0\u00bboff\u00a0\u00bb][\/et_pb_image][\/et_pb_column][\/et_pb_row][\/et_pb_section][et_pb_section fb_built=\u00a0\u00bb1&Prime; custom_padding_last_edited=\u00a0\u00bbon|desktop\u00a0\u00bb _builder_version=\u00a0\u00bb3.0.74&Prime; background_color=\u00a0\u00bb#1370a9&Prime; custom_padding_tablet=\u00a0\u00bb50px|0|50px|0&Prime; transparent_background=\u00a0\u00bboff\u00a0\u00bb padding_mobile=\u00a0\u00bboff\u00a0\u00bb][et_pb_row _builder_version=\u00a0\u00bb3.0.47&Prime; background_size=\u00a0\u00bbinitial\u00a0\u00bb background_position=\u00a0\u00bbtop_left\u00a0\u00bb background_repeat=\u00a0\u00bbrepeat\u00a0\u00bb][et_pb_column type=\u00a0\u00bb4_4&Prime; _builder_version=\u00a0\u00bb3.0.47&Prime; parallax=\u00a0\u00bboff\u00a0\u00bb parallax_method=\u00a0\u00bbon\u00a0\u00bb][et_pb_text _builder_version=\u00a0\u00bb3.0.87&Prime; background_size=\u00a0\u00bbinitial\u00a0\u00bb background_position=\u00a0\u00bbtop_left\u00a0\u00bb background_repeat=\u00a0\u00bbrepeat\u00a0\u00bb text_orientation=\u00a0\u00bbcenter\u00a0\u00bb background_layout=\u00a0\u00bbdark\u00a0\u00bb module_alignment=\u00a0\u00bbcenter\u00a0\u00bb use_border_color=\u00a0\u00bboff\u00a0\u00bb border_color=\u00a0\u00bb#ffffff\u00a0\u00bb border_style=\u00a0\u00bbsolid\u00a0\u00bb]<\/p>\n<h1>Des emballages s\u00fbrs pour une utilisation optimale !<\/h1>\n<p>[\/et_pb_text][\/et_pb_column][\/et_pb_row][\/et_pb_section][et_pb_section fb_built=\u00a0\u00bb1&Prime; _builder_version=\u00a0\u00bb3.0.47&Prime;][et_pb_row _builder_version=\u00a0\u00bb3.0.47&Prime; background_size=\u00a0\u00bbinitial\u00a0\u00bb background_position=\u00a0\u00bbtop_left\u00a0\u00bb background_repeat=\u00a0\u00bbrepeat\u00a0\u00bb][et_pb_column type=\u00a0\u00bb2_3&Prime; _builder_version=\u00a0\u00bb3.0.47&Prime; parallax=\u00a0\u00bboff\u00a0\u00bb parallax_method=\u00a0\u00bbon\u00a0\u00bb][et_pb_text _builder_version=\u00a0\u00bb3.0.87&Prime; background_size=\u00a0\u00bbinitial\u00a0\u00bb background_position=\u00a0\u00bbtop_left\u00a0\u00bb background_repeat=\u00a0\u00bbrepeat\u00a0\u00bb use_border_color=\u00a0\u00bboff\u00a0\u00bb border_color=\u00a0\u00bb#ffffff\u00a0\u00bb border_style=\u00a0\u00bbsolid\u00a0\u00bb]<\/p>\n<ul>\n<li>Une gamme de produits \u00e9tendue et vari\u00e9e r\u00e9pondant \u00e0 tous vos besoins.<\/li>\n<li>Une qualit\u00e9 de produits irr\u00e9prochable r\u00e9pondant aux derni\u00e8res normes europ\u00e9ennes<\/li>\n<li>Des produits innovants qui suivent l\u2019\u00e9volution du march\u00e9.<\/li>\n<li>Un processus de fabrication d\u2019emballages \u00e0 la pointe de la technologie dans un souci perp\u00e9tuel d\u2019am\u00e9lioration.<\/li>\n<\/ul>\n<p>[\/et_pb_text][\/et_pb_column][et_pb_column type=\u00a0\u00bb1_3&Prime; _builder_version=\u00a0\u00bb3.0.47&Prime; parallax=\u00a0\u00bboff\u00a0\u00bb parallax_method=\u00a0\u00bbon\u00a0\u00bb][et_pb_image src=\u00a0\u00bbhttps:\/\/www.mfrance.fr\/neuf\/wp-content\/uploads\/sites\/2\/2015\/10\/photo-accueil.jpg\u00a0\u00bb _builder_version=\u00a0\u00bb3.0.87&Prime; use_border_color=\u00a0\u00bboff\u00a0\u00bb border_color=\u00a0\u00bb#ffffff\u00a0\u00bb border_style=\u00a0\u00bbsolid\u00a0\u00bb animation=\u00a0\u00bboff\u00a0\u00bb sticky=\u00a0\u00bboff\u00a0\u00bb][\/et_pb_image][\/et_pb_column][\/et_pb_row][\/et_pb_section]<\/p>\n","protected":false},"excerpt":{"rendered":"<p>Seau Plastique Homologu\u00e9 ONU et Alimentaire.F\u00fbt en PEHD (poly\u00e9thyl\u00e8ne Haute Densit\u00e9) et m\u00e9talliques.Emballages fabriqu\u00e9s en PEHD (Poly\u00e9thyl\u00e8ne Haute Densit\u00e9)Gamme de flacons et pots en PEHD de 30 \u00e0 3000mlContainers IBC Neufs, IBC poche neuve &#8211; Alimentaire, IBC ADBlue.Accessoires pour f\u00fbts plastiques et m\u00e9talliques, pour conteneurs, jerricans&#8230;Nos march\u00e9s Qui sommes nous ? La soci\u00e9t\u00e9 M.France est [&hellip;]<\/p>\n","protected":false},"author":1,"featured_media":0,"parent":0,"menu_order":0,"comment_status":"closed","ping_status":"closed","template":"","meta":{"_et_pb_use_builder":"on","_et_pb_old_content":"","_et_gb_content_width":"","footnotes":""},"class_list":["post-37","page","type-page","status-publish","hentry"],"_links":{"self":[{"href":"https:\/\/www.mfrance.fr\/neuf\/wp-json\/wp\/v2\/pages\/37","targetHints":{"allow":["GET"]}}],"collection":[{"href":"https:\/\/www.mfrance.fr\/neuf\/wp-json\/wp\/v2\/pages"}],"about":[{"href":"https:\/\/www.mfrance.fr\/neuf\/wp-json\/wp\/v2\/types\/page"}],"author":[{"embeddable":true,"href":"https:\/\/www.mfrance.fr\/neuf\/wp-json\/wp\/v2\/users\/1"}],"replies":[{"embeddable":true,"href":"https:\/\/www.mfrance.fr\/neuf\/wp-json\/wp\/v2\/comments?post=37"}],"version-history":[{"count":60,"href":"https:\/\/www.mfrance.fr\/neuf\/wp-json\/wp\/v2\/pages\/37\/revisions"}],"predecessor-version":[{"id":762,"href":"https:\/\/www.mfrance.fr\/neuf\/wp-json\/wp\/v2\/pages\/37\/revisions\/762"}],"wp:attachment":[{"href":"https:\/\/www.mfrance.fr\/neuf\/wp-json\/wp\/v2\/media?parent=37"}],"curies":[{"name":"wp","href":"https:\/\/api.w.org\/{rel}","templated":true}]}}