{"id":84,"date":"2015-10-16T15:18:49","date_gmt":"2015-10-16T14:18:49","guid":{"rendered":"http:\/\/www.mfrance.fr\/neuf\/?page_id=84"},"modified":"2019-10-30T10:35:42","modified_gmt":"2019-10-30T09:35:42","slug":"chimiecosmetique","status":"publish","type":"page","link":"https:\/\/www.mfrance.fr\/neuf\/nos-marches\/chimiecosmetique\/","title":{"rendered":"Chimie"},"content":{"rendered":"<p>[et_pb_section fb_built=\u00a0\u00bb1&Prime; fullwidth=\u00a0\u00bbon\u00a0\u00bb custom_padding_last_edited=\u00a0\u00bbon|desktop\u00a0\u00bb admin_label=\u00a0\u00bbsection\u00a0\u00bb _builder_version=\u00a0\u00bb3.0.74&Prime; background_color=\u00a0\u00bb#04235e\u00a0\u00bb custom_padding_tablet=\u00a0\u00bb50px|0|50px|0&Prime; transparent_background=\u00a0\u00bboff\u00a0\u00bb padding_mobile=\u00a0\u00bboff\u00a0\u00bb][et_pb_fullwidth_header title=\u00a0\u00bbChimie\u00a0\u00bb admin_label=\u00a0\u00bbEn-t\u00eate plein \u00e9cran\u00a0\u00bb _builder_version=\u00a0\u00bb3.2&Prime; background_color=\u00a0\u00bbrgba(255, 255, 255, 0)\u00a0\u00bb] [\/et_pb_fullwidth_header][\/et_pb_section][et_pb_section fb_built=\u00a0\u00bb1&Prime; admin_label=\u00a0\u00bbsection\u00a0\u00bb _builder_version=\u00a0\u00bb3.0.47&Prime;][et_pb_row admin_label=\u00a0\u00bbrow\u00a0\u00bb _builder_version=\u00a0\u00bb3.0.48&Prime; background_size=\u00a0\u00bbinitial\u00a0\u00bb background_position=\u00a0\u00bbtop_left\u00a0\u00bb background_repeat=\u00a0\u00bbrepeat\u00a0\u00bb][et_pb_column type=\u00a0\u00bb2_3&Prime; _builder_version=\u00a0\u00bb3.0.47&Prime; parallax=\u00a0\u00bboff\u00a0\u00bb parallax_method=\u00a0\u00bbon\u00a0\u00bb][et_pb_text admin_label=\u00a0\u00bbTexte\u00a0\u00bb _builder_version=\u00a0\u00bb3.0.87&Prime; background_size=\u00a0\u00bbinitial\u00a0\u00bb background_position=\u00a0\u00bbtop_left\u00a0\u00bb background_repeat=\u00a0\u00bbrepeat\u00a0\u00bb use_border_color=\u00a0\u00bboff\u00a0\u00bb border_color=\u00a0\u00bb#ffffff\u00a0\u00bb border_style=\u00a0\u00bbsolid\u00a0\u00bb]<\/p>\n<h2>Secteur Chimique<\/h2>\n<p>Solutions d\u2019emballages de vos Productions et reconditionnement de vos produits chimiques.<br \/>\nTransport et stockages en toute s\u00e9curit\u00e9 de produits.<\/p>\n<ul>\n<li>Chimiques (colles, solvants, engrais, traitement des eaux, chimie min\u00e9rale,<br \/>\nchimie organique\u2026)<\/li>\n<li>P\u00e9troliers (bitume, lubrifiants, gazole, fioul, paraffine, k\u00e9ros\u00e8ne\u2026)<\/li>\n<li>Peintures (solvants, laques, peintures, vernis, poudre, colorants\u2026)<\/li>\n<li>Produits d\u2019entretien (d\u00e9graissants, savons, lessives, d\u00e9tergents\u2026)<\/li>\n<\/ul>\n<p>[\/et_pb_text][\/et_pb_column][et_pb_column type=\u00a0\u00bb1_3&Prime; _builder_version=\u00a0\u00bb3.0.47&Prime; parallax=\u00a0\u00bboff\u00a0\u00bb parallax_method=\u00a0\u00bbon\u00a0\u00bb][\/et_pb_column][\/et_pb_row][\/et_pb_section]<\/p>\n","protected":false},"excerpt":{"rendered":"<p>Secteur Chimique Solutions d\u2019emballages de vos Productions et reconditionnement de vos produits chimiques. Transport et stockages en toute s\u00e9curit\u00e9 de produits. Chimiques (colles, solvants, engrais, traitement des eaux, chimie min\u00e9rale, chimie organique\u2026) P\u00e9troliers (bitume, lubrifiants, gazole, fioul, paraffine, k\u00e9ros\u00e8ne\u2026) Peintures (solvants, laques, peintures, vernis, poudre, colorants\u2026) Produits d\u2019entretien (d\u00e9graissants, savons, lessives, d\u00e9tergents\u2026)<\/p>\n","protected":false},"author":1,"featured_media":0,"parent":38,"menu_order":0,"comment_status":"closed","ping_status":"closed","template":"","meta":{"_et_pb_use_builder":"on","_et_pb_old_content":"","_et_gb_content_width":"","footnotes":""},"class_list":["post-84","page","type-page","status-publish","hentry"],"_links":{"self":[{"href":"https:\/\/www.mfrance.fr\/neuf\/wp-json\/wp\/v2\/pages\/84","targetHints":{"allow":["GET"]}}],"collection":[{"href":"https:\/\/www.mfrance.fr\/neuf\/wp-json\/wp\/v2\/pages"}],"about":[{"href":"https:\/\/www.mfrance.fr\/neuf\/wp-json\/wp\/v2\/types\/page"}],"author":[{"embeddable":true,"href":"https:\/\/www.mfrance.fr\/neuf\/wp-json\/wp\/v2\/users\/1"}],"replies":[{"embeddable":true,"href":"https:\/\/www.mfrance.fr\/neuf\/wp-json\/wp\/v2\/comments?post=84"}],"version-history":[{"count":7,"href":"https:\/\/www.mfrance.fr\/neuf\/wp-json\/wp\/v2\/pages\/84\/revisions"}],"predecessor-version":[{"id":763,"href":"https:\/\/www.mfrance.fr\/neuf\/wp-json\/wp\/v2\/pages\/84\/revisions\/763"}],"up":[{"embeddable":true,"href":"https:\/\/www.mfrance.fr\/neuf\/wp-json\/wp\/v2\/pages\/38"}],"wp:attachment":[{"href":"https:\/\/www.mfrance.fr\/neuf\/wp-json\/wp\/v2\/media?parent=84"}],"curies":[{"name":"wp","href":"https:\/\/api.w.org\/{rel}","templated":true}]}}