{"id":86,"date":"2015-10-16T15:19:01","date_gmt":"2015-10-16T14:19:01","guid":{"rendered":"http:\/\/www.mfrance.fr\/neuf\/?page_id=86"},"modified":"2015-11-23T16:09:22","modified_gmt":"2015-11-23T15:09:22","slug":"alimentaire","status":"publish","type":"page","link":"https:\/\/www.mfrance.fr\/neuf\/nos-marches\/alimentaire\/","title":{"rendered":"Alimentaire"},"content":{"rendered":"<p>[et_pb_section admin_label=\u00a0\u00bbsection\u00a0\u00bb fullwidth=\u00a0\u00bbon\u00a0\u00bb specialty=\u00a0\u00bboff\u00a0\u00bb transparent_background=\u00a0\u00bboff\u00a0\u00bb background_color=\u00a0\u00bb#04235e\u00a0\u00bb allow_player_pause=\u00a0\u00bboff\u00a0\u00bb inner_shadow=\u00a0\u00bboff\u00a0\u00bb parallax=\u00a0\u00bboff\u00a0\u00bb parallax_method=\u00a0\u00bboff\u00a0\u00bb padding_mobile=\u00a0\u00bboff\u00a0\u00bb make_fullwidth=\u00a0\u00bboff\u00a0\u00bb use_custom_width=\u00a0\u00bboff\u00a0\u00bb width_unit=\u00a0\u00bbon\u00a0\u00bb make_equal=\u00a0\u00bboff\u00a0\u00bb use_custom_gutter=\u00a0\u00bboff\u00a0\u00bb][et_pb_fullwidth_header admin_label=\u00a0\u00bbEn-t\u00eate plein \u00e9cran\u00a0\u00bb title=\u00a0\u00bbAlimentaire\u00a0\u00bb background_layout=\u00a0\u00bbdark\u00a0\u00bb text_orientation=\u00a0\u00bbleft\u00a0\u00bb header_fullscreen=\u00a0\u00bboff\u00a0\u00bb header_scroll_down=\u00a0\u00bboff\u00a0\u00bb parallax=\u00a0\u00bboff\u00a0\u00bb parallax_method=\u00a0\u00bboff\u00a0\u00bb content_orientation=\u00a0\u00bbcenter\u00a0\u00bb image_orientation=\u00a0\u00bbcenter\u00a0\u00bb custom_button_one=\u00a0\u00bboff\u00a0\u00bb button_one_letter_spacing=\u00a0\u00bb0&Prime; button_one_use_icon=\u00a0\u00bbdefault\u00a0\u00bb button_one_icon_placement=\u00a0\u00bbright\u00a0\u00bb button_one_on_hover=\u00a0\u00bbon\u00a0\u00bb button_one_letter_spacing_hover=\u00a0\u00bb0&Prime; custom_button_two=\u00a0\u00bboff\u00a0\u00bb button_two_letter_spacing=\u00a0\u00bb0&Prime; button_two_use_icon=\u00a0\u00bbdefault\u00a0\u00bb button_two_icon_placement=\u00a0\u00bbright\u00a0\u00bb button_two_on_hover=\u00a0\u00bbon\u00a0\u00bb button_two_letter_spacing_hover=\u00a0\u00bb0&Prime;]<\/p>\n<p>[\/et_pb_fullwidth_header][\/et_pb_section][et_pb_section admin_label=\u00a0\u00bbsection\u00a0\u00bb inner_shadow=\u00a0\u00bboff\u00a0\u00bb parallax=\u00a0\u00bboff\u00a0\u00bb][et_pb_row admin_label=\u00a0\u00bbrow\u00a0\u00bb][et_pb_column type=\u00a0\u00bb2_3&Prime;][et_pb_text admin_label=\u00a0\u00bbTexte\u00a0\u00bb background_layout=\u00a0\u00bblight\u00a0\u00bb text_orientation=\u00a0\u00bbleft\u00a0\u00bb use_border_color=\u00a0\u00bboff\u00a0\u00bb border_color=\u00a0\u00bb#ffffff\u00a0\u00bb border_style=\u00a0\u00bbsolid\u00a0\u00bb]<\/p>\n<h2>Secteur Alimentaire (Agroalimentaire)<\/h2>\n<p>Solutions d\u2019emballages \u00e9conomique et fiable pour toutes vos denr\u00e9es alimentaires aussi bien conditionn\u00e9s sous forme de produits liquides, solides, poudres ou p\u00e2teux.<\/p>\n<p>Tous nos emballages sont certifi\u00e9s alimentaires.<\/p>\n<ul>\n<li>Industrie de la viande (abattoirs, conserverie, charcuterie\u2026)<\/li>\n<li>Industrie Laiti\u00e8re (lait, beurre, yaourts, fromages, cr\u00e8mes glac\u00e9es\u2026)<\/li>\n<li>Fabrication de produits \u00e9labor\u00e9s (confitures, plats cuisin\u00e9s, confiserie, chocolat, condiments, \u00e9pices\u2026)<\/li>\n<li>Fabrication d\u2019huiles, margarines et corps gras<\/li>\n<li>Fabrication de produits \u00e0 base de c\u00e9r\u00e9ales (farine, pain et p\u00e2tisserie industriels,<br \/>\nmalt, amidon, f\u00e9cules, aliments pour animaux\u2026)<\/li>\n<li>Fabrication de boissons (vins, jus de fruits, distillation d\u2019 alcool\u2026.)<\/li>\n<\/ul>\n<p>Une gamme d\u2019emballages industriels r\u00e9pondant \u00e0 vos attentes et contraintes, pour le transport ou stockages de vos marchandises en toutes s\u00e9curit\u00e9.<\/p>\n<p>[\/et_pb_text][\/et_pb_column][et_pb_column type=\u00a0\u00bb1_3&Prime;][et_pb_image admin_label=\u00a0\u00bbImage\u00a0\u00bb show_in_lightbox=\u00a0\u00bboff\u00a0\u00bb url_new_window=\u00a0\u00bboff\u00a0\u00bb animation=\u00a0\u00bboff\u00a0\u00bb sticky=\u00a0\u00bboff\u00a0\u00bb align=\u00a0\u00bbleft\u00a0\u00bb force_fullwidth=\u00a0\u00bboff\u00a0\u00bb always_center_on_mobile=\u00a0\u00bbon\u00a0\u00bb use_border_color=\u00a0\u00bbon\u00a0\u00bb border_color=\u00a0\u00bb#eaeaea\u00a0\u00bb border_style=\u00a0\u00bbsolid\u00a0\u00bb src=\u00a0\u00bbhttps:\/\/www.mfrance.fr\/neuf\/wp-content\/uploads\/sites\/2\/2015\/10\/alimentaires.jpg\u00a0\u00bb alt=\u00a0\u00bbAlimentaire\u00a0\u00bb title_text=\u00a0\u00bbAlimentaire\u00a0\u00bb border_width=\u00a0\u00bb3px\u00a0\u00bb]<\/p>\n<p>[\/et_pb_image][\/et_pb_column][\/et_pb_row][\/et_pb_section]<\/p>\n","protected":false},"excerpt":{"rendered":"<p>Secteur Alimentaire (Agroalimentaire) Solutions d\u2019emballages \u00e9conomique et fiable pour toutes vos denr\u00e9es alimentaires aussi bien conditionn\u00e9s sous forme de produits liquides, solides, poudres ou p\u00e2teux. Tous nos emballages sont certifi\u00e9s alimentaires. Industrie de la viande (abattoirs, conserverie, charcuterie\u2026) Industrie Laiti\u00e8re (lait, beurre, yaourts, fromages, cr\u00e8mes glac\u00e9es\u2026) Fabrication de produits \u00e9labor\u00e9s (confitures, plats cuisin\u00e9s, confiserie, chocolat, [&hellip;]<\/p>\n","protected":false},"author":1,"featured_media":0,"parent":38,"menu_order":0,"comment_status":"closed","ping_status":"closed","template":"","meta":{"_et_pb_use_builder":"on","_et_pb_old_content":"","_et_gb_content_width":"","footnotes":""},"class_list":["post-86","page","type-page","status-publish","hentry"],"_links":{"self":[{"href":"https:\/\/www.mfrance.fr\/neuf\/wp-json\/wp\/v2\/pages\/86","targetHints":{"allow":["GET"]}}],"collection":[{"href":"https:\/\/www.mfrance.fr\/neuf\/wp-json\/wp\/v2\/pages"}],"about":[{"href":"https:\/\/www.mfrance.fr\/neuf\/wp-json\/wp\/v2\/types\/page"}],"author":[{"embeddable":true,"href":"https:\/\/www.mfrance.fr\/neuf\/wp-json\/wp\/v2\/users\/1"}],"replies":[{"embeddable":true,"href":"https:\/\/www.mfrance.fr\/neuf\/wp-json\/wp\/v2\/comments?post=86"}],"version-history":[{"count":8,"href":"https:\/\/www.mfrance.fr\/neuf\/wp-json\/wp\/v2\/pages\/86\/revisions"}],"predecessor-version":[{"id":454,"href":"https:\/\/www.mfrance.fr\/neuf\/wp-json\/wp\/v2\/pages\/86\/revisions\/454"}],"up":[{"embeddable":true,"href":"https:\/\/www.mfrance.fr\/neuf\/wp-json\/wp\/v2\/pages\/38"}],"wp:attachment":[{"href":"https:\/\/www.mfrance.fr\/neuf\/wp-json\/wp\/v2\/media?parent=86"}],"curies":[{"name":"wp","href":"https:\/\/api.w.org\/{rel}","templated":true}]}}