{"id":92,"date":"2015-10-16T15:19:44","date_gmt":"2015-10-16T14:19:44","guid":{"rendered":"http:\/\/www.mfrance.fr\/neuf\/?page_id=92"},"modified":"2019-10-30T10:37:04","modified_gmt":"2019-10-30T09:37:04","slug":"dechets","status":"publish","type":"page","link":"https:\/\/www.mfrance.fr\/neuf\/nos-marches\/dechets\/","title":{"rendered":"D\u00e9chets"},"content":{"rendered":"<p>[et_pb_section fb_built=\u00a0\u00bb1&Prime; fullwidth=\u00a0\u00bbon\u00a0\u00bb custom_padding_last_edited=\u00a0\u00bbon|desktop\u00a0\u00bb admin_label=\u00a0\u00bbsection\u00a0\u00bb _builder_version=\u00a0\u00bb3.0.74&Prime; background_color=\u00a0\u00bb#04235e\u00a0\u00bb custom_padding_tablet=\u00a0\u00bb50px|0|50px|0&Prime; transparent_background=\u00a0\u00bboff\u00a0\u00bb padding_mobile=\u00a0\u00bboff\u00a0\u00bb][et_pb_fullwidth_header title=\u00a0\u00bbD\u00e9chets\u00a0\u00bb admin_label=\u00a0\u00bbEn-t\u00eate plein \u00e9cran\u00a0\u00bb _builder_version=\u00a0\u00bb3.2&Prime; background_color=\u00a0\u00bbrgba(255, 255, 255, 0)\u00a0\u00bb] [\/et_pb_fullwidth_header][\/et_pb_section][et_pb_section fb_built=\u00a0\u00bb1&Prime; admin_label=\u00a0\u00bbsection\u00a0\u00bb _builder_version=\u00a0\u00bb3.0.47&Prime;][et_pb_row admin_label=\u00a0\u00bbrow\u00a0\u00bb _builder_version=\u00a0\u00bb3.0.48&Prime; background_size=\u00a0\u00bbinitial\u00a0\u00bb background_position=\u00a0\u00bbtop_left\u00a0\u00bb background_repeat=\u00a0\u00bbrepeat\u00a0\u00bb][et_pb_column type=\u00a0\u00bb2_3&Prime; _builder_version=\u00a0\u00bb3.0.47&Prime; parallax=\u00a0\u00bboff\u00a0\u00bb parallax_method=\u00a0\u00bbon\u00a0\u00bb][et_pb_text admin_label=\u00a0\u00bbTexte\u00a0\u00bb _builder_version=\u00a0\u00bb3.0.87&Prime; background_size=\u00a0\u00bbinitial\u00a0\u00bb background_position=\u00a0\u00bbtop_left\u00a0\u00bb background_repeat=\u00a0\u00bbrepeat\u00a0\u00bb use_border_color=\u00a0\u00bboff\u00a0\u00bb border_color=\u00a0\u00bb#ffffff\u00a0\u00bb border_style=\u00a0\u00bbsolid\u00a0\u00bb]<\/p>\n<h2>Secteur D\u00e9chets<\/h2>\n<p>Solutions d\u2019emballages adapt\u00e9es aux conditionnements, aux stockages et aux transports de tous vos d\u00e9chets.<br \/>\nLarge gamme d\u2019emballages Neufs et R\u00e9nov\u00e9s homologu\u00e9s UN pour le transport des d\u00e9chets liquides ou solides issus de toutes industries et activit\u00e9s.<\/p>\n<ul>\n<li>D\u00e9chets dangereux soumis \u00e0 l\u2019ADR<a href=\"https:\/\/www.mfrance.fr\/neuf\/wp-content\/uploads\/sites\/2\/2015\/12\/Capture-d\u2019\u00e9cran-M.-France-D\u00e9chets.jpg\"><img loading=\"lazy\" decoding=\"async\" class=\"alignright size-medium wp-image-567\" src=\"https:\/\/www.mfrance.fr\/neuf\/wp-content\/uploads\/sites\/2\/2015\/12\/Capture-d\u2019\u00e9cran-M.-France-D\u00e9chets-300x188.jpg\" alt=\"Capture-d\u2019\u00e9cran-M.-France-D\u00e9chets\" width=\"300\" height=\"188\" srcset=\"https:\/\/www.mfrance.fr\/neuf\/wp-content\/uploads\/sites\/2\/2015\/12\/Capture-d\u2019\u00e9cran-M.-France-D\u00e9chets-300x188.jpg 300w, https:\/\/www.mfrance.fr\/neuf\/wp-content\/uploads\/sites\/2\/2015\/12\/Capture-d\u2019\u00e9cran-M.-France-D\u00e9chets-400x250.jpg 400w, https:\/\/www.mfrance.fr\/neuf\/wp-content\/uploads\/sites\/2\/2015\/12\/Capture-d\u2019\u00e9cran-M.-France-D\u00e9chets.jpg 424w\" sizes=\"(max-width: 300px) 100vw, 300px\" \/><\/a><\/li>\n<li>D\u00e9chets du monde m\u00e9dical, hospitalier et activit\u00e9s de soins<\/li>\n<li>Pour collecte de Peinture, vernis, colles\u2026.<\/li>\n<li>Pour collecte de Batterie et piles usag\u00e9s<\/li>\n<li>Pour collecte d\u2019huiles industrielles et de corps gras (friture, carburant\u2026)<\/li>\n<\/ul>\n<p>Une gamme d\u2019emballages robuste et fiable pour le transport ou stockages de vos marchandises en toute s\u00e9curit\u00e9.<br \/>\n[\/et_pb_text][\/et_pb_column][et_pb_column type=\u00a0\u00bb1_3&Prime; _builder_version=\u00a0\u00bb3.0.47&Prime; parallax=\u00a0\u00bboff\u00a0\u00bb parallax_method=\u00a0\u00bbon\u00a0\u00bb][\/et_pb_column][\/et_pb_row][\/et_pb_section]<\/p>\n","protected":false},"excerpt":{"rendered":"<p>Secteur D\u00e9chets Solutions d\u2019emballages adapt\u00e9es aux conditionnements, aux stockages et aux transports de tous vos d\u00e9chets. Large gamme d\u2019emballages Neufs et R\u00e9nov\u00e9s homologu\u00e9s UN pour le transport des d\u00e9chets liquides ou solides issus de toutes industries et activit\u00e9s. D\u00e9chets dangereux soumis \u00e0 l\u2019ADR D\u00e9chets du monde m\u00e9dical, hospitalier et activit\u00e9s de soins Pour collecte de [&hellip;]<\/p>\n","protected":false},"author":1,"featured_media":0,"parent":38,"menu_order":0,"comment_status":"closed","ping_status":"closed","template":"","meta":{"_et_pb_use_builder":"on","_et_pb_old_content":"","_et_gb_content_width":"","footnotes":""},"class_list":["post-92","page","type-page","status-publish","hentry"],"_links":{"self":[{"href":"https:\/\/www.mfrance.fr\/neuf\/wp-json\/wp\/v2\/pages\/92","targetHints":{"allow":["GET"]}}],"collection":[{"href":"https:\/\/www.mfrance.fr\/neuf\/wp-json\/wp\/v2\/pages"}],"about":[{"href":"https:\/\/www.mfrance.fr\/neuf\/wp-json\/wp\/v2\/types\/page"}],"author":[{"embeddable":true,"href":"https:\/\/www.mfrance.fr\/neuf\/wp-json\/wp\/v2\/users\/1"}],"replies":[{"embeddable":true,"href":"https:\/\/www.mfrance.fr\/neuf\/wp-json\/wp\/v2\/comments?post=92"}],"version-history":[{"count":10,"href":"https:\/\/www.mfrance.fr\/neuf\/wp-json\/wp\/v2\/pages\/92\/revisions"}],"predecessor-version":[{"id":765,"href":"https:\/\/www.mfrance.fr\/neuf\/wp-json\/wp\/v2\/pages\/92\/revisions\/765"}],"up":[{"embeddable":true,"href":"https:\/\/www.mfrance.fr\/neuf\/wp-json\/wp\/v2\/pages\/38"}],"wp:attachment":[{"href":"https:\/\/www.mfrance.fr\/neuf\/wp-json\/wp\/v2\/media?parent=92"}],"curies":[{"name":"wp","href":"https:\/\/api.w.org\/{rel}","templated":true}]}}