{"id":49,"date":"2015-10-22T13:39:10","date_gmt":"2015-10-22T12:39:10","guid":{"rendered":"http:\/\/www.mfrance.fr\/renove\/?page_id=49"},"modified":"2015-11-23T22:07:43","modified_gmt":"2015-11-23T21:07:43","slug":"accessoires-et-pieces-detachees-pour-jerricans","status":"publish","type":"page","link":"https:\/\/www.mfrance.fr\/renove\/accessoires\/accessoires-et-pieces-detachees-pour-jerricans\/","title":{"rendered":"Accessoires et Pie\u0300ces De\u0301tache\u0301es pour Jerricans"},"content":{"rendered":"<p>[et_pb_section admin_label=\u00a0\u00bbSection\u00a0\u00bb fullwidth=\u00a0\u00bbon\u00a0\u00bb specialty=\u00a0\u00bboff\u00a0\u00bb transparent_background=\u00a0\u00bboff\u00a0\u00bb background_color=\u00a0\u00bb#27bf04&Prime; allow_player_pause=\u00a0\u00bboff\u00a0\u00bb inner_shadow=\u00a0\u00bboff\u00a0\u00bb parallax=\u00a0\u00bboff\u00a0\u00bb parallax_method=\u00a0\u00bboff\u00a0\u00bb padding_mobile=\u00a0\u00bboff\u00a0\u00bb make_fullwidth=\u00a0\u00bboff\u00a0\u00bb use_custom_width=\u00a0\u00bboff\u00a0\u00bb width_unit=\u00a0\u00bbon\u00a0\u00bb make_equal=\u00a0\u00bboff\u00a0\u00bb use_custom_gutter=\u00a0\u00bboff\u00a0\u00bb][et_pb_fullwidth_header admin_label=\u00a0\u00bbEn-t\u00eate plein \u00e9cran\u00a0\u00bb title=\u00a0\u00bbAccessoires et Pie\u0300ces De\u0301tache\u0301es pour Jerricans\u00a0\u00bb background_layout=\u00a0\u00bbdark\u00a0\u00bb text_orientation=\u00a0\u00bbleft\u00a0\u00bb header_fullscreen=\u00a0\u00bboff\u00a0\u00bb header_scroll_down=\u00a0\u00bboff\u00a0\u00bb parallax=\u00a0\u00bboff\u00a0\u00bb parallax_method=\u00a0\u00bboff\u00a0\u00bb content_orientation=\u00a0\u00bbcenter\u00a0\u00bb image_orientation=\u00a0\u00bbcenter\u00a0\u00bb custom_button_one=\u00a0\u00bboff\u00a0\u00bb button_one_letter_spacing=\u00a0\u00bb0&Prime; button_one_use_icon=\u00a0\u00bbdefault\u00a0\u00bb button_one_icon_placement=\u00a0\u00bbright\u00a0\u00bb button_one_on_hover=\u00a0\u00bbon\u00a0\u00bb button_one_letter_spacing_hover=\u00a0\u00bb0&Prime; custom_button_two=\u00a0\u00bboff\u00a0\u00bb button_two_letter_spacing=\u00a0\u00bb0&Prime; button_two_use_icon=\u00a0\u00bbdefault\u00a0\u00bb button_two_icon_placement=\u00a0\u00bbright\u00a0\u00bb button_two_on_hover=\u00a0\u00bbon\u00a0\u00bb button_two_letter_spacing_hover=\u00a0\u00bb0&Prime;]<\/p>\n<p>&nbsp;<\/p>\n<p>[\/et_pb_fullwidth_header][\/et_pb_section][et_pb_section admin_label=\u00a0\u00bbsection\u00a0\u00bb][et_pb_row admin_label=\u00a0\u00bbrow\u00a0\u00bb][et_pb_column type=\u00a0\u00bb1_3&Prime;][et_pb_sidebar admin_label=\u00a0\u00bbBarre lat\u00e9rale\u00a0\u00bb orientation=\u00a0\u00bbleft\u00a0\u00bb area=\u00a0\u00bbet_pb_widget_area_1&Prime; background_layout=\u00a0\u00bbdark\u00a0\u00bb module_class=\u00a0\u00bbmenu-vertical\u00a0\u00bb remove_border=\u00a0\u00bboff\u00a0\u00bb]<\/p>\n<p>&nbsp;<\/p>\n<p>[\/et_pb_sidebar][\/et_pb_column][et_pb_column type=\u00a0\u00bb2_3&Prime;][et_pb_text admin_label=\u00a0\u00bbTexte\u00a0\u00bb background_layout=\u00a0\u00bblight\u00a0\u00bb text_orientation=\u00a0\u00bbleft\u00a0\u00bb use_border_color=\u00a0\u00bboff\u00a0\u00bb border_color=\u00a0\u00bb#ffffff\u00a0\u00bb border_style=\u00a0\u00bbsolid\u00a0\u00bb]<\/p>\n<div class=\"supsystic-table-loader spinner\" ><\/div><div id=\"supsystic-table-3_63956\" class=\"supsystic-tables-wrap \" style=\" visibility: hidden; \" ><table id=\"supsystic-table-3\" class=\"supsystic-table border lightboxImg cell-border \" data-id=\"3\" data-view-id=\"3_63956\" data-title=\"Accessoires et Pi\u00e8ces D\u00e9tach\u00e9es pour Jerricans :\" data-currency-format=\"$1,0.00\" data-percent-format=\"1.00%\" data-date-format=\"DD.MM.YYYY\" data-time-format=\"HH:mm\" data-features=\"[&quot;auto_width&quot;]\" data-lightbox-img=\"\" data-head=\"on\" data-lang=\"default\" data-override=\"{&quot;file&quot;:&quot;default&quot;,&quot;emptyTable&quot;:&quot;&quot;,&quot;info&quot;:&quot;&quot;,&quot;infoEmpty&quot;:&quot;&quot;,&quot;infoFiltered&quot;:&quot;&quot;,&quot;lengthMenu&quot;:&quot;&quot;,&quot;search&quot;:&quot;&quot;,&quot;zeroRecords&quot;:&quot;&quot;}\" data-merged=\"[{&quot;row&quot;:0,&quot;col&quot;:0,&quot;rowspan&quot;:1,&quot;colspan&quot;:2}]\" data-responsive-mode=\"1\" data-from-history=\"0\" ><thead><tr><th data-cell-id=\"A1\" data-x=\"0\" data-y=\"1\" class=\"\" data-original-value=\"Accessoires et Pi\u00e8ces D\u00e9tach\u00e9es pour Jerricans\" data-order=\"Accessoires et Pi\u00e8ces D\u00e9tach\u00e9es pour Jerricans\" data-colspan=\"2\" data-rowspan=\"1\" > Accessoires et Pi\u00e8ces D\u00e9tach\u00e9es pour Jerricans <\/th><th data-cell-id=\"B1\" data-x=\"1\" data-y=\"1\" class=\"\" data-original-value=\"\" data-order=\"\" data-hide=\"true\" ><\/th><\/tr><\/thead><tbody><tr ><td data-cell-id=\"A2\" data-x=\"0\" data-y=\"2\" class=\"\" data-original-value=\"&lt;img src=&quot;http:\/\/www.mfrance.fr\/renove\/wp-content\/uploads\/sites\/3\/2015\/11\/Capture-d\u2019\u00e9cran-2015-11-03-\u00e0-10.56.38.png&quot;\/&gt;\" data-order=\"&lt;img src=&quot;http:\/\/www.mfrance.fr\/renove\/wp-content\/uploads\/sites\/3\/2015\/11\/Capture-d\u2019\u00e9cran-2015-11-03-\u00e0-10.56.38.png&quot;\/&gt;\" ><img decoding=\"async\" src=\"http:\/\/www.mfrance.fr\/renove\/wp-content\/uploads\/sites\/3\/2015\/11\/Capture-d\u2019\u00e9cran-2015-11-03-\u00e0-10.56.38.png\"\/><\/td><td data-cell-id=\"B2\" data-x=\"1\" data-y=\"2\" class=\"\" data-original-value=\"Bouchons jerricans : &lt;\/br&gt; - Bouchons inviolables B40, 51 et 61 &lt;\/br&gt; - Joint\u00e9s ou auto joint\u00e9s de couleurs.&lt;\/br&gt; - Bouchons d\u00e9gazeurs &lt;\/br&gt; - S\u00e9curit\u00e9 enfant &lt;\/br&gt; - Robinets &lt;\/br&gt; - Bouchons doseurs b40\" data-order=\"Bouchons jerricans : &lt;\/br&gt; - Bouchons inviolables B40, 51 et 61 &lt;\/br&gt; - Joint\u00e9s ou auto joint\u00e9s de couleurs.&lt;\/br&gt; - Bouchons d\u00e9gazeurs &lt;\/br&gt; - S\u00e9curit\u00e9 enfant &lt;\/br&gt; - Robinets &lt;\/br&gt; - Bouchons doseurs b40\" > Bouchons jerricans : <\/br> - Bouchons inviolables B40, 51 et 61 <\/br> - Joint\u00e9s ou auto joint\u00e9s de couleurs.<\/br> - Bouchons d\u00e9gazeurs <\/br> - S\u00e9curit\u00e9 enfant <\/br> - Robinets <\/br> - Bouchons doseurs b40 <\/td><\/tr><tr ><td data-cell-id=\"A3\" data-x=\"0\" data-y=\"3\" class=\"\" data-original-value=\"&lt;img src=&quot;http:\/\/www.mfrance.fr\/renove\/wp-content\/uploads\/sites\/3\/2015\/11\/Capture-d\u2019\u00e9cran-2015-11-03-\u00e0-10.56.54.png&quot;\/&gt;\" data-order=\"&lt;img src=&quot;http:\/\/www.mfrance.fr\/renove\/wp-content\/uploads\/sites\/3\/2015\/11\/Capture-d\u2019\u00e9cran-2015-11-03-\u00e0-10.56.54.png&quot;\/&gt;\" ><img decoding=\"async\" src=\"http:\/\/www.mfrance.fr\/renove\/wp-content\/uploads\/sites\/3\/2015\/11\/Capture-d\u2019\u00e9cran-2015-11-03-\u00e0-10.56.54.png\"\/><\/td><td data-cell-id=\"B3\" data-x=\"1\" data-y=\"3\" class=\"\" data-original-value=\"Bec verseur jerrican\" data-order=\"Bec verseur jerrican\" > Bec verseur jerrican <\/td><\/tr><tr ><td data-cell-id=\"A4\" data-x=\"0\" data-y=\"4\" class=\"\" data-original-value=\"&lt;img src=&quot;http:\/\/www.mfrance.fr\/renove\/wp-content\/uploads\/sites\/3\/2015\/11\/Capture-d\u2019\u00e9cran-2015-11-03-\u00e0-10.57.01.png&quot;\/&gt;\" data-order=\"&lt;img src=&quot;http:\/\/www.mfrance.fr\/renove\/wp-content\/uploads\/sites\/3\/2015\/11\/Capture-d\u2019\u00e9cran-2015-11-03-\u00e0-10.57.01.png&quot;\/&gt;\" ><img decoding=\"async\" src=\"http:\/\/www.mfrance.fr\/renove\/wp-content\/uploads\/sites\/3\/2015\/11\/Capture-d\u2019\u00e9cran-2015-11-03-\u00e0-10.57.01.png\"\/><\/td><td data-cell-id=\"B4\" data-x=\"1\" data-y=\"4\" class=\"\" data-original-value=\"Clefs de serrages\" data-order=\"Clefs de serrages\" > Clefs de serrages <\/td><\/tr><\/tbody><\/table><!-- \/#supsystic-table-3.supsystic-table --><\/div><!-- \/.supsystic-tables-wrap --><!-- Tables Generator by Supsystic --><!-- Version: 1.8.6 --><!-- http:\/\/supsystic.com\/ -->\n<p>[\/et_pb_text][\/et_pb_column][\/et_pb_row][\/et_pb_section]<\/p>\n","protected":false},"excerpt":{"rendered":"<div class=\"supsystic-table-loader spinner\" ><\/div><div id=\"supsystic-table-3_63956\" class=\"supsystic-tables-wrap \" style=\" visibility: hidden; \" ><table id=\"supsystic-table-3\" class=\"supsystic-table border lightboxImg cell-border \" data-id=\"3\" data-view-id=\"3_63956\" data-title=\"Accessoires et Pi\u00e8ces D\u00e9tach\u00e9es pour Jerricans :\" data-currency-format=\"$1,0.00\" data-percent-format=\"1.00%\" data-date-format=\"DD.MM.YYYY\" data-time-format=\"HH:mm\" data-features=\"[&quot;auto_width&quot;]\" data-lightbox-img=\"\" data-head=\"on\" data-lang=\"default\" data-override=\"{&quot;file&quot;:&quot;default&quot;,&quot;emptyTable&quot;:&quot;&quot;,&quot;info&quot;:&quot;&quot;,&quot;infoEmpty&quot;:&quot;&quot;,&quot;infoFiltered&quot;:&quot;&quot;,&quot;lengthMenu&quot;:&quot;&quot;,&quot;search&quot;:&quot;&quot;,&quot;zeroRecords&quot;:&quot;&quot;}\" data-merged=\"[{&quot;row&quot;:0,&quot;col&quot;:0,&quot;rowspan&quot;:1,&quot;colspan&quot;:2}]\" data-responsive-mode=\"1\" data-from-history=\"0\" ><thead><tr><th data-cell-id=\"A1\" data-x=\"0\" data-y=\"1\" class=\"\" data-original-value=\"Accessoires et Pi\u00e8ces D\u00e9tach\u00e9es pour Jerricans\" data-order=\"Accessoires et Pi\u00e8ces D\u00e9tach\u00e9es pour Jerricans\" data-colspan=\"2\" data-rowspan=\"1\" > Accessoires et Pi\u00e8ces D\u00e9tach\u00e9es pour Jerricans <\/th><th data-cell-id=\"B1\" data-x=\"1\" data-y=\"1\" class=\"\" data-original-value=\"\" data-order=\"\" data-hide=\"true\" ><\/th><\/tr><\/thead><tbody><tr ><td data-cell-id=\"A2\" data-x=\"0\" data-y=\"2\" class=\"\" data-original-value=\"&lt;img src=&quot;http:\/\/www.mfrance.fr\/renove\/wp-content\/uploads\/sites\/3\/2015\/11\/Capture-d\u2019\u00e9cran-2015-11-03-\u00e0-10.56.38.png&quot;\/&gt;\" data-order=\"&lt;img src=&quot;http:\/\/www.mfrance.fr\/renove\/wp-content\/uploads\/sites\/3\/2015\/11\/Capture-d\u2019\u00e9cran-2015-11-03-\u00e0-10.56.38.png&quot;\/&gt;\" ><img decoding=\"async\" src=\"http:\/\/www.mfrance.fr\/renove\/wp-content\/uploads\/sites\/3\/2015\/11\/Capture-d\u2019\u00e9cran-2015-11-03-\u00e0-10.56.38.png\"\/><\/td><td data-cell-id=\"B2\" data-x=\"1\" data-y=\"2\" class=\"\" data-original-value=\"Bouchons jerricans : &lt;\/br&gt; - Bouchons inviolables B40, 51 et 61 &lt;\/br&gt; - Joint\u00e9s ou auto joint\u00e9s de couleurs.&lt;\/br&gt; - Bouchons d\u00e9gazeurs &lt;\/br&gt; - S\u00e9curit\u00e9 enfant &lt;\/br&gt; - Robinets &lt;\/br&gt; - Bouchons doseurs b40\" data-order=\"Bouchons jerricans : &lt;\/br&gt; - Bouchons inviolables B40, 51 et 61 &lt;\/br&gt; - Joint\u00e9s ou auto joint\u00e9s de couleurs.&lt;\/br&gt; - Bouchons d\u00e9gazeurs &lt;\/br&gt; - S\u00e9curit\u00e9 enfant &lt;\/br&gt; - Robinets &lt;\/br&gt; - Bouchons doseurs b40\" > Bouchons jerricans : <\/br> - Bouchons inviolables B40, 51 et 61 <\/br> - Joint\u00e9s ou auto joint\u00e9s de couleurs.<\/br> - Bouchons d\u00e9gazeurs <\/br> - S\u00e9curit\u00e9 enfant <\/br> - Robinets <\/br> - Bouchons doseurs b40 <\/td><\/tr><tr ><td data-cell-id=\"A3\" data-x=\"0\" data-y=\"3\" class=\"\" data-original-value=\"&lt;img src=&quot;http:\/\/www.mfrance.fr\/renove\/wp-content\/uploads\/sites\/3\/2015\/11\/Capture-d\u2019\u00e9cran-2015-11-03-\u00e0-10.56.54.png&quot;\/&gt;\" data-order=\"&lt;img src=&quot;http:\/\/www.mfrance.fr\/renove\/wp-content\/uploads\/sites\/3\/2015\/11\/Capture-d\u2019\u00e9cran-2015-11-03-\u00e0-10.56.54.png&quot;\/&gt;\" ><img decoding=\"async\" src=\"http:\/\/www.mfrance.fr\/renove\/wp-content\/uploads\/sites\/3\/2015\/11\/Capture-d\u2019\u00e9cran-2015-11-03-\u00e0-10.56.54.png\"\/><\/td><td data-cell-id=\"B3\" data-x=\"1\" data-y=\"3\" class=\"\" data-original-value=\"Bec verseur jerrican\" data-order=\"Bec verseur jerrican\" > Bec verseur jerrican <\/td><\/tr><tr ><td data-cell-id=\"A4\" data-x=\"0\" data-y=\"4\" class=\"\" data-original-value=\"&lt;img src=&quot;http:\/\/www.mfrance.fr\/renove\/wp-content\/uploads\/sites\/3\/2015\/11\/Capture-d\u2019\u00e9cran-2015-11-03-\u00e0-10.57.01.png&quot;\/&gt;\" data-order=\"&lt;img src=&quot;http:\/\/www.mfrance.fr\/renove\/wp-content\/uploads\/sites\/3\/2015\/11\/Capture-d\u2019\u00e9cran-2015-11-03-\u00e0-10.57.01.png&quot;\/&gt;\" ><img decoding=\"async\" src=\"http:\/\/www.mfrance.fr\/renove\/wp-content\/uploads\/sites\/3\/2015\/11\/Capture-d\u2019\u00e9cran-2015-11-03-\u00e0-10.57.01.png\"\/><\/td><td data-cell-id=\"B4\" data-x=\"1\" data-y=\"4\" class=\"\" data-original-value=\"Clefs de serrages\" data-order=\"Clefs de serrages\" > Clefs de serrages <\/td><\/tr><\/tbody><\/table><!-- \/#supsystic-table-3.supsystic-table --><\/div><!-- \/.supsystic-tables-wrap --><!-- Tables Generator by Supsystic --><!-- Version: 1.8.6 --><!-- http:\/\/supsystic.com\/ -->\n","protected":false},"author":1,"featured_media":0,"parent":40,"menu_order":0,"comment_status":"closed","ping_status":"closed","template":"","meta":{"_et_pb_use_builder":"on","_et_pb_old_content":"","_et_gb_content_width":"","footnotes":""},"class_list":["post-49","page","type-page","status-publish","hentry"],"_links":{"self":[{"href":"https:\/\/www.mfrance.fr\/renove\/wp-json\/wp\/v2\/pages\/49","targetHints":{"allow":["GET"]}}],"collection":[{"href":"https:\/\/www.mfrance.fr\/renove\/wp-json\/wp\/v2\/pages"}],"about":[{"href":"https:\/\/www.mfrance.fr\/renove\/wp-json\/wp\/v2\/types\/page"}],"author":[{"embeddable":true,"href":"https:\/\/www.mfrance.fr\/renove\/wp-json\/wp\/v2\/users\/1"}],"replies":[{"embeddable":true,"href":"https:\/\/www.mfrance.fr\/renove\/wp-json\/wp\/v2\/comments?post=49"}],"version-history":[{"count":15,"href":"https:\/\/www.mfrance.fr\/renove\/wp-json\/wp\/v2\/pages\/49\/revisions"}],"predecessor-version":[{"id":278,"href":"https:\/\/www.mfrance.fr\/renove\/wp-json\/wp\/v2\/pages\/49\/revisions\/278"}],"up":[{"embeddable":true,"href":"https:\/\/www.mfrance.fr\/renove\/wp-json\/wp\/v2\/pages\/40"}],"wp:attachment":[{"href":"https:\/\/www.mfrance.fr\/renove\/wp-json\/wp\/v2\/media?parent=49"}],"curies":[{"name":"wp","href":"https:\/\/api.w.org\/{rel}","templated":true}]}}