{"id":50,"date":"2015-10-22T13:39:20","date_gmt":"2015-10-22T12:39:20","guid":{"rendered":"http:\/\/www.mfrance.fr\/renove\/?page_id=50"},"modified":"2015-12-03T12:59:20","modified_gmt":"2015-12-03T11:59:20","slug":"fu%cc%82t-plastiques-ot-et-bondes","status":"publish","type":"page","link":"https:\/\/www.mfrance.fr\/renove\/futs-renoves\/fu%cc%82t-plastiques-ot-et-bondes\/","title":{"rendered":"Fu\u0302t Plastiques OT et Bondes"},"content":{"rendered":"<p>[et_pb_section admin_label=\u00a0\u00bbSection\u00a0\u00bb fullwidth=\u00a0\u00bbon\u00a0\u00bb specialty=\u00a0\u00bboff\u00a0\u00bb transparent_background=\u00a0\u00bboff\u00a0\u00bb background_color=\u00a0\u00bb#27bf04&Prime; allow_player_pause=\u00a0\u00bboff\u00a0\u00bb inner_shadow=\u00a0\u00bboff\u00a0\u00bb parallax=\u00a0\u00bboff\u00a0\u00bb parallax_method=\u00a0\u00bboff\u00a0\u00bb padding_mobile=\u00a0\u00bboff\u00a0\u00bb make_fullwidth=\u00a0\u00bboff\u00a0\u00bb use_custom_width=\u00a0\u00bboff\u00a0\u00bb width_unit=\u00a0\u00bbon\u00a0\u00bb make_equal=\u00a0\u00bboff\u00a0\u00bb use_custom_gutter=\u00a0\u00bboff\u00a0\u00bb][et_pb_fullwidth_header admin_label=\u00a0\u00bbEn-t\u00eate plein \u00e9cran\u00a0\u00bb title=\u00a0\u00bbFu\u0302t Plastiques OT et Bondes\u00a0\u00bb background_layout=\u00a0\u00bbdark\u00a0\u00bb text_orientation=\u00a0\u00bbleft\u00a0\u00bb header_fullscreen=\u00a0\u00bboff\u00a0\u00bb header_scroll_down=\u00a0\u00bboff\u00a0\u00bb parallax=\u00a0\u00bboff\u00a0\u00bb parallax_method=\u00a0\u00bboff\u00a0\u00bb content_orientation=\u00a0\u00bbcenter\u00a0\u00bb image_orientation=\u00a0\u00bbcenter\u00a0\u00bb custom_button_one=\u00a0\u00bboff\u00a0\u00bb button_one_letter_spacing=\u00a0\u00bb0&Prime; button_one_use_icon=\u00a0\u00bbdefault\u00a0\u00bb button_one_icon_placement=\u00a0\u00bbright\u00a0\u00bb button_one_on_hover=\u00a0\u00bbon\u00a0\u00bb button_one_letter_spacing_hover=\u00a0\u00bb0&Prime; custom_button_two=\u00a0\u00bboff\u00a0\u00bb button_two_letter_spacing=\u00a0\u00bb0&Prime; button_two_use_icon=\u00a0\u00bbdefault\u00a0\u00bb button_two_icon_placement=\u00a0\u00bbright\u00a0\u00bb button_two_on_hover=\u00a0\u00bbon\u00a0\u00bb button_two_letter_spacing_hover=\u00a0\u00bb0&Prime;] [\/et_pb_fullwidth_header][\/et_pb_section][et_pb_section admin_label=\u00a0\u00bbsection\u00a0\u00bb][et_pb_row admin_label=\u00a0\u00bbrow\u00a0\u00bb][et_pb_column type=\u00a0\u00bb1_3&Prime;][et_pb_sidebar admin_label=\u00a0\u00bbBarre lat\u00e9rale\u00a0\u00bb orientation=\u00a0\u00bbleft\u00a0\u00bb area=\u00a0\u00bbet_pb_widget_area_3&Prime; background_layout=\u00a0\u00bbdark\u00a0\u00bb module_class=\u00a0\u00bbmenu-vertical\u00a0\u00bb remove_border=\u00a0\u00bboff\u00a0\u00bb] [\/et_pb_sidebar][\/et_pb_column][et_pb_column type=\u00a0\u00bb2_3&Prime;][et_pb_text admin_label=\u00a0\u00bbTexte\u00a0\u00bb background_layout=\u00a0\u00bblight\u00a0\u00bb text_orientation=\u00a0\u00bbleft\u00a0\u00bb use_border_color=\u00a0\u00bboff\u00a0\u00bb border_color=\u00a0\u00bb#ffffff\u00a0\u00bb border_style=\u00a0\u00bbsolid\u00a0\u00bb]<\/p>\n<h2>F\u00fbt en PEHD R\u00e9nov\u00e9 Lav\u00e9<\/h2>\n<p>Une solution industrielle plus \u00e9cologique et responsable pour la plan\u00e8te<\/p>\n<ul>\n<li>Une qualit\u00e9 de produits d\u00e9montr\u00e9e et garantie depuis des ann\u00e9es<\/li>\n<li>Des emballages \u00e9conomiques<\/li>\n<li>Convient pour : produits chimiques, d\u00e9chets\u2026.<\/li>\n<\/ul>\n<p><strong>Accessoires : <\/strong>cerclage, couvercle, languettes de s\u00e9curit\u00e9s (m\u00e9tal ou plastique), capsules, robinets\u2026<\/p>\n<p><a href=\"https:\/\/www.mfrance.fr\/renove\/wp-content\/uploads\/sites\/3\/2015\/12\/P1070463.jpg\"><img loading=\"lazy\" decoding=\"async\" class=\"size-medium wp-image-304 aligncenter\" src=\"https:\/\/www.mfrance.fr\/renove\/wp-content\/uploads\/sites\/3\/2015\/12\/P1070463-300x114.jpg\" alt=\"P1070463\" width=\"300\" height=\"114\" srcset=\"https:\/\/www.mfrance.fr\/renove\/wp-content\/uploads\/sites\/3\/2015\/12\/P1070463-300x114.jpg 300w, https:\/\/www.mfrance.fr\/renove\/wp-content\/uploads\/sites\/3\/2015\/12\/P1070463.jpg 800w\" sizes=\"(max-width: 300px) 100vw, 300px\" \/><\/a><\/p>\n<p>&nbsp;<\/p>\n<div class=\"supsystic-table-loader spinner\" ><\/div><div id=\"supsystic-table-4_37601\" class=\"supsystic-tables-wrap \" style=\" visibility: hidden; \" ><table id=\"supsystic-table-4\" class=\"supsystic-table border lightboxImg cell-border \" data-id=\"4\" data-view-id=\"4_37601\" data-title=\"F\u00fbt Plastique OT ou Bondes R\u00e9nov\u00e9s\" data-currency-format=\"$1,0.00\" data-percent-format=\"1.00%\" data-date-format=\"DD.MM.YYYY\" data-time-format=\"HH:mm\" data-features=\"[&quot;auto_width&quot;]\" data-lightbox-img=\"\" data-head=\"on\" data-lang=\"default\" data-override=\"{&quot;file&quot;:&quot;default&quot;,&quot;emptyTable&quot;:&quot;&quot;,&quot;info&quot;:&quot;&quot;,&quot;infoEmpty&quot;:&quot;&quot;,&quot;infoFiltered&quot;:&quot;&quot;,&quot;lengthMenu&quot;:&quot;&quot;,&quot;search&quot;:&quot;&quot;,&quot;zeroRecords&quot;:&quot;&quot;}\" data-merged=\"[]\" data-responsive-mode=\"1\" data-from-history=\"0\" ><thead><tr><th data-cell-id=\"A1\" data-x=\"0\" data-y=\"1\" class=\"\" data-original-value=\"F\u00fbts Plastiques\" data-order=\"F\u00fbts Plastiques\" > F\u00fbts Plastiques <\/th><th data-cell-id=\"B1\" data-x=\"1\" data-y=\"1\" class=\"\" data-original-value=\"Capacit\u00e9\" data-order=\"Capacit\u00e9\" > Capacit\u00e9 <\/th><th data-cell-id=\"C1\" data-x=\"2\" data-y=\"1\" class=\"\" data-original-value=\"Couleur\" data-order=\"Couleur\" > Couleur <\/th><th data-cell-id=\"D1\" data-x=\"3\" data-y=\"1\" class=\"\" data-original-value=\"Sp\u00e9cifications\" data-order=\"Sp\u00e9cifications\" > Sp\u00e9cifications <\/th><\/tr><\/thead><tbody><tr ><td data-cell-id=\"A2\" data-x=\"0\" data-y=\"2\" class=\"\" data-original-value=\"R 60L OT\" data-order=\"R 60L OT\" > R 60L OT <\/td><td data-cell-id=\"B2\" data-x=\"1\" data-y=\"2\" class=\"\" data-original-value=\"60 litres\" data-order=\"60 litres\" > 60 litres <\/td><td data-cell-id=\"C2\" data-x=\"2\" data-y=\"2\" class=\"\" data-original-value=\"Bleu\" data-order=\"Bleu\" > Bleu <\/td><td data-cell-id=\"D2\" data-x=\"3\" data-y=\"2\" class=\"\" data-original-value=\"Cylindrique, cercle acier, couvercle noir\" data-order=\"Cylindrique, cercle acier, couvercle noir\" > Cylindrique, cercle acier, couvercle noir <\/td><\/tr><tr ><td data-cell-id=\"A3\" data-x=\"0\" data-y=\"3\" class=\"\" data-original-value=\"R 120L OT\" data-order=\"R 120L OT\" > R 120L OT <\/td><td data-cell-id=\"B3\" data-x=\"1\" data-y=\"3\" class=\"\" data-original-value=\"120 litres \" data-order=\"120 litres \" > 120 litres <\/td><td data-cell-id=\"C3\" data-x=\"2\" data-y=\"3\" class=\"\" data-original-value=\"Bleu \" data-order=\"Bleu \" > Bleu <\/td><td data-cell-id=\"D3\" data-x=\"3\" data-y=\"3\" class=\"\" data-original-value=\"Cylindrique, cercle acier, couvercle noir\" data-order=\"Cylindrique, cercle acier, couvercle noir\" > Cylindrique, cercle acier, couvercle noir <\/td><\/tr><tr ><td data-cell-id=\"A4\" data-x=\"0\" data-y=\"4\" class=\"\" data-original-value=\"R 150L OT \" data-order=\"R 150L OT \" > R 150L OT <\/td><td data-cell-id=\"B4\" data-x=\"1\" data-y=\"4\" class=\"\" data-original-value=\"150 litres\" data-order=\"150 litres\" > 150 litres <\/td><td data-cell-id=\"C4\" data-x=\"2\" data-y=\"4\" class=\"\" data-original-value=\"Bleu \" data-order=\"Bleu \" > Bleu <\/td><td data-cell-id=\"D4\" data-x=\"3\" data-y=\"4\" class=\"\" data-original-value=\"Cylindrique, cercle acier, couvercle noir\" data-order=\"Cylindrique, cercle acier, couvercle noir\" > Cylindrique, cercle acier, couvercle noir <\/td><\/tr><tr ><td data-cell-id=\"A5\" data-x=\"0\" data-y=\"5\" class=\"\" data-original-value=\"R 220L OT\" data-order=\"R 220L OT\" > R 220L OT <\/td><td data-cell-id=\"B5\" data-x=\"1\" data-y=\"5\" class=\"\" data-original-value=\"220 litres\" data-order=\"220 litres\" > 220 litres <\/td><td data-cell-id=\"C5\" data-x=\"2\" data-y=\"5\" class=\"\" data-original-value=\"Bleu \" data-order=\"Bleu \" > Bleu <\/td><td data-cell-id=\"D5\" data-x=\"3\" data-y=\"5\" class=\"\" data-original-value=\"Cylindrique, cercle acier, couvercle noir\" data-order=\"Cylindrique, cercle acier, couvercle noir\" > Cylindrique, cercle acier, couvercle noir <\/td><\/tr><tr ><td data-cell-id=\"A6\" data-x=\"0\" data-y=\"6\" class=\"\" data-original-value=\"R 220L BONDES 2\u2019\u2019\" data-order=\"R 220L BONDES 2\u2019\u2019\" > R 220L BONDES 2\u2019\u2019 <\/td><td data-cell-id=\"B6\" data-x=\"1\" data-y=\"6\" class=\"\" data-original-value=\"220 litres\" data-order=\"220 litres\" > 220 litres <\/td><td data-cell-id=\"C6\" data-x=\"2\" data-y=\"6\" class=\"\" data-original-value=\"Bleu \" data-order=\"Bleu \" > Bleu <\/td><td data-cell-id=\"D6\" data-x=\"3\" data-y=\"6\" class=\"\" data-original-value=\"Cylindrique\" data-order=\"Cylindrique\" > Cylindrique <\/td><\/tr><tr ><td data-cell-id=\"A7\" data-x=\"0\" data-y=\"7\" class=\"\" data-original-value=\"R 208 BONDES AMERICAINES\" data-order=\"R 208 BONDES AMERICAINES\" > R 208 BONDES AMERICAINES <\/td><td data-cell-id=\"B7\" data-x=\"1\" data-y=\"7\" class=\"\" data-original-value=\"208 litres\" data-order=\"208 litres\" > 208 litres <\/td><td data-cell-id=\"C7\" data-x=\"2\" data-y=\"7\" class=\"\" data-original-value=\"Bleu \" data-order=\"Bleu \" > Bleu <\/td><td data-cell-id=\"D7\" data-x=\"3\" data-y=\"7\" class=\"\" data-original-value=\"Cylindrique\" data-order=\"Cylindrique\" > Cylindrique <\/td><\/tr><\/tbody><\/table><!-- \/#supsystic-table-4.supsystic-table --><\/div><!-- \/.supsystic-tables-wrap --><!-- Tables Generator by Supsystic --><!-- Version: 1.8.6 --><!-- http:\/\/supsystic.com\/ -->\n<p>[\/et_pb_text][\/et_pb_column][\/et_pb_row][\/et_pb_section]<\/p>\n","protected":false},"excerpt":{"rendered":"<p>F\u00fbt en PEHD R\u00e9nov\u00e9 Lav\u00e9 Une solution industrielle plus \u00e9cologique et responsable pour la plan\u00e8te Une qualit\u00e9 de produits d\u00e9montr\u00e9e et garantie depuis des ann\u00e9es Des emballages \u00e9conomiques Convient pour : produits chimiques, d\u00e9chets\u2026. Accessoires : cerclage, couvercle, languettes de s\u00e9curit\u00e9s (m\u00e9tal ou plastique), capsules, robinets\u2026 &nbsp; <div class=\"supsystic-table-loader spinner\" ><\/div><div id=\"supsystic-table-4_37601\" class=\"supsystic-tables-wrap \" style=\" visibility: hidden; \" ><table id=\"supsystic-table-4\" class=\"supsystic-table border lightboxImg cell-border \" data-id=\"4\" data-view-id=\"4_37601\" data-title=\"F\u00fbt Plastique OT ou Bondes R\u00e9nov\u00e9s\" data-currency-format=\"$1,0.00\" data-percent-format=\"1.00%\" data-date-format=\"DD.MM.YYYY\" data-time-format=\"HH:mm\" data-features=\"[&quot;auto_width&quot;]\" data-lightbox-img=\"\" data-head=\"on\" data-lang=\"default\" data-override=\"{&quot;file&quot;:&quot;default&quot;,&quot;emptyTable&quot;:&quot;&quot;,&quot;info&quot;:&quot;&quot;,&quot;infoEmpty&quot;:&quot;&quot;,&quot;infoFiltered&quot;:&quot;&quot;,&quot;lengthMenu&quot;:&quot;&quot;,&quot;search&quot;:&quot;&quot;,&quot;zeroRecords&quot;:&quot;&quot;}\" data-merged=\"[]\" data-responsive-mode=\"1\" data-from-history=\"0\" ><thead><tr><th data-cell-id=\"A1\" data-x=\"0\" data-y=\"1\" class=\"\" data-original-value=\"F\u00fbts Plastiques\" data-order=\"F\u00fbts Plastiques\" > F\u00fbts Plastiques <\/th><th data-cell-id=\"B1\" data-x=\"1\" data-y=\"1\" class=\"\" data-original-value=\"Capacit\u00e9\" data-order=\"Capacit\u00e9\" > Capacit\u00e9 <\/th><th data-cell-id=\"C1\" data-x=\"2\" data-y=\"1\" class=\"\" data-original-value=\"Couleur\" data-order=\"Couleur\" > Couleur <\/th><th data-cell-id=\"D1\" data-x=\"3\" data-y=\"1\" class=\"\" data-original-value=\"Sp\u00e9cifications\" data-order=\"Sp\u00e9cifications\" > Sp\u00e9cifications <\/th><\/tr><\/thead><tbody><tr ><td data-cell-id=\"A2\" data-x=\"0\" data-y=\"2\" class=\"\" data-original-value=\"R 60L OT\" data-order=\"R 60L OT\" > R 60L OT <\/td><td data-cell-id=\"B2\" data-x=\"1\" data-y=\"2\" class=\"\" data-original-value=\"60 litres\" data-order=\"60 litres\" > 60 litres <\/td><td data-cell-id=\"C2\" data-x=\"2\" data-y=\"2\" class=\"\" data-original-value=\"Bleu\" data-order=\"Bleu\" > Bleu <\/td><td data-cell-id=\"D2\" data-x=\"3\" data-y=\"2\" class=\"\" data-original-value=\"Cylindrique, cercle acier, couvercle noir\" data-order=\"Cylindrique, cercle acier, couvercle noir\" > Cylindrique, cercle acier, couvercle noir <\/td><\/tr><tr ><td data-cell-id=\"A3\" data-x=\"0\" data-y=\"3\" class=\"\" data-original-value=\"R 120L OT\" data-order=\"R 120L OT\" > R 120L OT <\/td><td data-cell-id=\"B3\" data-x=\"1\" data-y=\"3\" class=\"\" data-original-value=\"120 litres \" data-order=\"120 litres \" > 120 litres <\/td><td data-cell-id=\"C3\" data-x=\"2\" data-y=\"3\" class=\"\" data-original-value=\"Bleu \" data-order=\"Bleu \" > Bleu <\/td><td data-cell-id=\"D3\" data-x=\"3\" data-y=\"3\" class=\"\" data-original-value=\"Cylindrique, cercle acier, couvercle noir\" data-order=\"Cylindrique, cercle acier, couvercle noir\" > Cylindrique, cercle acier, couvercle noir <\/td><\/tr><tr ><td data-cell-id=\"A4\" data-x=\"0\" data-y=\"4\" class=\"\" data-original-value=\"R 150L OT \" data-order=\"R 150L OT \" > R 150L OT <\/td><td data-cell-id=\"B4\" data-x=\"1\" data-y=\"4\" class=\"\" data-original-value=\"150 litres\" data-order=\"150 litres\" > 150 litres <\/td><td data-cell-id=\"C4\" data-x=\"2\" data-y=\"4\" class=\"\" data-original-value=\"Bleu \" data-order=\"Bleu \" > Bleu <\/td><td data-cell-id=\"D4\" data-x=\"3\" data-y=\"4\" class=\"\" data-original-value=\"Cylindrique, cercle acier, couvercle noir\" data-order=\"Cylindrique, cercle acier, couvercle noir\" > Cylindrique, cercle acier, couvercle noir <\/td><\/tr><tr ><td data-cell-id=\"A5\" data-x=\"0\" data-y=\"5\" class=\"\" data-original-value=\"R 220L OT\" data-order=\"R 220L OT\" > R 220L OT <\/td><td data-cell-id=\"B5\" data-x=\"1\" data-y=\"5\" class=\"\" data-original-value=\"220 litres\" data-order=\"220 litres\" > 220 litres <\/td><td data-cell-id=\"C5\" data-x=\"2\" data-y=\"5\" class=\"\" data-original-value=\"Bleu \" data-order=\"Bleu \" > Bleu <\/td><td data-cell-id=\"D5\" data-x=\"3\" data-y=\"5\" class=\"\" data-original-value=\"Cylindrique, cercle acier, couvercle noir\" data-order=\"Cylindrique, cercle acier, couvercle noir\" > Cylindrique, cercle acier, couvercle noir <\/td><\/tr><tr ><td data-cell-id=\"A6\" data-x=\"0\" data-y=\"6\" class=\"\" data-original-value=\"R 220L BONDES 2\u2019\u2019\" data-order=\"R 220L BONDES 2\u2019\u2019\" > R 220L BONDES 2\u2019\u2019 <\/td><td data-cell-id=\"B6\" data-x=\"1\" data-y=\"6\" class=\"\" data-original-value=\"220 litres\" data-order=\"220 litres\" > 220 litres <\/td><td data-cell-id=\"C6\" data-x=\"2\" data-y=\"6\" class=\"\" data-original-value=\"Bleu \" data-order=\"Bleu \" > Bleu <\/td><td data-cell-id=\"D6\" data-x=\"3\" data-y=\"6\" class=\"\" data-original-value=\"Cylindrique\" data-order=\"Cylindrique\" > Cylindrique <\/td><\/tr><tr ><td data-cell-id=\"A7\" data-x=\"0\" data-y=\"7\" class=\"\" data-original-value=\"R 208 BONDES AMERICAINES\" data-order=\"R 208 BONDES AMERICAINES\" > R 208 BONDES AMERICAINES <\/td><td data-cell-id=\"B7\" data-x=\"1\" data-y=\"7\" class=\"\" data-original-value=\"208 litres\" data-order=\"208 litres\" > 208 litres <\/td><td data-cell-id=\"C7\" data-x=\"2\" data-y=\"7\" class=\"\" data-original-value=\"Bleu \" data-order=\"Bleu \" > Bleu <\/td><td data-cell-id=\"D7\" data-x=\"3\" data-y=\"7\" class=\"\" data-original-value=\"Cylindrique\" data-order=\"Cylindrique\" > Cylindrique <\/td><\/tr><\/tbody><\/table><!-- \/#supsystic-table-4.supsystic-table --><\/div><!-- \/.supsystic-tables-wrap --><!-- Tables Generator by Supsystic --><!-- Version: 1.8.6 --><!-- http:\/\/supsystic.com\/ --><\/p>\n","protected":false},"author":1,"featured_media":0,"parent":41,"menu_order":0,"comment_status":"closed","ping_status":"closed","template":"","meta":{"_et_pb_use_builder":"on","_et_pb_old_content":"","_et_gb_content_width":"","footnotes":""},"class_list":["post-50","page","type-page","status-publish","hentry"],"_links":{"self":[{"href":"https:\/\/www.mfrance.fr\/renove\/wp-json\/wp\/v2\/pages\/50","targetHints":{"allow":["GET"]}}],"collection":[{"href":"https:\/\/www.mfrance.fr\/renove\/wp-json\/wp\/v2\/pages"}],"about":[{"href":"https:\/\/www.mfrance.fr\/renove\/wp-json\/wp\/v2\/types\/page"}],"author":[{"embeddable":true,"href":"https:\/\/www.mfrance.fr\/renove\/wp-json\/wp\/v2\/users\/1"}],"replies":[{"embeddable":true,"href":"https:\/\/www.mfrance.fr\/renove\/wp-json\/wp\/v2\/comments?post=50"}],"version-history":[{"count":8,"href":"https:\/\/www.mfrance.fr\/renove\/wp-json\/wp\/v2\/pages\/50\/revisions"}],"predecessor-version":[{"id":306,"href":"https:\/\/www.mfrance.fr\/renove\/wp-json\/wp\/v2\/pages\/50\/revisions\/306"}],"up":[{"embeddable":true,"href":"https:\/\/www.mfrance.fr\/renove\/wp-json\/wp\/v2\/pages\/41"}],"wp:attachment":[{"href":"https:\/\/www.mfrance.fr\/renove\/wp-json\/wp\/v2\/media?parent=50"}],"curies":[{"name":"wp","href":"https:\/\/api.w.org\/{rel}","templated":true}]}}