{"id":55,"date":"2015-10-22T13:39:46","date_gmt":"2015-10-22T12:39:46","guid":{"rendered":"http:\/\/www.mfrance.fr\/renove\/?page_id=55"},"modified":"2015-12-03T13:03:21","modified_gmt":"2015-12-03T12:03:21","slug":"futs-metalliques","status":"publish","type":"page","link":"https:\/\/www.mfrance.fr\/renove\/futs-renoves\/futs-metalliques\/","title":{"rendered":"F\u00fbts m\u00e9talliques"},"content":{"rendered":"<p>[et_pb_section admin_label=\u00a0\u00bbSection\u00a0\u00bb fullwidth=\u00a0\u00bbon\u00a0\u00bb specialty=\u00a0\u00bboff\u00a0\u00bb transparent_background=\u00a0\u00bboff\u00a0\u00bb background_color=\u00a0\u00bb#27bf04&Prime; allow_player_pause=\u00a0\u00bboff\u00a0\u00bb inner_shadow=\u00a0\u00bboff\u00a0\u00bb parallax=\u00a0\u00bboff\u00a0\u00bb parallax_method=\u00a0\u00bboff\u00a0\u00bb padding_mobile=\u00a0\u00bboff\u00a0\u00bb make_fullwidth=\u00a0\u00bboff\u00a0\u00bb use_custom_width=\u00a0\u00bboff\u00a0\u00bb width_unit=\u00a0\u00bbon\u00a0\u00bb make_equal=\u00a0\u00bboff\u00a0\u00bb use_custom_gutter=\u00a0\u00bboff\u00a0\u00bb][et_pb_fullwidth_header admin_label=\u00a0\u00bbEn-t\u00eate plein \u00e9cran\u00a0\u00bb title=\u00a0\u00bbF\u00fbts m\u00e9talliques\u00a0\u00bb background_layout=\u00a0\u00bbdark\u00a0\u00bb text_orientation=\u00a0\u00bbleft\u00a0\u00bb header_fullscreen=\u00a0\u00bboff\u00a0\u00bb header_scroll_down=\u00a0\u00bboff\u00a0\u00bb parallax=\u00a0\u00bboff\u00a0\u00bb parallax_method=\u00a0\u00bboff\u00a0\u00bb content_orientation=\u00a0\u00bbcenter\u00a0\u00bb image_orientation=\u00a0\u00bbcenter\u00a0\u00bb custom_button_one=\u00a0\u00bboff\u00a0\u00bb button_one_letter_spacing=\u00a0\u00bb0&Prime; button_one_use_icon=\u00a0\u00bbdefault\u00a0\u00bb button_one_icon_placement=\u00a0\u00bbright\u00a0\u00bb button_one_on_hover=\u00a0\u00bbon\u00a0\u00bb button_one_letter_spacing_hover=\u00a0\u00bb0&Prime; custom_button_two=\u00a0\u00bboff\u00a0\u00bb button_two_letter_spacing=\u00a0\u00bb0&Prime; button_two_use_icon=\u00a0\u00bbdefault\u00a0\u00bb button_two_icon_placement=\u00a0\u00bbright\u00a0\u00bb button_two_on_hover=\u00a0\u00bbon\u00a0\u00bb button_two_letter_spacing_hover=\u00a0\u00bb0&Prime;] [\/et_pb_fullwidth_header][\/et_pb_section][et_pb_section admin_label=\u00a0\u00bbsection\u00a0\u00bb][et_pb_row admin_label=\u00a0\u00bbrow\u00a0\u00bb][et_pb_column type=\u00a0\u00bb1_3&Prime;][et_pb_sidebar admin_label=\u00a0\u00bbBarre lat\u00e9rale\u00a0\u00bb orientation=\u00a0\u00bbleft\u00a0\u00bb area=\u00a0\u00bbet_pb_widget_area_3&Prime; background_layout=\u00a0\u00bbdark\u00a0\u00bb module_class=\u00a0\u00bbmenu-vertical\u00a0\u00bb remove_border=\u00a0\u00bboff\u00a0\u00bb] [\/et_pb_sidebar][\/et_pb_column][et_pb_column type=\u00a0\u00bb2_3&Prime;][et_pb_text admin_label=\u00a0\u00bbTexte\u00a0\u00bb background_layout=\u00a0\u00bblight\u00a0\u00bb text_orientation=\u00a0\u00bbleft\u00a0\u00bb use_border_color=\u00a0\u00bboff\u00a0\u00bb border_color=\u00a0\u00bb#ffffff\u00a0\u00bb border_style=\u00a0\u00bbsolid\u00a0\u00bb]<\/p>\n<h2>F\u00fbt Acier reconditionn\u00e9<\/h2>\n<ul>\n<li>F\u00fbts m\u00e9tal 200-225 litres<\/li>\n<li>F\u00fbt Ouverture Total OT Homologu\u00e9 UN Solide ou Liquide.<\/li>\n<li>F\u00fbt Ouverture Partiel OP 2 bondes Homologu\u00e9 UN Liquide. Ext\u00e9rieur repeint : Gamme RAL et s\u00e9rigraphie possible<\/li>\n<\/ul>\n<p><strong>Rev\u00eatements int\u00e9rieur :<\/strong> Phosphatation, alkyde, \u00e9poxy ph\u00e9nolique, vernis alimentaire<\/p>\n<p><strong>Valorisation <\/strong>: Aspiration des fonds r\u00e9siduels Br\u00fblage int\u00e9rieur et ext\u00e9rieur (traitement thermique) Grenaillage puis tests qualit\u00e9s (hauteur, pliage, bordage, test \u00e9tanch\u00e9it\u00e9) Peinture et rev\u00eatement int\u00e9rieur Accessoirisation (capsules, palettisation\u2026)<\/p>\n<p><strong>Reprise possible de vos emballages pour valorisation<\/strong><\/p>\n<p>&nbsp;<\/p>\n<p><a href=\"https:\/\/www.mfrance.fr\/renove\/wp-content\/uploads\/sites\/3\/2015\/12\/P1070530.jpg\"><img loading=\"lazy\" decoding=\"async\" class=\"size-medium wp-image-307 aligncenter\" src=\"https:\/\/www.mfrance.fr\/renove\/wp-content\/uploads\/sites\/3\/2015\/12\/P1070530-300x200.jpg\" alt=\"P1070530\" width=\"300\" height=\"200\" srcset=\"https:\/\/www.mfrance.fr\/renove\/wp-content\/uploads\/sites\/3\/2015\/12\/P1070530-300x200.jpg 300w, https:\/\/www.mfrance.fr\/renove\/wp-content\/uploads\/sites\/3\/2015\/12\/P1070530.jpg 800w\" sizes=\"(max-width: 300px) 100vw, 300px\" \/><\/a><\/p>\n<p>[\/et_pb_text][\/et_pb_column][\/et_pb_row][\/et_pb_section]<\/p>\n","protected":false},"excerpt":{"rendered":"<p>F\u00fbt Acier reconditionn\u00e9 F\u00fbts m\u00e9tal 200-225 litres F\u00fbt Ouverture Total OT Homologu\u00e9 UN Solide ou Liquide. F\u00fbt Ouverture Partiel OP 2 bondes Homologu\u00e9 UN Liquide. Ext\u00e9rieur repeint : Gamme RAL et s\u00e9rigraphie possible Rev\u00eatements int\u00e9rieur : Phosphatation, alkyde, \u00e9poxy ph\u00e9nolique, vernis alimentaire Valorisation : Aspiration des fonds r\u00e9siduels Br\u00fblage int\u00e9rieur et ext\u00e9rieur (traitement thermique) Grenaillage [&hellip;]<\/p>\n","protected":false},"author":1,"featured_media":0,"parent":41,"menu_order":0,"comment_status":"closed","ping_status":"closed","template":"","meta":{"_et_pb_use_builder":"on","_et_pb_old_content":"","_et_gb_content_width":"","footnotes":""},"class_list":["post-55","page","type-page","status-publish","hentry"],"_links":{"self":[{"href":"https:\/\/www.mfrance.fr\/renove\/wp-json\/wp\/v2\/pages\/55","targetHints":{"allow":["GET"]}}],"collection":[{"href":"https:\/\/www.mfrance.fr\/renove\/wp-json\/wp\/v2\/pages"}],"about":[{"href":"https:\/\/www.mfrance.fr\/renove\/wp-json\/wp\/v2\/types\/page"}],"author":[{"embeddable":true,"href":"https:\/\/www.mfrance.fr\/renove\/wp-json\/wp\/v2\/users\/1"}],"replies":[{"embeddable":true,"href":"https:\/\/www.mfrance.fr\/renove\/wp-json\/wp\/v2\/comments?post=55"}],"version-history":[{"count":5,"href":"https:\/\/www.mfrance.fr\/renove\/wp-json\/wp\/v2\/pages\/55\/revisions"}],"predecessor-version":[{"id":308,"href":"https:\/\/www.mfrance.fr\/renove\/wp-json\/wp\/v2\/pages\/55\/revisions\/308"}],"up":[{"embeddable":true,"href":"https:\/\/www.mfrance.fr\/renove\/wp-json\/wp\/v2\/pages\/41"}],"wp:attachment":[{"href":"https:\/\/www.mfrance.fr\/renove\/wp-json\/wp\/v2\/media?parent=55"}],"curies":[{"name":"wp","href":"https:\/\/api.w.org\/{rel}","templated":true}]}}